{"id":484,"date":"2009-09-28T00:00:00","date_gmt":"2009-09-27T23:00:00","guid":{"rendered":"http:\/\/www.grappa.no\/albums\/uncategorized\/les-compositions-de-ida-presti-pour-deux-guitares\/"},"modified":"2019-02-22T16:03:05","modified_gmt":"2019-02-22T15:03:05","slug":"les-compositions-de-ida-presti-pour-deux-guitares","status":"publish","type":"product","link":"https:\/\/grappa.no\/no\/albums\/simax-classics\/les-compositions-de-ida-presti-pour-deux-guitares\/","title":{"rendered":"les compositions de Ida Presti pour deux guitares"},"content":{"rendered":"<p><\/p>\n<p>Sensasjonell fransk verdenspremiere i norsk\/fransk samarbeid<\/p>\n<p>Ida Presti omtales gjerne som verdens beste gitarist. Hun ble beundret av ikonet Django Reinhardt og sammen med Alexander Lagoya dannet hun tidenes fremste og mest kjente gitarduo. N\u00e5r Simax Classics n\u00e5 kan presentere verdens f\u00f8rste innspilling av Prestis egne komposisjoner, er det en virkelig sensasjon. Prosjektet har vokst ut av samarbeidet mellom gitaristene Stein-Erik Olsen og Olivier Chassain.<\/p>\n<p>For gitarentusiaster over hele verden er det en eventyrlig glans rundt navnet Ida Presti (1924\u201367). Med sin blendende musikalitet, str\u00e5lende teknikk og sensasjonelle improvisasjonskunst var hun gitarens prinsesse. Hun komponerte en rekke fantastiske stykker for duoen hun og hennes mann Lagoya hadde sammen. Disse stykkene har ikke v\u00e6rt tilgjengelige f\u00f8r den franske gitaristen og professoren Olivier Chassain i samarbeid med Stein-Erik Olsen, professor ved Griegakdemiet, n\u00e5 har rekonstruert dem for innspilling og utgivelse p\u00e5 noter.<\/p>\n<p><!--more--><\/p>\n<p>Ida Presti omtales gjerne som verdens beste gitarist. Hun ble beundret av ikonet Django Reinhardt og sammen med Alexander Lagoya dannet hun tidenes fremste og mest kjente gitarduo. N\u00e5r Simax Classics n\u00e5 kan presentere verdens f\u00f8rste innspilling av Prestis egne komposisjoner, er det en virkelig sensasjon. Prosjektet har vokst ut av samarbeidet mellom gitaristene Stein-Erik Olsen og Olivier Chassain.<\/p>\n<h4>Vidunderbarn og verdensnavn<\/h4>\n<p>Presti debuterte som gitarist bare 10 \u00e5r gammel, p\u00e5 konsert og plate. Den eneste undervisningen hun mottok fikk hun av sin far, som gikk bort da Ida var bare 14 \u00e5r gammel. I 1952 begynte Ida og Alexander sitt samliv; b\u00e5de musikalsk og privat. Ida var av natur p\u00e5 \u00e9n gang lunefull og dyptloddende, dr\u00f8mmende og hissig, leken og melankolsk, lidenskapelig og oppr\u00f8rsk, med et kroppsliggjort og h\u00f8yst spirituelt temperament. Alle disse karaktertrekkene finner vi igjen i hennes musikk.<\/p>\n<h4>Fra den ypperste improvisasjonskunst til besjelede komposisjoner<\/h4>\n<p>Selv var Presti beskjeden p\u00e5 sine egne vegne i forhold til sine komposisjoner: \u00abJeg pretenderer absolutt ikke \u00e5 v\u00e6re komponist, bare en gitarist som skriver for sitt instrument\u00bb. Musikken vokste i stor grad ut av improvisasjoner; faktisk var hun tilbakeholden med \u00e5 notere ned musikken. Likefullt gjorde hun dette med noen av verkene, for p\u00e5 den m\u00e5ten \u00e5 hente dem ut av tiden. N\u00e5r vi h\u00f8rer musikken i dag h\u00f8rer vi en sjelden melodisk gave, sjener\u00f8st disponert gjennom de 12 stemningsfulle karakterstykkene p\u00e5 platen.<\/p>\n<h4>Innspilt p\u00e5 Presti\/Lagoyas egne instrumenter<\/h4>\n<p>Etterkommerne til Presti har holdt komposisjonsmanuskriptene upubliserte inntil n\u00e5. Olivier Chassain og Stein-Erik Olsen er begge elever av Alexander Lagoya, og det er deres nitidige arbeid som har gjort det mulig \u00e5 bringe denne musikken ut. Som en ekstra bonus har Chassain og Olsen f\u00e5tt disponere de fantastiske gitarene Bouchet bygget spesielt for duoen Presti\/Lagoya til denne innspillingen, som er gjort i Mus\u00e9e de la Musique i Paris.<\/p>\n<p><\/p>","protected":false},"excerpt":{"rendered":"<p>\u2013 til fingerspissene gjennomf\u00f8rt. [Dagsavisen]<\/p>\n","protected":false},"featured_media":27693,"comment_status":"closed","ping_status":"open","template":"","meta":[],"product_brand":[],"product_cat":[180],"product_tag":[],"class_list":{"0":"post-484","1":"product","2":"type-product","3":"status-publish","4":"has-post-thumbnail","6":"product_cat-simax-classics","7":"product_shipping_class-cddvd-shipping","8":"uni_artist_tag-arne-akselberg","9":"uni_artist_tag-ida-presti","10":"uni_artist_tag-olivier-chassain","11":"uni_artist_tag-stein-erik-olsen","12":"uni_main_artist_tag-stein-erik-olsen","13":"uni_artist_genre-classical","14":"uni_artist_genre-improvised-music","15":"uni_artist_genre-jazz","16":"uni_artist_genre-world-premiere-recording","18":"first","19":"instock","20":"taxable","21":"shipping-taxable","22":"purchasable","23":"product-type-simple"},"_links":{"self":[{"href":"https:\/\/grappa.no\/no\/wp-json\/wp\/v2\/product\/484","targetHints":{"allow":["GET"]}}],"collection":[{"href":"https:\/\/grappa.no\/no\/wp-json\/wp\/v2\/product"}],"about":[{"href":"https:\/\/grappa.no\/no\/wp-json\/wp\/v2\/types\/product"}],"replies":[{"embeddable":true,"href":"https:\/\/grappa.no\/no\/wp-json\/wp\/v2\/comments?post=484"}],"wp:featuredmedia":[{"embeddable":true,"href":"https:\/\/grappa.no\/no\/wp-json\/wp\/v2\/media\/27693"}],"wp:attachment":[{"href":"https:\/\/grappa.no\/no\/wp-json\/wp\/v2\/media?parent=484"}],"wp:term":[{"taxonomy":"product_brand","embeddable":true,"href":"https:\/\/grappa.no\/no\/wp-json\/wp\/v2\/product_brand?post=484"},{"taxonomy":"product_cat","embeddable":true,"href":"https:\/\/grappa.no\/no\/wp-json\/wp\/v2\/product_cat?post=484"},{"taxonomy":"product_tag","embeddable":true,"href":"https:\/\/grappa.no\/no\/wp-json\/wp\/v2\/product_tag?post=484"}],"curies":[{"name":"wp","href":"https:\/\/api.w.org\/{rel}","templated":true}]}}