{"id":483,"date":"2008-08-11T00:00:00","date_gmt":"2008-08-10T23:00:00","guid":{"rendered":"http:\/\/www.grappa.no\/albums\/uncategorized\/bass-trip\/"},"modified":"2019-02-22T16:03:01","modified_gmt":"2019-02-22T15:03:01","slug":"bass-trip","status":"publish","type":"product","link":"https:\/\/grappa.no\/no\/albums\/simax-classics\/bass-trip\/","title":{"rendered":"Bass Trip"},"content":{"rendered":"<p><\/p>\n<p>Bass Trip \u2013 en reise i det dype register med Norges fremste kontrabassist<\/p>\n<p>Dan Styffe, til daglig solobassist i Oslo-filharmonien, lanserer sin tredje soloplate med flunkende nytt repertoar for kontrabass. Bass Trip inneholder musikk av ni komponister, tre av dem norske. Styffe fokuserer p\u00e5 det sangbare og vokale aspektet ved kontrabassen, og samarbeider med et knippe av de fremste musikerne i Norge i dag. <\/p>\n<p>P\u00e5 Bass Trip setter Dan Styffe kontrabassen inn i nye og uventede sammenhenger. Duetter med slagverk, med cello, med bratsj i tillegg til soloverker viser en usedvanlig bredde og spilleglede. Tittelsporet munner ut i en helt magisk pas de deux med Susanna Wallumr\u00f8d p\u00e5 vokal; en vals som f\u00f8rer tankene hen mot Cohen. Lars Petter Hagens &#8216;Hymn&#8217; er skrevet for en &#8216;gigantisk, ikke-eksisterende hardingfele&#8217;, og Arvo P\u00e4rts &#8216;Spiegel im Spiegel&#8217; i versjon for bass og piano blir ogs\u00e5 et eget lite univers.<\/p>\n<p><!--more--><\/p>\n<p>Dan Styffe, til daglig solobassist i Oslo-filharmonien, lanserer sin tredje soloplate med flunkende nytt repertoar for kontrabass. Bass Trip inneholder musikk av ni komponister, tre av dem norske. Styffe fokuserer p\u00e5 det sangbare og vokale aspektet ved kontrabassen, og samarbeider med et knippe av de fremste musikerne i Norge i dag.<\/p>\n<h4>Kjente klassikere i ny form<\/h4>\n<p>Arvo P\u00e4rts legendariske Spiegel im Spiegel er kjent i mange versjoner, men ingen har tidligere framf\u00f8rt det p\u00e5 kontrabass. Styffe fikk komponistens velsignelse til \u00e5 gj\u00f8re det p\u00e5 sin m\u00e5te, og resultatet er nesten hypnotisk. Teppo Hauta-Ahos solostykke Kadenza er et av de mest popul\u00e6re og hyppigst fremf\u00f8rte verker for kontrabass i dag Stykket inneholder en rekke spilletekniske utfordringer, faktisk kan det v\u00e6re vanskelig \u00e5 tro at det bare er ett instrument som spiller.<\/p>\n<h4>Fire bestillingsverk<\/h4>\n<p>Styffe har bestilt flere av komposisjonene p\u00e5 Bass Trip, som alle griper fatt i forskjellige aspekter ved kontrabassen. Lars Petter Hagens Hymn beskriver han som \u00aben lydarsl\u00e5tt for kontrabass, ikke-eksisterende folkemusikk for en enorm, fiktiv hardingfele\u00bb. Henrik Hellstenius\u2019 Ombra della sera \u2013 Aftenskyggen \u2013 er en duo for bass og slagverk. Jon \u00d8ivind Ness finner frem til primale klanger i bass og bratsj i Gust, et stykke med m\u00f8rke undertoner.<\/p>\n<h4>Magical<\/h4>\n<p>Utgivelsens tittelspor av den latviske komponisten og bassisten Peteris Vasks, avsluttes med en vemodig vals for kontrabass og stemme. Melodien kan plystres eller synges av bassisten, men vi f\u00f8lte at denne enkle og inderlige melodien kalte p\u00e5 noe helt s\u00e6regent. Vi spurte Susanna Wallumr\u00f8d, kanskje best kjent fra Susanna And The Magical Orchestra. Resultatet er en r\u00f8rende vakker avslutning p\u00e5 en spennende \u2018bass trip\u2019 fra v\u00e5r kanskje fremste kontrabassist.<\/p>\n<p><\/p>","protected":false},"excerpt":{"rendered":"<p>\u2013 Styffe produces a performance of dark tone colours with a lyrical musical line from beginning to end. [International Record Review on the release Revisited]<\/p>\n","protected":false},"featured_media":27692,"comment_status":"closed","ping_status":"open","template":"","meta":[],"product_brand":[],"product_cat":[180],"product_tag":[],"class_list":{"0":"post-483","1":"product","2":"type-product","3":"status-publish","4":"has-post-thumbnail","6":"product_cat-simax-classics","7":"product_shipping_class-cddvd-shipping","8":"uni_artist_tag-arvo-part","9":"uni_artist_tag-catherine-bullock","10":"uni_artist_tag-dan-styffe","11":"uni_artist_tag-erik-gard-amundsen","12":"uni_artist_tag-gonzalo-moreno","13":"uni_artist_tag-hans-kristian-kjos-sorensen","14":"uni_artist_tag-henrik-hellstenius","15":"uni_artist_tag-jon-oivind-ness","16":"uni_artist_tag-lars-petter-hagen","17":"uni_artist_tag-mario-lavista","18":"uni_artist_tag-oystein-birkeland","19":"uni_artist_tag-paul-ramiser","20":"uni_artist_tag-petris-vasks","21":"uni_artist_tag-stefan-schafer","22":"uni_artist_tag-susanna-wallumrod","23":"uni_artist_tag-teppo-hauta-aho","24":"uni_main_artist_tag-dan-styffe","25":"uni_artist_genre-contemporary-music","26":"uni_artist_genre-solo","27":"uni_artist_genre-strings","29":"first","30":"instock","31":"taxable","32":"shipping-taxable","33":"purchasable","34":"product-type-simple"},"_links":{"self":[{"href":"https:\/\/grappa.no\/no\/wp-json\/wp\/v2\/product\/483","targetHints":{"allow":["GET"]}}],"collection":[{"href":"https:\/\/grappa.no\/no\/wp-json\/wp\/v2\/product"}],"about":[{"href":"https:\/\/grappa.no\/no\/wp-json\/wp\/v2\/types\/product"}],"replies":[{"embeddable":true,"href":"https:\/\/grappa.no\/no\/wp-json\/wp\/v2\/comments?post=483"}],"wp:featuredmedia":[{"embeddable":true,"href":"https:\/\/grappa.no\/no\/wp-json\/wp\/v2\/media\/27692"}],"wp:attachment":[{"href":"https:\/\/grappa.no\/no\/wp-json\/wp\/v2\/media?parent=483"}],"wp:term":[{"taxonomy":"product_brand","embeddable":true,"href":"https:\/\/grappa.no\/no\/wp-json\/wp\/v2\/product_brand?post=483"},{"taxonomy":"product_cat","embeddable":true,"href":"https:\/\/grappa.no\/no\/wp-json\/wp\/v2\/product_cat?post=483"},{"taxonomy":"product_tag","embeddable":true,"href":"https:\/\/grappa.no\/no\/wp-json\/wp\/v2\/product_tag?post=483"}],"curies":[{"name":"wp","href":"https:\/\/api.w.org\/{rel}","templated":true}]}}