{"id":482,"date":"2007-10-22T00:00:00","date_gmt":"2007-10-21T23:00:00","guid":{"rendered":"http:\/\/www.grappa.no\/albums\/uncategorized\/edvard-grieg-slatter-op-72\/"},"modified":"2019-02-22T16:02:58","modified_gmt":"2019-02-22T15:02:58","slug":"edvard-grieg-slatter-op-72","status":"publish","type":"product","link":"https:\/\/grappa.no\/no\/albums\/simax-classics\/edvard-grieg-slatter-op-72\/","title":{"rendered":"Edvard Grieg: Sl\u00e5tter op.72"},"content":{"rendered":"<p><\/p>\n<p>Innspilt i Griegs egen stue p\u00e5 Troldhaugen<\/p>\n<p>Kan man revidere selveste Grieg? Pianisten Ingfrid Breie Nyhus gj\u00f8r sin f\u00f8rste solo-CD p\u00e5 Griegs eget flygel, i Griegs egen stue p\u00e5 Troldhaugen. Mesterverket Sl\u00e5tter, op. 72, st\u00e5r p\u00e5 programmet \u2013 i en ny utgave der de opprinnelige sl\u00e5tterytmene er med inn i Griegs musikk. S\u00f8steren \u00c5shild Breie Nyhus bidrar med de originale sl\u00e5ttene p\u00e5 hardingfele.<br \/>\nKnut Dahle (1834\u20131921) l\u00e6rte sl\u00e5tter direkte fra legendariske spellemenn som Myllarguten og H\u00e5var Gib\u00f8en. P\u00e5 sine eldre dager s\u00e5 Dahle at tradisjonen var i ferd med \u00e5 d\u00f8 ut, og han tok kontakt med Edvard Grieg for \u00e5 f\u00e5 ham til \u00e5 skrive ned p\u00e5 noter de sl\u00e5ttene han hadde l\u00e6rt. Grieg var meget begeistret for prosjektet, og ga oppgaven med nedtegnelsen til fiolinisten, dirigenten og komponisten Johan Halvorsen. Resultatet ble grunnlaget for Griegs Sl\u00e5tter, op. 72, utgitt i 1903.<\/p>\n<p><!--more--><\/p>\n<p>Kan man revidere selveste Grieg? Pianisten Ingfrid Breie Nyhus gj\u00f8r sin f\u00f8rste solo-CD p\u00e5 Griegs eget flygel, i Griegs egen stue p\u00e5 Troldhaugen. Mesterverket Sl\u00e5tter, op. 72, st\u00e5r p\u00e5 programmet \u2013 i en ny utgave der de opprinnelige sl\u00e5tterytmene er med inn i Griegs musikk. S\u00f8steren \u00c5shild Breie Nyhus bidrar med de originale sl\u00e5ttene p\u00e5 hardingfele.<\/p>\n<h4><\/h4>\n<p>Men notasjon av folkemusikk byr p\u00e5 mange utfordringer som man p\u00e5 denne tiden ikke var tilstrekkelig oppmerksom p\u00e5, s\u00e6rlig med hensyn til den helt spesifikke lokale tilh\u00f8righeten \u2013 i form av musikalsk dialekt \u2013 som h\u00f8rer med til hver sl\u00e5tt. Kort sagt var det en rekke sentrale detaljer ved Dahles spill som Halvorsen noterte p\u00e5 en mangelfull m\u00e5te, \u2018feil\u2019 og uklarheter som forplantet seg videre til Griegs stykker og i senere fremf\u00f8relser.<\/p>\n<h4>For f\u00f8rste gang p\u00e5 CD: Ny revidert utgave<\/h4>\n<p>Professor Sven Nyhus har lang erfaring med notasjon av hardingfelesl\u00e5tter. Han har gjort nye nedtegnelser av disse sl\u00e5ttene \u2013 basert p\u00e5 voksrullopptak av Knut Dahle (1912) og s\u00f8nnes\u00f8nnen Johannes (1953). Dette arbeidet har ogs\u00e5 resultert i en revidert utgave av Edvard Griegs Sl\u00e5tter, op. 72.<\/p>\n<h4>Klassisk- og folkemusikk til gjensidig inspirasjon<\/h4>\n<p>S\u00f8strene Nyhus har med sin folkemusikalske bakgrunn og klassiske utdannelse spesielt gode forutsetninger for \u00e5 tolke denne musikken. Ingfrid Breie Nyhus (f. 1978) har studert klaver i Oslo, Helsinki og Hannover, har vunnet en rekke priser, bl.a Den Norske Solistpris i 2005, og er en av Grieg 07s \u00abGrieg Force-musikere\u00bb. Oppveksten i et folkemusikalsk hjem ligger som rot for hennes musikalske virke, og hun ut\u00f8ver ogs\u00e5 folkemusikk p\u00e5 zither og klaver. \u00c5shild Breie Nyhus (f. 1975) er fjerdegenerasjons felespiller i sin familie fra R\u00f8ros, og har ogs\u00e5 r\u00f8tter i Hallingdal. Som solist p\u00e5 hardingfele har hun v\u00e6rt engasjert av flere symfoniorkestre i Norden. Ut\u00f8velsen av den folkemusikalske arven p\u00e5 fele, hardingfele og nyckelharpe kombinerer hun med virksomhet som klassisk fiolinist og bratsjist \u2013 i Oslo Filharmoniske Orkester og Det Norske Kammerorkester.<\/p>\n<p><\/p>","protected":false},"excerpt":{"rendered":"<p>Mesterverket Sl\u00e5tter, op. 72, st\u00e5r p\u00e5 programmet \u2013 i en ny utgave der de opprinnelige sl\u00e5tterytmene er med inn i Griegs musikk.<\/p>\n","protected":false},"featured_media":27690,"comment_status":"closed","ping_status":"open","template":"","meta":[],"product_brand":[],"product_cat":[180],"product_tag":[],"class_list":{"0":"post-482","1":"product","2":"type-product","3":"status-publish","4":"has-post-thumbnail","6":"product_cat-simax-classics","7":"product_shipping_class-cddvd-shipping","8":"uni_artist_tag-ashild-breie-nyhus","9":"uni_artist_tag-edvard-grieg","10":"uni_artist_tag-ingfrid-breie-nyhus","11":"uni_artist_tag-knut-dahle","12":"uni_artist_tag-tony-harrison","13":"uni_artist_tag-trad","14":"uni_main_artist_tag-ashild-breie-nyhus","15":"uni_artist_genre-classical","16":"uni_artist_genre-folk-music","17":"uni_artist_genre-norwegian-grammy-award-spellemannvinner","18":"uni_artist_genre-young-norwegian","20":"first","21":"instock","22":"taxable","23":"shipping-taxable","24":"purchasable","25":"product-type-simple"},"_links":{"self":[{"href":"https:\/\/grappa.no\/no\/wp-json\/wp\/v2\/product\/482","targetHints":{"allow":["GET"]}}],"collection":[{"href":"https:\/\/grappa.no\/no\/wp-json\/wp\/v2\/product"}],"about":[{"href":"https:\/\/grappa.no\/no\/wp-json\/wp\/v2\/types\/product"}],"replies":[{"embeddable":true,"href":"https:\/\/grappa.no\/no\/wp-json\/wp\/v2\/comments?post=482"}],"wp:featuredmedia":[{"embeddable":true,"href":"https:\/\/grappa.no\/no\/wp-json\/wp\/v2\/media\/27690"}],"wp:attachment":[{"href":"https:\/\/grappa.no\/no\/wp-json\/wp\/v2\/media?parent=482"}],"wp:term":[{"taxonomy":"product_brand","embeddable":true,"href":"https:\/\/grappa.no\/no\/wp-json\/wp\/v2\/product_brand?post=482"},{"taxonomy":"product_cat","embeddable":true,"href":"https:\/\/grappa.no\/no\/wp-json\/wp\/v2\/product_cat?post=482"},{"taxonomy":"product_tag","embeddable":true,"href":"https:\/\/grappa.no\/no\/wp-json\/wp\/v2\/product_tag?post=482"}],"curies":[{"name":"wp","href":"https:\/\/api.w.org\/{rel}","templated":true}]}}