{"id":481,"date":"2015-09-04T00:00:00","date_gmt":"2015-09-03T23:00:00","guid":{"rendered":"http:\/\/www.grappa.no\/albums\/uncategorized\/beethoven-piano-concerto-no-5-emperor-and-choral-fantasy\/"},"modified":"2019-03-21T11:04:01","modified_gmt":"2019-03-21T10:04:01","slug":"beethoven-piano-concerto-no-5-emperor-and-choral-fantasy","status":"publish","type":"product","link":"https:\/\/grappa.no\/no\/albums\/simax-classics\/beethoven-piano-concerto-no-5-emperor-and-choral-fantasy\/","title":{"rendered":"Beethoven: Piano Concerto No. 5 (Emperor) and Choral Fantasy"},"content":{"rendered":"<p><\/p>\n<p>Det er fullendt! Beethovens komplette orkestermusikk p\u00e5 Simax Classics.<\/p>\n<p>Selv om de er n\u00e6r hverandre i tid er de to verkene p\u00e5 denne platen \u2013 de siste Beethoven skrev for klaver og orkester sammen \u2013 sv\u00e6rt forskjellige p\u00e5 mange m\u00e5ter. &#8216;Keiserkonserten&#8217; er en standard klaverkonsert. Den kan ihvertfall virke slik for oss siden den hadde en enorm innflytelse gjennom de neste hundre \u00e5r. For publikum som h\u00f8rte den f\u00f8rst m\u00e5 den nok ha fremst\u00e5tt som ganske uvanlig, ja rent ut merkelig. Kor-fantasien, derimot, virker uortodoks for v\u00e5re \u00f8rer ogs\u00e5 i dag \u2013 fri som den er i formen.<\/p>\n<p>Med denne 12. utgivelsen i serien fullf\u00f8res en 16 \u00e5r lang reise for Thomas Dausgaard, Boris Berezovsky og det Svenske kammerorkester \u2013 og de avslutter virkelig p\u00e5 toppen! Serien har f\u00e5tt en lang rekke fantastiske anmeldelser opp igjennom, her er et lite knippe:<br \/>\n&#8211; If you\u2019re in the mood, it\u2019s like driving a Beethoven Porsche: strap yourself in, start the engine, and let her rip. [Laurence Vittes \/ Audiophile Audition]<\/p>\n<p>&#8211; the recording is gorgeous: beautifully balanced, wide in dynamic range and utterly natural in timbre, with an arresting presence that illustrates how effective a small (38-piece) orchestra can be in this repetory. [International Record Review, Mortimer H. Frank]<\/p>\n<p>&#8211; a recorded performance of compelling truthfulness [\u2026] A recording which will stand the test of time [\u2026] A life-affirming recording. [The recommended recording of the Triple Concerto, Building a Library, Hilary Finch \/ CD Review BBC3]<\/p>\n<p><!--more--><\/p>\n<p>Det er fullendt! Beethovens komplette orkestermusikk i unikt skandinavisk samarbeid utgitt p\u00e5 Simax Classics!<\/p>\n<h4>To verk n\u00e6r hverandre i tid<\/h4>\n<p>Selv om de er n\u00e6r hverandre i tid er de to verkene p\u00e5 denne platen \u2013 de siste Beethoven skrev for klaver og orkester sammen \u2013 sv\u00e6rt forskjellige p\u00e5 mange m\u00e5ter. Klaverkonsert nr. 5 &#8216;Keiserkonserten&#8217; \u2013 et tilnavn som ikke stammer fra komponisten selv, er en standard klaverkonsert. Den kan i hvert fall virke slik for oss siden den hadde en enorm innflytelse gjennom de neste hundre \u00e5r. For publikum som h\u00f8rte den f\u00f8rst m\u00e5 den nok ha fremst\u00e5tt som ganske uvanlig, ja rent ut merkelig. Kor-fantasien, derimot, virker uortodoks for v\u00e5re \u00f8rer ogs\u00e5 i dag \u2013 fri som den er i formen.<\/p>\n<h4>Den st\u00f8rste konserten<\/h4>\n<p>Klaverkonsert nr. 5 var den siste Beethoven skrev, og den f\u00f8rste han ikke selv fremf\u00f8rte \u2013 trolig p\u00e5 grunn av at h\u00f8rselen hadde sviktet fullstendig. Det er hans st\u00f8rste konsert p\u00e5 alle m\u00e5ter \u2013 og den har dannet modellen for hva andre komponister har fors\u00f8kt \u00e5 skrive i mer enn hundre \u00e5r. Boris Berezovskys tolkning understreker det store dramatiske spennet som denne musikken rommer.<\/p>\n<h4>Flotte anmeldelser<\/h4>\n<p>Serien har f\u00e5tt en lang rekke fantastiske anmeldelser opp igjennom, her er et lite knippe:<br \/>\n&#8211; If you\u2019re in the mood, it\u2019s like driving a Beethoven Porsche: strap yourself in, start the engine, and let her rip. [Laurence Vittes \/ Audiophile Audition]<\/p>\n<p>&#8211; the recording is gorgeous: beautifully balanced, wide in dynamic range and utterly natural in timbre, with an arresting presence that illustrates how effective a small (38-piece) orchestra can be in this repetory. [International Record Review, Mortimer H. Frank]<\/p>\n<p>&#8211; a recorded performance of compelling truthfulness [\u2026] A recording which will stand the test of time [\u2026] A life-affirming recording. [The recommended recording of the Triple Concerto, Building a Library, Hilary Finch \/ CD Review BBC3]<\/p>\n<p><\/p>","protected":false},"excerpt":{"rendered":"<p>Den 12. og siste utgivelsen i Beethovens Komplette Musikk for Orkester inkluderer en n\u00e5del\u00f8s lesning og fremf\u00f8ring av komponistens femte klaverkonsert med Boris Berezovsky.<\/p>\n","protected":false},"featured_media":27686,"comment_status":"closed","ping_status":"open","template":"","meta":[],"product_brand":[],"product_cat":[180],"product_tag":[],"class_list":{"0":"post-481","1":"product","2":"type-product","3":"status-publish","4":"has-post-thumbnail","6":"product_cat-simax-classics","7":"product_shipping_class-cddvd-shipping","8":"uni_artist_tag-andrew-keener","9":"uni_artist_tag-boris-berezovsky","10":"uni_artist_tag-dr-vocal-ensemble-and-choir","11":"uni_artist_tag-inger-dam-jensen","12":"uni_artist_tag-karl-magnus-fredriksson","13":"uni_artist_tag-lars-cleveman","14":"uni_artist_tag-lilli-paasikivi","15":"uni_artist_tag-ludwig-van-beethoven","16":"uni_artist_tag-swedish-chamber-orchestra-orebro","17":"uni_artist_tag-thomas-dausgaard","18":"uni_main_artist_tag-swedish-chamber-orchestra-orebro","19":"uni_artist_genre-beethoven-complete-orchestral-works","20":"uni_artist_genre-choir","21":"uni_artist_genre-complete","22":"uni_artist_genre-concerto","23":"uni_artist_genre-orchestral","24":"uni_artist_genre-piano","26":"first","27":"instock","28":"taxable","29":"shipping-taxable","30":"purchasable","31":"product-type-simple"},"_links":{"self":[{"href":"https:\/\/grappa.no\/no\/wp-json\/wp\/v2\/product\/481","targetHints":{"allow":["GET"]}}],"collection":[{"href":"https:\/\/grappa.no\/no\/wp-json\/wp\/v2\/product"}],"about":[{"href":"https:\/\/grappa.no\/no\/wp-json\/wp\/v2\/types\/product"}],"replies":[{"embeddable":true,"href":"https:\/\/grappa.no\/no\/wp-json\/wp\/v2\/comments?post=481"}],"wp:featuredmedia":[{"embeddable":true,"href":"https:\/\/grappa.no\/no\/wp-json\/wp\/v2\/media\/27686"}],"wp:attachment":[{"href":"https:\/\/grappa.no\/no\/wp-json\/wp\/v2\/media?parent=481"}],"wp:term":[{"taxonomy":"product_brand","embeddable":true,"href":"https:\/\/grappa.no\/no\/wp-json\/wp\/v2\/product_brand?post=481"},{"taxonomy":"product_cat","embeddable":true,"href":"https:\/\/grappa.no\/no\/wp-json\/wp\/v2\/product_cat?post=481"},{"taxonomy":"product_tag","embeddable":true,"href":"https:\/\/grappa.no\/no\/wp-json\/wp\/v2\/product_tag?post=481"}],"curies":[{"name":"wp","href":"https:\/\/api.w.org\/{rel}","templated":true}]}}