{"id":480,"date":"2010-11-22T00:00:00","date_gmt":"2010-11-21T23:00:00","guid":{"rendered":"http:\/\/www.grappa.no\/albums\/uncategorized\/chasing-the-butterfly\/"},"modified":"2024-08-02T12:50:29","modified_gmt":"2024-08-02T11:50:29","slug":"chasing-the-butterfly","status":"publish","type":"product","link":"https:\/\/grappa.no\/no\/albums\/simax-classics\/chasing-the-butterfly\/","title":{"rendered":"Chasing the Butterfly"},"content":{"rendered":"<p><\/p>\n<p>Griegs pianistiske hemmeligheter<\/p>\n<p>Det finnes et sett velkjente opptak av Edvard Grieg fra 1903, der komponisten spiller 9 av sine egne klaverstykker. Sigurd Sl\u00e5ttebrekk og Tony Harrison \u00f8nsket \u00e5 ta disse opptakene p\u00e5 alvor \u2013 og viklet seg inn i et historisk pion\u00e9r-arbeid innen \u2018musisk arkeologi\u2019 der de gjenoppliver en mer enn hundre \u00e5r gammel fremf\u00f8relsestradisjon. For notebildet forteller slett ikke alt!<\/p>\n<p>Inspirert av muntlige overleveringstradisjoner som jazz og folkemusikk har Sl\u00e5ttebrekk lyttet seg inn i hver detalj av Griegs spill, for s\u00e5 selv \u00e5 fors\u00f8ke \u00e5 imitere fremf\u00f8relsene ved Griegs flygel p\u00e5 Troldhaugen. Arbeidet har avdekket en rekke interessante detaljer og helheter omkring Griegs egen spilleteknikk, fraseoppbygning, pulsforst\u00e5else og klangbehandling. Griegs framf\u00f8ringer motsier nemlig nesten alt hans egne noteark synes \u00e5 forsterke. Sl\u00e5ttebrekk har spilt inn de stykkene Grieg selv spilte, og han bruker det han har l\u00e6rt av Grieg videre i tolkninger av e-moll sonaten og g-moll Balladen. Den kritikerroste innspillingen av A-moll konserten fra 2005 er med p\u00e5 \u00e5 gj\u00f8re bildet komplett.<\/p>\n<p><!--more--><\/p>\n<p>Det finnes et sett velkjente opptak av Edvard Grieg fra 1903, der komponisten spiller 9 av sine egne klaverstykker. Sigurd Sl\u00e5ttebrekk og Tony Harrison \u00f8nsket \u00e5 ta disse opptakene p\u00e5 alvor \u2013 og viklet seg inn i et historisk pion\u00e9r-arbeid innen \u2018musisk arkeologi\u2019 der de gjenoppliver en mer enn hundre \u00e5r gammel fremf\u00f8relsestradisjon. For notebildet forteller slett ikke alt!<\/p>\n<h4>En jakt for \u00e5 l\u00e6re, ikke for \u00e5 fange<\/h4>\n<p>Inspirert av muntlige overleveringstradisjoner som jazz og folkemusikk har Sl\u00e5ttebrekk lyttet seg inn i hver detalj av Griegs spill, for s\u00e5 selv \u00e5 fors\u00f8ke \u00e5 imitere fremf\u00f8relsene ved Griegs flygel p\u00e5 Troldhaugen. Gjennom lytting og spill i en uendelig runddans har bestanddelene i Griegs spill blitt utforsket. Lytting for \u00e5 gjenskape enkelttoner, fraseringer, lengre avsnitt, hele verk; dekonstruert, bygget opp igjen, knyttet sammen og formet. Innsikt gjennom imitasjon \u2013 imitasjon gjennom innsikt. Arbeidet har avdekket en rekke interessante detaljer og helheter omkring Griegs egen spilleteknikk, fraseoppbygning, pulsforst\u00e5else og klangbehandling. Griegs framf\u00f8ringer motsier nemlig nesten alt hans egne noteark synes \u00e5 forsterke. Han former lange, smidige linjer innenfor et vidunderlig dynamisk rammeverk \u2013 helt uavhengig av de kantede og solide formene som framst\u00e5r p\u00e5 papiret. Det er nesten som en ufullstendig matoppskrift p\u00e5 den ene side og et fortreffelig tilberedt m\u00e5ltid p\u00e5 den annen.<\/p>\n<h4>Forskning med umiddelbar bruk av resultatene<\/h4>\n<p>Arbeidet til Sl\u00e5ttebrekk og Harrison har allerede vekket internasjonal oppsikt, og er presentert ved flere universiteter i Europa. Den fyldige teksten som f\u00f8lger utgivelsen redegj\u00f8r i detalj for metode og funn \u2013 og de umiddelbare f\u00f8lger. For Sl\u00e5ttebrekk spiller ikke bare inn de stykkene Grieg selv spilte, han bruker ogs\u00e5 det han har l\u00e6rt av Grieg videre. Han kompletterer sonaten i e-moll, og spiller den episke Balladen i g-moll. Dette siste verket \u2013 et av Griegs mest personlige \u2013 er det spesielt fascinerende \u00e5 h\u00f8re tolket i et spr\u00e5k som har oppst\u00e5tt i en musisk analyse av komponistens eget spill.<\/p>\n<h4>Sigurd Sl\u00e5ttebrekk og Tony Harrison<\/h4>\n<p>Chasing the Butterfly er ogs\u00e5 en treffende betegnelse p\u00e5 arbeidsformen til de som st\u00e5r bak prosjektet. To sjelevenner som inspirerer og utfordrer hverandre til stadig innovasjon og videreutvikling innenfor sitt kunstneriske virke, en utvikling som musikkelskere har kunnet nyte fruktene av ved flere anledninger. Sigurd Sl\u00e5ttebrekk (f. 1968) har vunnet Spellemannpris, v\u00e6rt medskaper av barneserien Elias og holder i dag p\u00e5 med fullf\u00f8ringen av et stipendiatprosjekt omkring pianisters spillestil p\u00e5 slutten av 1800-tallet. Tony Harrison (f. 1957) er klassisk musikkprodusent og regnes blant de fremste og mest kreative innenfor sitt fag i dag. Resultatene av arbeidet publiseres i episoder fremover i form av instruktive videoepisoder fra Troldhaugen p\u00e5 www.chasingthebutterfly.no.<\/p>\n<p><\/p>","protected":false},"excerpt":{"rendered":"<p>I know it&#8217;s silly to talk about &amp;quot;the best&amp;quot; in a work so often recorded, but if this performance isn&#8217;t the finest of them all, it&#8217;s so exceptional that it will make you forget about any others. &#8211; An exceptional release, by any standard [10\/10 David Hurwitz \/ Classics Today]<\/p>\n","protected":false},"featured_media":27706,"comment_status":"closed","ping_status":"closed","template":"","meta":[],"product_brand":[],"product_cat":[180],"product_tag":[],"class_list":{"0":"post-480","1":"product","2":"type-product","3":"status-publish","4":"has-post-thumbnail","6":"product_cat-simax-classics","7":"product_shipping_class-cddvd-shipping","8":"uni_artist_tag-edvard-grieg","9":"uni_artist_tag-michail-jurowski","10":"uni_artist_tag-oslo-philharmonic-orchestra","11":"uni_artist_tag-sigurd-slattebrekk","12":"uni_artist_tag-tony-harrison","13":"uni_main_artist_tag-sigurd-slattebrekk","14":"uni_artist_genre-classical","15":"uni_artist_genre-concerto","16":"uni_artist_genre-historic-recording","17":"uni_artist_genre-piano","19":"first","20":"outofstock","21":"taxable","22":"shipping-taxable","23":"purchasable","24":"product-type-simple"},"_links":{"self":[{"href":"https:\/\/grappa.no\/no\/wp-json\/wp\/v2\/product\/480","targetHints":{"allow":["GET"]}}],"collection":[{"href":"https:\/\/grappa.no\/no\/wp-json\/wp\/v2\/product"}],"about":[{"href":"https:\/\/grappa.no\/no\/wp-json\/wp\/v2\/types\/product"}],"replies":[{"embeddable":true,"href":"https:\/\/grappa.no\/no\/wp-json\/wp\/v2\/comments?post=480"}],"wp:featuredmedia":[{"embeddable":true,"href":"https:\/\/grappa.no\/no\/wp-json\/wp\/v2\/media\/27706"}],"wp:attachment":[{"href":"https:\/\/grappa.no\/no\/wp-json\/wp\/v2\/media?parent=480"}],"wp:term":[{"taxonomy":"product_brand","embeddable":true,"href":"https:\/\/grappa.no\/no\/wp-json\/wp\/v2\/product_brand?post=480"},{"taxonomy":"product_cat","embeddable":true,"href":"https:\/\/grappa.no\/no\/wp-json\/wp\/v2\/product_cat?post=480"},{"taxonomy":"product_tag","embeddable":true,"href":"https:\/\/grappa.no\/no\/wp-json\/wp\/v2\/product_tag?post=480"}],"curies":[{"name":"wp","href":"https:\/\/api.w.org\/{rel}","templated":true}]}}