{"id":479,"date":"2007-03-19T00:00:00","date_gmt":"2007-03-18T23:00:00","guid":{"rendered":"http:\/\/www.grappa.no\/albums\/uncategorized\/claude-debussy-complete-works-for-piano-solo-vol-3\/"},"modified":"2019-02-22T16:02:45","modified_gmt":"2019-02-22T15:02:45","slug":"claude-debussy-complete-works-for-piano-solo-vol-3","status":"publish","type":"product","link":"https:\/\/grappa.no\/no\/albums\/simax-classics\/claude-debussy-complete-works-for-piano-solo-vol-3\/","title":{"rendered":"Claude Debussy Complete Works for Piano Solo, vol. 3"},"content":{"rendered":"<p><\/p>\n<p>Debussy er komplett<\/p>\n<p>Som f\u00f8rste nordmann kompletterer H\u00e5kon Austb\u00f8 med denne utgivelsen sin innspilling av samtlige verker for klav\u00e9r solo av Claude Debussy. P\u00e5 denne platen h\u00f8rer vi den unge Debussys verker. Suite bergamasque (1890) og Pour le piano (1902) st\u00e5r i hver sin ende av en periode med stor kompositorisk utvikling. Den unge Debussy pr\u00f8ver det ene \u2013 og s\u00e5 noe annet \u2013 i en kreativ og uredd s\u00f8ken. Austb\u00f8 har med elegant og gl\u00f8dende pianospill flyttet grensene for hvordan Debussys musikk kan klinge p\u00e5 et piano. Den n\u00e5 fullendte serie har mottatt fabelaktige kritikker fra b\u00e5de norsk og utenlandsk presse.<\/p>\n<p><!--more--><\/p>\n<p>H\u00e5kon Austb\u00f8 kompletterer med denne utgivelsen sin innspilling av samtlige verker for klav\u00e9r solo av Claude Debussy \u2013 som f\u00f8rste nordmann. Med denne syklusen har Austb\u00f8 flyttet grensene for hvordan Debussys musikk kan klinge p\u00e5 et piano.<\/p>\n<h4>Et uttrykk blir til<\/h4>\n<p>For Debussy (1862-1918) tok det tid \u00e5 utvikle det impresjonistiske uttrykket vi forbinder ham med. P\u00e5 denne platen h\u00f8rer vi den unge Debussys verker. Suite bergamasque (1890) og Pour le piano (1902) st\u00e5r i hver sin ende av en periode med stor kompositorisk utvikling. Den unge Debussy pr\u00f8ver det ene \u2013 og s\u00e5 noe annet \u2013 i en kreativ og uredd s\u00f8ken.<\/p>\n<h4>Perfeksjon<\/h4>\n<p>Suite bergamasque blir sett p\u00e5 som Debussys f\u00f8rste store og viktige verk for piano solo. Tredjesatsen i suiten er den ber\u00f8mte \u2018Claire de lune\u2019, som ofte omtales som det perfekte eksempelet p\u00e5 hans musikalske stil. Selv om komposisjonsteknikken senere blir mer sofistikert (i Estampes, Images og Pr\u00e9ludes) finner vi her for f\u00f8rste gang dette helt spesielle grunn-utrykket i den perleaktige og vakre satsen. Det tok 15 \u00e5r f\u00f8r Suite bergamasque ble utgitt. I mellomtiden ble en mer virtuos og raffinert suite til, nemlig Pour le piano. Debussys nye stil er tydelig, og verket avsluttes med en forrykende raffinert Toccata, p\u00e5virket fra blant annet av impulser fra det fjerne \u00d8stens musikk.<\/p>\n<h4>Austb\u00f8s hvitgl\u00f8dende raffinement<\/h4>\n<p>Den n\u00e5 fullendte serie har mottatt fabelaktige kritikker fra b\u00e5de norsk og utenlandsk presse. \u00c5 presentere s\u00e5 kjent og elsket musikk p\u00e5 en m\u00e5te som gj\u00f8r at lytteren melder tilbake at han har opplevd noe nytt og meningsfullt, m\u00e5 v\u00e6re blant de st\u00f8rste komplimenter en musiker kan f\u00e5. Gjennomg\u00e5ende trekker man ogs\u00e5 frem Austb\u00f8s helt spesielle klangbehandling og elegante \u2013 men gl\u00f8dende \u2013 gester og bevegelser som kjennetegner hans spill. Austb\u00f8 har nylig returnert til Norge etter mer enn 20 \u00e5r i Nederland, og er akkurat utnevnt til professor i klaver ved universitetet i Stavanger.<\/p>\n<p><\/p>","protected":false},"excerpt":{"rendered":"<p>\u2013 Austb\u00f8 har med elegant og gl\u00f8dende pianospill flyttet grensene for hvordan Debussys musikk kan klinge p\u00e5 et piano.<\/p>\n","protected":false},"featured_media":27705,"comment_status":"closed","ping_status":"open","template":"","meta":[],"product_brand":[],"product_cat":[180],"product_tag":[],"class_list":{"0":"post-479","1":"product","2":"type-product","3":"status-publish","4":"has-post-thumbnail","6":"product_cat-simax-classics","7":"product_shipping_class-cddvd-shipping","8":"uni_artist_tag-claude-debussy","9":"uni_artist_tag-hakon-austbo","10":"uni_main_artist_tag-hakon-austbo","11":"uni_artist_genre-complete","12":"uni_artist_genre-piano","13":"uni_artist_genre-solo","15":"first","16":"instock","17":"taxable","18":"shipping-taxable","19":"purchasable","20":"product-type-simple"},"_links":{"self":[{"href":"https:\/\/grappa.no\/no\/wp-json\/wp\/v2\/product\/479","targetHints":{"allow":["GET"]}}],"collection":[{"href":"https:\/\/grappa.no\/no\/wp-json\/wp\/v2\/product"}],"about":[{"href":"https:\/\/grappa.no\/no\/wp-json\/wp\/v2\/types\/product"}],"replies":[{"embeddable":true,"href":"https:\/\/grappa.no\/no\/wp-json\/wp\/v2\/comments?post=479"}],"wp:featuredmedia":[{"embeddable":true,"href":"https:\/\/grappa.no\/no\/wp-json\/wp\/v2\/media\/27705"}],"wp:attachment":[{"href":"https:\/\/grappa.no\/no\/wp-json\/wp\/v2\/media?parent=479"}],"wp:term":[{"taxonomy":"product_brand","embeddable":true,"href":"https:\/\/grappa.no\/no\/wp-json\/wp\/v2\/product_brand?post=479"},{"taxonomy":"product_cat","embeddable":true,"href":"https:\/\/grappa.no\/no\/wp-json\/wp\/v2\/product_cat?post=479"},{"taxonomy":"product_tag","embeddable":true,"href":"https:\/\/grappa.no\/no\/wp-json\/wp\/v2\/product_tag?post=479"}],"curies":[{"name":"wp","href":"https:\/\/api.w.org\/{rel}","templated":true}]}}