{"id":478,"date":"2006-11-20T00:00:00","date_gmt":"2006-11-19T23:00:00","guid":{"rendered":"http:\/\/www.grappa.no\/albums\/uncategorized\/x-mas-greetings-from-the-piano\/"},"modified":"2019-02-22T16:02:42","modified_gmt":"2019-02-22T15:02:42","slug":"xmas-greetings-from-the-piano","status":"publish","type":"product","link":"https:\/\/grappa.no\/no\/albums\/simax-classics\/xmas-greetings-from-the-piano\/","title":{"rendered":"Xmas Greetings from the Piano"},"content":{"rendered":"<p><\/p>\n<p>Julemusikk p\u00e5 en litt annen m\u00e5te<\/p>\n<p>Et knippe musikalske julehilsener som t\u00f8r v\u00e6re ukjent for de fleste. Geir Henning Braaten presenterer her klaververker som er knyttet opp til julen \u2013 men som sjelden er \u00e5 h\u00f8re. Kan man utvide begrepet julemusikk?<\/p>\n<p>\u00c5pningsverket p\u00e5 platen, av Olivier Messiaen illuderer storslagne kirkeklokke-kaskader \u2013 avbrutt av mer eksotiske melodilinjer. Ungarns store klav\u00e9rvirtuos Franz Liszt hilser med den store klaversyklusen (Juletre). Verket er i seg selv en julegave Liszt ga til sitt barnebarn i 1876 og inneholder mesterens klaver-bearbeidelser av flere kjente sanger som &#8216;Jeg synger julekvad&#8217; og &#8216;Oh Come all Ye Faithful&#8217;. Kontrasten stor mellom det velkjente i Liszts verk og Magne Hegdals \u2018aleafonier\u2019. Hegdals seks julehilsener er tilfeldighetsmusikk, der den konkrete musikken er et resultat av tilfeldighetsoperasjoner innenfor en grunnleggende oppskrift.<\/p>\n<p>Hver for seg forteller disse verkene\/stykkene en historie. De utvider forh\u00e5pentligvis ikke bare v\u00e5rt begrep om julemusikk, men b\u00e6rer ogs\u00e5 med seg fortellinger og julehistorier fra andre tider og<br \/>\nsteder.<\/p>\n<p><!--more--><\/p>\n<p>Et knippe musikalske julehilsener som t\u00f8r v\u00e6re ukjent for de fleste. Geir Henning Braaten presenterer her klaververker som er knyttet opp til julen \u2013 men som sjelden er \u00e5 h\u00f8re. Kan man utvide begrepet julemusikk?<\/p>\n<h4>Dr\u00f8mmer og m\u00f8rkere farger<\/h4>\n<p>I den danske mesteren Carl Nielsens \u2018improvisasjon\u2019 kjenner vi igjen Franz Grubers Stille Nacht!, men med en spennende twist Nielsen. M\u00f8rkere stemninger finner vi i Ferruccio Busonis , som skriver seg fra jul i landflyktighet og krig. Det siste verket p\u00e5 platen, Charles-Valentin Alkans , er et \u2018h\u00f8yoktan\u2019 klav\u00e9rstykke velegnet til \u00e5 understreke julens glade budskap s\u00e5 det knaker \u2013 i pianokrakken.<\/p>\n<h4>Historier<\/h4>\n<p>Hver for seg forteller disse verkene\/stykkene en historie. De utvider forh\u00e5pentligvis ikke bare v\u00e5rt begrep om julemusikk, men b\u00e6rer ogs\u00e5 med seg fortellinger og julehistorier fra andre tider og<br \/>\nsteder.<\/p>\n<p>Geir Henning Braaten er en av v\u00e5re mest aktive og allsidige pianister, med en rekke turneer, konsertserier og innspillinger bak seg. Blant annet har han spilt inn Griegs samlede verker for solo piano, og fremf\u00f8rt Mozarts og Beethovens samtlige pianokonserter i forbindelse med deres respektive jubileer.<\/p>\n<h4><\/h4>\n<\/p>\n<p><\/p>","protected":false},"excerpt":{"rendered":"<p>Kan man utvide begrepet julemusikk?<\/p>\n","protected":false},"featured_media":27704,"comment_status":"closed","ping_status":"open","template":"","meta":[],"product_brand":[],"product_cat":[180],"product_tag":[],"class_list":{"0":"post-478","1":"product","2":"type-product","3":"status-publish","4":"has-post-thumbnail","6":"product_cat-simax-classics","7":"product_shipping_class-cddvd-shipping","8":"uni_artist_tag-franz-liszt","9":"uni_artist_tag-geir-henning-braaten","10":"uni_artist_tag-olivier-messiaen","11":"uni_main_artist_tag-geir-henning-braaten","12":"uni_artist_genre-christmas-music","13":"uni_artist_genre-piano","15":"first","16":"instock","17":"taxable","18":"shipping-taxable","19":"purchasable","20":"product-type-simple"},"_links":{"self":[{"href":"https:\/\/grappa.no\/no\/wp-json\/wp\/v2\/product\/478","targetHints":{"allow":["GET"]}}],"collection":[{"href":"https:\/\/grappa.no\/no\/wp-json\/wp\/v2\/product"}],"about":[{"href":"https:\/\/grappa.no\/no\/wp-json\/wp\/v2\/types\/product"}],"replies":[{"embeddable":true,"href":"https:\/\/grappa.no\/no\/wp-json\/wp\/v2\/comments?post=478"}],"wp:featuredmedia":[{"embeddable":true,"href":"https:\/\/grappa.no\/no\/wp-json\/wp\/v2\/media\/27704"}],"wp:attachment":[{"href":"https:\/\/grappa.no\/no\/wp-json\/wp\/v2\/media?parent=478"}],"wp:term":[{"taxonomy":"product_brand","embeddable":true,"href":"https:\/\/grappa.no\/no\/wp-json\/wp\/v2\/product_brand?post=478"},{"taxonomy":"product_cat","embeddable":true,"href":"https:\/\/grappa.no\/no\/wp-json\/wp\/v2\/product_cat?post=478"},{"taxonomy":"product_tag","embeddable":true,"href":"https:\/\/grappa.no\/no\/wp-json\/wp\/v2\/product_tag?post=478"}],"curies":[{"name":"wp","href":"https:\/\/api.w.org\/{rel}","templated":true}]}}