{"id":477,"date":"2010-08-09T00:00:00","date_gmt":"2010-08-08T23:00:00","guid":{"rendered":"http:\/\/www.grappa.no\/albums\/uncategorized\/the-norwegian-wind-quintet\/"},"modified":"2019-02-22T16:02:39","modified_gmt":"2019-02-22T15:02:39","slug":"the-norwegian-wind-quintet","status":"publish","type":"product","link":"https:\/\/grappa.no\/no\/albums\/simax-classics\/the-norwegian-wind-quintet\/","title":{"rendered":"The Norwegian Wind Quintet"},"content":{"rendered":"<p><\/p>\n<p>Levende samspill av ypperste kaliber<\/p>\n<p>N\u00e5r fremragende solister og orkestermusikere samles i kammermusisering, da er det duket for de helt store musikalske opplevelsene. Gjennom 34 \u00e5r var Den Norske Bl\u00e5sekvintett en musikalsk dynamo i norsk musikkliv. Simax har restaurert materiale for 2 CDer med lekende og formfullendt kvintettspill.<\/p>\n<p>I 1955 dannet fem spilleglade bl\u00e5sere fra Oslo Filharmoniske orkester Den Norske Bl\u00e5sekvintett (DNB), det f\u00f8rste ensemblet av denne typen i Norge. Etableringen av DNB, med enest\u00e5ende kvalitet og entusiasme, fikk enest\u00e5ende betydning for norsk musikkliv i mange \u00e5r fremover. P\u00e5 denne dobbelt-CDen er det samlet materiale fra kvintettens lange karriere, Skandinavisk musikk med ikke mindre enn syv norske verker p\u00e5 programmet.<\/p>\n<p><!--more--><\/p>\n<p>N\u00e5r fremragende solister og orkestermusikere samles i kammermusisering, da er det duket for de helt store musikalske opplevelsene. Gjennom 34 \u00e5r var Den Norske Bl\u00e5sekvintett en musikalsk dynamo i norsk musikkliv. Simax har restaurert materiale for 2 CDer med lekende og formfullendt kvintettspill.<\/p>\n<h4>Gullalderen 1970-80<\/h4>\n<p>Entusiasmen for kammermusisering var den sentrale drivkraft for medlemmene. Ambisjonene vokste i takt med vellykkede konsertturneer og bestillingsverker, og fra 1972 ble det systematisk minst to pr\u00f8ver i uke, etter at de daglige Filharmonipr\u00f8vene var over. I 1975 kom den f\u00f8rste LP-platen, med rent norsk program. I 1977 fikk NBK Musikkritikerprisen for sin fremf\u00f8relse av Sch\u00f6nbergs kvintett. Komponister som Francaix, Milhaud og Reicha var ogs\u00e5 en selvf\u00f8lgelig del av konsertrepertoaret til kvintetten, som p\u00e5 denne tiden inneholdt mer en 50 verker!<\/p>\n<h4>NRK og internasjonale festivaler<\/h4>\n<p>Gjennom NBKs historie var NRK en sentral akt\u00f8r i norsk musikkliv. Interessen for nyere norsk musikk var stor i radio og TV, og musikk fikk ofte sin f\u00f8rste fremf\u00f8relse i radio, for s\u00e5 \u00e5 bli spilt p\u00e5 konsert. Rollen som ambassad\u00f8rer for norske verker ivaretok NBK ogs\u00e5 p\u00e5 beste m\u00e5te, med en mengde invitasjoner til festivaler, arrangementer og konsertturneer. Arenaer som Wigmore Hall, Warszawa Autumn, Marais-festivalen i Paris er bare noen av de viktigste.<\/p>\n<h4>Norske ut\u00f8veres verker 1945\u20132000<\/h4>\n<p>Dette er den femte utgivelsen i serien \u00abNorske ut\u00f8veres verker\u00bb, som viser ut\u00f8vertradisjonen slik den st\u00e5r etter noen av de fremste klassiske ut\u00f8verne i denne perioden. Opptakene er ikke tilgjengelige andre steder, i de fleste tilfeller har de aldri tidligere blitt utgitt. Prosjektet er et samarbeid mellom NRK Arkiv, Norges musikkh\u00f8gskole, Norsk kulturr\u00e5d og Simax Classics.<\/p>\n<p><\/p>","protected":false},"excerpt":{"rendered":"","protected":false},"featured_media":27850,"comment_status":"closed","ping_status":"open","template":"","meta":[],"product_brand":[],"product_cat":[180],"product_tag":[],"class_list":{"0":"post-477","1":"product","2":"type-product","3":"status-publish","4":"has-post-thumbnail","6":"product_cat-simax-classics","7":"product_shipping_class-cddvd-shipping","8":"uni_artist_tag-antonio-bibalo","9":"uni_artist_tag-bjarne-brustad","10":"uni_artist_tag-carl-gustav-sparre-olsen","11":"uni_artist_tag-carl-nielsen","12":"uni_artist_tag-edvard-hagerup-bull","13":"uni_artist_tag-erik-andresen","14":"uni_artist_tag-erik-niord-larsen","15":"uni_artist_tag-johan-kvandal","16":"uni_artist_tag-john-fernstrom","17":"uni_artist_tag-norwegian-wind-quintet","18":"uni_artist_tag-ornulf-gulbransen","19":"uni_artist_tag-pauline-hall","20":"uni_artist_tag-per-oien","21":"uni_artist_tag-torleiv-nedberg","22":"uni_main_artist_tag-norwegian-wind-quintet","23":"uni_artist_genre-chamber-music","24":"uni_artist_genre-historic-recording","25":"uni_artist_genre-winds","27":"first","28":"instock","29":"taxable","30":"shipping-taxable","31":"purchasable","32":"product-type-simple"},"_links":{"self":[{"href":"https:\/\/grappa.no\/no\/wp-json\/wp\/v2\/product\/477","targetHints":{"allow":["GET"]}}],"collection":[{"href":"https:\/\/grappa.no\/no\/wp-json\/wp\/v2\/product"}],"about":[{"href":"https:\/\/grappa.no\/no\/wp-json\/wp\/v2\/types\/product"}],"replies":[{"embeddable":true,"href":"https:\/\/grappa.no\/no\/wp-json\/wp\/v2\/comments?post=477"}],"wp:featuredmedia":[{"embeddable":true,"href":"https:\/\/grappa.no\/no\/wp-json\/wp\/v2\/media\/27850"}],"wp:attachment":[{"href":"https:\/\/grappa.no\/no\/wp-json\/wp\/v2\/media?parent=477"}],"wp:term":[{"taxonomy":"product_brand","embeddable":true,"href":"https:\/\/grappa.no\/no\/wp-json\/wp\/v2\/product_brand?post=477"},{"taxonomy":"product_cat","embeddable":true,"href":"https:\/\/grappa.no\/no\/wp-json\/wp\/v2\/product_cat?post=477"},{"taxonomy":"product_tag","embeddable":true,"href":"https:\/\/grappa.no\/no\/wp-json\/wp\/v2\/product_tag?post=477"}],"curies":[{"name":"wp","href":"https:\/\/api.w.org\/{rel}","templated":true}]}}