{"id":476,"date":"2009-03-23T00:00:00","date_gmt":"2009-03-22T23:00:00","guid":{"rendered":"http:\/\/www.grappa.no\/albums\/uncategorized\/robert-riefling\/"},"modified":"2022-01-22T08:33:39","modified_gmt":"2022-01-22T07:33:39","slug":"robert-riefling","status":"publish","type":"product","link":"https:\/\/grappa.no\/no\/albums\/simax-classics\/robert-riefling\/","title":{"rendered":"Robert Riefling"},"content":{"rendered":"<p><\/p>\n<p>Beethoven-arven etter Robert Riefling i historiske opptak<\/p>\n<p>Robert Rieflings karriere strakk seg over to mannsaldre, og han st\u00e5r som en av Skandinavias ypperste pianister og mest innflytelsesrike pedagoger gjennom tidene. Denne innspillingen av fem verker fra tre ulike konsertopptak mellom 1979 og 1986 er et monument i norsk klaverkunst og markerer ogs\u00e5 et h\u00f8ydepunkt i Rieflings egen ut\u00f8vergjerning.<\/p>\n<p>Selv etter dagens m\u00e5lestokk debuterte Robert Riefling (1911-1988) usedvanlig tidlig. H\u00f8sten 1925, akkurat fylt 14 \u00e5r, presenterte han seg med et helaftens program. Som ung mann studerte han hos blant andre Fischer og Kempff, og h\u00f8sten 1936 vant han f\u00f8rsteprisen i Skandinavisk Musiker-Olympiade i K\u00f8benhavn. Siden gjestet han jevnlig verdens fremste musikkmetropoler og h\u00f8stet overstr\u00f8mmende, stundom sensasjonelle kritikker.<\/p>\n<p><!--more--><\/p>\n<p>Robert Rieflings karriere strakk seg over to mannsaldre, og han st\u00e5r som en av Skandinavias ypperste pianister og mest innflytelsesrike pedagoger gjennom tidene. Denne innspillingen av fem verker fra tre ulike konsertopptak mellom 1979 og 1986 er et monument i norsk klaverkunst og markerer ogs\u00e5 et h\u00f8ydepunkt i Rieflings egen ut\u00f8vergjerning.<\/p>\n<h4>Bach og Beethoven<\/h4>\n<p>For Riefling tronet Beethovens og Bachs musikk aller h\u00f8yest blant de fremste verkene i den klassiske arv. Dette henger sammen med hans idealer om det selvoppholdende kunstverk som ikke beskriver noe annet enn seg selv. Men ogs\u00e5 med m\u00e5ten musikken er bygd opp p\u00e5, med vekt p\u00e5 en kontrapunktisk struktur. Dessuten syntes han her \u00e5 finne den perfekte balanse mellom en objektiv lovmessighet og et subjektivt uttrykk.<\/p>\n<h4>Den Moderne Stil<\/h4>\n<p>Riefling representerer den Moderne stil innen oppf\u00f8relsespraksis. Denne gjorde oppr\u00f8r mot det utsvevende i den romantiske tolkningstradisjon og er fremfor noe tuftet p\u00e5 mellomkrigstidens idealer om objektivitet og teksttroskap. Kritikerne roste Riefling for fremf\u00f8relser som eksponerte verket, eller ogs\u00e5 \u00abdet \u00e5ndelige\u00bb i verket, heller enn ut\u00f8veren. I tillegg applauderte de hans usvikelige tempo- og pulsf\u00f8lelse, perlende klarhet i passasjespillet, hans suverene arkitektur og overlegne disponering av stoffet.<\/p>\n<h4>Arven etter Robert Riefling<\/h4>\n<p>Riefling var ansatt som professor ved Det Kgl. Danske Musikkonservatorium i K\u00f8benhavn (1965-73) og ved Norges musikkh\u00f8gskole (1973-80), og blant hans mange elever finner man navn som Liv Glaser og Christian Eggen. Som pedagog hadde Riefling stor autoritet, men var i formen mild, dannet og litt distansert. Selv om man i dag ville kalle hans oppf\u00f8ringspraktiske idealer foreldete, \u00f8vde han en enorm innflytelse som et forbilde ikke minst innen det \u00e5 ha en seri\u00f8s og respektfull holdning til verkene. Hans velkjente krav til perfeksjon og klarhet i spill og tolkninger preget i h\u00f8y grad ogs\u00e5 undervisningen og markerte en profesjonell standard for studentene.<br \/>\nMot slutten av sitt liv gjenvant Riefling mye av sin ungdoms \u00e5penhet og eventyrlyst, og han feiret p\u00e5 mange m\u00e5ter sine st\u00f8rste kunstneriske triumfer henimot livets aften. Opptakene p\u00e5 denne innspillingen er preget av et offensivt, virilt og gnistrende spill, og et energiniv\u00e5 man vanligvis ikke forventer av en 75-\u00e5ring!<\/p>\n<p><\/p>","protected":false},"excerpt":{"rendered":"<p>Utgivelsen markerer et h\u00f8ydepunkt i Rieflings ut\u00f8vergjerning, og er live-opptak uten reparasjoner, helt i Rieflings stil og \u00e5nd.<\/p>\n","protected":false},"featured_media":27849,"comment_status":"closed","ping_status":"closed","template":"","meta":[],"product_brand":[],"product_cat":[180],"product_tag":[],"class_list":{"0":"post-476","1":"product","2":"type-product","3":"status-publish","4":"has-post-thumbnail","6":"product_cat-simax-classics","7":"product_shipping_class-cddvd-shipping","8":"uni_artist_tag-erik-gard-amundsen","9":"uni_artist_tag-gabriel-chmura","10":"uni_artist_tag-karsten-andersen","11":"uni_artist_tag-ludwig-van-beethoven","12":"uni_artist_tag-oslo-philharmonic-orchestra","13":"uni_artist_tag-robert-riefling","14":"uni_main_artist_tag-robert-riefling","15":"uni_artist_genre-classical","16":"uni_artist_genre-concerto","17":"uni_artist_genre-historic-recording","18":"uni_artist_genre-piano","20":"first","21":"outofstock","22":"taxable","23":"shipping-taxable","24":"purchasable","25":"product-type-simple"},"_links":{"self":[{"href":"https:\/\/grappa.no\/no\/wp-json\/wp\/v2\/product\/476","targetHints":{"allow":["GET"]}}],"collection":[{"href":"https:\/\/grappa.no\/no\/wp-json\/wp\/v2\/product"}],"about":[{"href":"https:\/\/grappa.no\/no\/wp-json\/wp\/v2\/types\/product"}],"replies":[{"embeddable":true,"href":"https:\/\/grappa.no\/no\/wp-json\/wp\/v2\/comments?post=476"}],"wp:featuredmedia":[{"embeddable":true,"href":"https:\/\/grappa.no\/no\/wp-json\/wp\/v2\/media\/27849"}],"wp:attachment":[{"href":"https:\/\/grappa.no\/no\/wp-json\/wp\/v2\/media?parent=476"}],"wp:term":[{"taxonomy":"product_brand","embeddable":true,"href":"https:\/\/grappa.no\/no\/wp-json\/wp\/v2\/product_brand?post=476"},{"taxonomy":"product_cat","embeddable":true,"href":"https:\/\/grappa.no\/no\/wp-json\/wp\/v2\/product_cat?post=476"},{"taxonomy":"product_tag","embeddable":true,"href":"https:\/\/grappa.no\/no\/wp-json\/wp\/v2\/product_tag?post=476"}],"curies":[{"name":"wp","href":"https:\/\/api.w.org\/{rel}","templated":true}]}}