{"id":475,"date":"2008-01-07T00:00:00","date_gmt":"2008-01-06T23:00:00","guid":{"rendered":"http:\/\/www.grappa.no\/albums\/uncategorized\/camilla-wicks\/"},"modified":"2019-02-22T16:02:31","modified_gmt":"2019-02-22T15:02:31","slug":"camilla-wicks","status":"publish","type":"product","link":"https:\/\/grappa.no\/no\/albums\/simax-classics\/camilla-wicks\/","title":{"rendered":"Camilla Wicks"},"content":{"rendered":"<p><\/p>\n<p>Camilla Wicks<\/p>\n<p>Den amerikansk-norske stjernefiolinisten og -pedagogen Camilla Wicks fyller 80 \u00e5r i 2008. Hun blir portrettert p\u00e5 denne platen i serien Norske ut\u00f8veres verker 1945-2000, med opptak som aldri tidligere har v\u00e6rt tilgjengelig p\u00e5 CD. Som fiolinsolist er hun et verdensnavn, og for de som kjenner og har opplevd henne p\u00e5 n\u00e6rt hold, er hun en levende legende og en kapasitet som Norge aldri har sett maken til.<\/p>\n<p>I nesten tre generasjoner har Camilla Wicks v\u00e6rt kjent blant musikere og konsertpublikummere verden over. Hun studerte med Louis Persinger ved den prestisjetunge Juilliard-skolen i New York og debuterte i New York&#8217;s Town Hall allerede som 13-\u00e5ring. I USA har hun v\u00e6rt solist med bl.a. Los Angeles Philharmonic, Chicago Symphony og New York Philharmonic. Selveste Jean Sibelius inviterte henne til sitt hjem etter \u00e5 ha h\u00f8rt henne fremf\u00f8re hans fiolinkonsert i Helsinki.<\/p>\n<p><!--more--><\/p>\n<p>Den amerikansk-norske stjernefiolinisten og -pedagogen Camilla Wicks fyller 80 \u00e5r i 2008. Hun blir portrettert p\u00e5 denne platen i serien Norske ut\u00f8veres verker 1945-2000, med opptak som aldri tidligere har v\u00e6rt tilgjengelig p\u00e5 CD. Som fiolinsolist er hun et verdensnavn, og for de som kjenner og har opplevd henne p\u00e5 n\u00e6rt hold, er hun en levende legende og en kapasitet som Norge aldri har sett maken til.<\/p>\n<h4><\/h4>\n<p>Da Wicks kom til Oslo som fiolinpedagog p\u00e5 midten av 1970-tallet representerte hun et internasjonalt fiolinistisk niv\u00e5 som knapt har v\u00e6rt knyttet til Norge verken f\u00f8r eller senere. Dessverre tilbrakte hun kun to \u00e5r i sammenheng ved Norges musikkh\u00f8gskole, som p\u00e5 den tiden var relativt nystartet. Imidlertid har hun opprettholdt n\u00e6re b\u00e5nd til Norge og norsk musikkliv, b\u00e5de i form av konsertvirksomhet og mesterklasser. Mange av Camilla Wicks\u2019 tidligere studenter er i dag i fremtredende roller i norsk musikkliv; fiolinistene Henning Kraggerud og Stefan Barratt-Due er blant dem.<\/p>\n<h4><\/h4>\n<p><h4><\/h4>\n<\/p>\n<p><\/p>","protected":false},"excerpt":{"rendered":"<p>Den amerikansk-norske stjernefiolinisten og -pedagogen Camilla Wicks fyller 80 \u00e5r i 2008.<\/p>\n","protected":false},"featured_media":27847,"comment_status":"closed","ping_status":"open","template":"","meta":[],"product_brand":[],"product_cat":[180],"product_tag":[],"class_list":{"0":"post-475","1":"product","2":"type-product","3":"status-publish","4":"has-post-thumbnail","6":"product_cat-simax-classics","7":"product_shipping_class-cddvd-shipping","8":"uni_artist_tag-alexander-glazunov","9":"uni_artist_tag-bergen-philharmonic-orchestra","10":"uni_artist_tag-bjarne-brustad","11":"uni_artist_tag-camilla-wicks","12":"uni_artist_tag-johannes-brahms","13":"uni_artist_tag-karsten-andersen","14":"uni_artist_tag-pablo-de-sarasate","15":"uni_artist_tag-ralph-vaughan-williams","16":"uni_artist_tag-robert-levin","17":"uni_main_artist_tag-camilla-wicks","18":"uni_artist_genre-concerto","19":"uni_artist_genre-historic-recording","20":"uni_artist_genre-strings","22":"first","23":"instock","24":"taxable","25":"shipping-taxable","26":"purchasable","27":"product-type-simple"},"_links":{"self":[{"href":"https:\/\/grappa.no\/no\/wp-json\/wp\/v2\/product\/475","targetHints":{"allow":["GET"]}}],"collection":[{"href":"https:\/\/grappa.no\/no\/wp-json\/wp\/v2\/product"}],"about":[{"href":"https:\/\/grappa.no\/no\/wp-json\/wp\/v2\/types\/product"}],"replies":[{"embeddable":true,"href":"https:\/\/grappa.no\/no\/wp-json\/wp\/v2\/comments?post=475"}],"wp:featuredmedia":[{"embeddable":true,"href":"https:\/\/grappa.no\/no\/wp-json\/wp\/v2\/media\/27847"}],"wp:attachment":[{"href":"https:\/\/grappa.no\/no\/wp-json\/wp\/v2\/media?parent=475"}],"wp:term":[{"taxonomy":"product_brand","embeddable":true,"href":"https:\/\/grappa.no\/no\/wp-json\/wp\/v2\/product_brand?post=475"},{"taxonomy":"product_cat","embeddable":true,"href":"https:\/\/grappa.no\/no\/wp-json\/wp\/v2\/product_cat?post=475"},{"taxonomy":"product_tag","embeddable":true,"href":"https:\/\/grappa.no\/no\/wp-json\/wp\/v2\/product_tag?post=475"}],"curies":[{"name":"wp","href":"https:\/\/api.w.org\/{rel}","templated":true}]}}