{"id":474,"date":"2008-07-21T00:00:00","date_gmt":"2008-07-20T23:00:00","guid":{"rendered":"http:\/\/www.grappa.no\/albums\/uncategorized\/eva-knardahl\/"},"modified":"2024-03-18T14:50:50","modified_gmt":"2024-03-18T13:50:50","slug":"eva-knardahl","status":"publish","type":"product","link":"https:\/\/grappa.no\/no\/albums\/simax-classics\/eva-knardahl\/","title":{"rendered":"Eva Knardahl"},"content":{"rendered":"<p><\/p>\n<p>Eva Knardahl \u2013 et musikalsk fyrverkeri.<\/p>\n<p>Eva Knardahl var en av de mest markante ut\u00f8vere i etterkrigstidens musikkliv, og var den f\u00f8rste professoren i kammermusikk ved Norges musikkh\u00f8gskole. Hun sa klart fra om sine meninger og var h\u00f8yt aktet blant b\u00e5de kollegaer og elever, og hadde en bred apell. Allerede ved debuten vakte hun umiddelbar oppsikt, elleve \u00e5r gammel, da hun fremf\u00f8rte tre klaverkonserter. Hun gjorde tall\u00f8se TV-opptredner, b\u00e5de i klassisk repertoar men ogs\u00e5 i andre genre; boogie-woogie med Vazelina husker nok de fleste som s\u00e5 det.<\/p>\n<p>P\u00e5 denne flotte utgivelsen fra NRKs arkiver h\u00f8rer vi perlende Scarlatti-spill, ettertenksom Chopin, dyptf\u00f8lt Grieg og ikke minst et fantastisk konsertopptak med Oslo Filharmoniske Orkester og Mariss Jansons i Rachmaninovs Variasjoner over et tema av Paganini. Gjennomg\u00e5ende imponerer Knardahls sangbare tone og saftige akkorder, hun kunne som f\u00e5 andre f\u00e5 et piano til \u00e5 klinge.<\/p>\n<p>&#8211;<\/p>\n<p><!--more--><\/p>\n<p>Eva Knardahl \u2013 radioopptak av et musikalsk fyrverkeri.<\/p>\n<p>For flere generasjoner nordmenn var Eva Knardahls navn synonymt med fargesprakende klaverspill og et smittende hum\u00f8r. Hun etterlot seg flere plateinnspillinger, blant annet var hun den f\u00f8rste som spilte inn Griegs komplette klavermusikk. Men det var p\u00e5 konserter over det ganske land og i radio- eller tv-studio hun virkelig n\u00e5dde ut til det norske folk.<\/p>\n<h4>USA<\/h4>\n<p>I 1947 flyttet Eva Knardahl til USA. Hun var 20 \u00e5r gammel og allerede en kjent ut\u00f8ver i Norge, de skandinaviske land og Frankrike. Knardahl bodde og virket i Minneapolis helt fram til 1965, blant annet som orkesterpianist i Minnesota Symphony Orchestra. Der utviklet det seg ogs\u00e5 en tradisjon hvor Knardal var solist i Griegs klaverkonsert hver 17. mai. Da dirigenten Karsten Andersen turnerte i USA med Bergen Filarmoniske Orkester, overtalte han Eva Knardahl til \u00e5 komme tilbake til Norge \u2013 n\u00e5 var mulighetene for en solistkarriere mye bedre i Norge enn de hadde v\u00e6rt rett etter krigen.<\/p>\n<h4>Norsk musikkliv<\/h4>\n<p>Eva Knardahl vendte alts\u00e5 tilbake til Norge og erobret den musikalske arenaen i hjemlandet med storm. Hun hadde et enormt repertoar, en l\u00e6ringskapasitet utover det vanlige og et musikalsk temperament som gjorde henne til en meget attraktiv. Hun var solist med samtlige orkestre i landet, ga hyppige solokonserter og virket ogs\u00e5 som kammermusiker og akkompagnat\u00f8r. Hun var engasjert i \u00e5 f\u00e5 nyere musikk fram til publikum, og framf\u00f8rte verker av Klaus Egge, Magne Amdahl, Sverre Jordan og mange flere, i tillegg til at hun gjerne spilte det klassiske repertoaret med stort overskudd og sterk musikalsk vilje.<\/p>\n<h4>Pedagogen<\/h4>\n<p>I 1984 ble Eva Knardahl den f\u00f8rste professoren i kammermusikk ved Norges musikkh\u00f8gskole. Hun samlet instrumentalister og sangere, spilte med dem og bidro til \u00e5 organisere konserter, og var veldig opptatt av \u00e5 gi kommende musikere n\u00f8dvendig podieerfaring. Hennes styrke l\u00e5 i repertoarbredden, evnen til \u00e5 inspirere, hengivenheten til faget, og et brennende \u00f8nske om at alle m\u00e5tte lykkes. Derfor var hun ikke en l\u00e6remester som fulgte tilm\u00e5lt tid, og b\u00e5de studenter og kolleger fikk henvendelser fra henne gjennom hele uken, dagen og kveldene. Det var faget som var viktig, og dyktighet kunne bare fremelskes ved et ustoppelig og stadig vedvarende arbeid. <\/p>\n<p>Etter ti \u00e5r som professor og i det \u00e5ret hun rundet 67, besluttet hun \u00e5 trekke seg tilbake. Hun opprettholdt en viss aktivitet som ut\u00f8ver, bl.a var hun p\u00e5 turne med Den Norske Nasjonalballett i 1996. Etterhvert f\u00f8lte hun og ga uttrykk for at hun hadde gjort sitt. Eva Knardahl  d\u00f8de i september 2006 et godt halv\u00e5r f\u00f8r hun ville ha fylt 80 \u00e5r.<\/p>\n<p><\/p>","protected":false},"excerpt":{"rendered":"<p>\u2013 Klaverets dronning. Eva Knardahl var utvilsomt den st\u00f8rste pianisten i sin generasjon. (Kjell Hillveg \/ Dagsavisen)<\/p>\n","protected":false},"featured_media":27846,"comment_status":"closed","ping_status":"closed","template":"","meta":[],"product_brand":[],"product_cat":[180],"product_tag":[],"class_list":{"0":"post-474","1":"product","2":"type-product","3":"status-publish","4":"has-post-thumbnail","6":"product_cat-simax-classics","7":"product_shipping_class-cddvd-shipping","8":"uni_artist_tag-christian-sinding","9":"uni_artist_tag-domenico-scarlatti","10":"uni_artist_tag-edvard-grieg","11":"uni_artist_tag-eva-knardahl","12":"uni_artist_tag-frederic-chopin","13":"uni_artist_tag-halfdan-kjerulf","14":"uni_artist_tag-mariss-jansons","15":"uni_artist_tag-oslo-philharmonic-orchestra","16":"uni_artist_tag-sergei-rachmaninov","17":"uni_main_artist_tag-eva-knardahl","18":"uni_artist_genre-classical","19":"uni_artist_genre-concerto","20":"uni_artist_genre-historic-recording","21":"uni_artist_genre-piano","23":"first","24":"outofstock","25":"taxable","26":"shipping-taxable","27":"purchasable","28":"product-type-simple"},"_links":{"self":[{"href":"https:\/\/grappa.no\/no\/wp-json\/wp\/v2\/product\/474","targetHints":{"allow":["GET"]}}],"collection":[{"href":"https:\/\/grappa.no\/no\/wp-json\/wp\/v2\/product"}],"about":[{"href":"https:\/\/grappa.no\/no\/wp-json\/wp\/v2\/types\/product"}],"replies":[{"embeddable":true,"href":"https:\/\/grappa.no\/no\/wp-json\/wp\/v2\/comments?post=474"}],"wp:featuredmedia":[{"embeddable":true,"href":"https:\/\/grappa.no\/no\/wp-json\/wp\/v2\/media\/27846"}],"wp:attachment":[{"href":"https:\/\/grappa.no\/no\/wp-json\/wp\/v2\/media?parent=474"}],"wp:term":[{"taxonomy":"product_brand","embeddable":true,"href":"https:\/\/grappa.no\/no\/wp-json\/wp\/v2\/product_brand?post=474"},{"taxonomy":"product_cat","embeddable":true,"href":"https:\/\/grappa.no\/no\/wp-json\/wp\/v2\/product_cat?post=474"},{"taxonomy":"product_tag","embeddable":true,"href":"https:\/\/grappa.no\/no\/wp-json\/wp\/v2\/product_tag?post=474"}],"curies":[{"name":"wp","href":"https:\/\/api.w.org\/{rel}","templated":true}]}}