{"id":473,"date":"2010-02-01T00:00:00","date_gmt":"2010-01-31T23:00:00","guid":{"rendered":"http:\/\/www.grappa.no\/albums\/uncategorized\/eugene-ysaye-string-trios\/"},"modified":"2019-02-22T16:02:23","modified_gmt":"2019-02-22T15:02:23","slug":"eugene-ysaye-string-trios","status":"publish","type":"product","link":"https:\/\/grappa.no\/no\/albums\/simax-classics\/eugene-ysaye-string-trios\/","title":{"rendered":"Eug\u00e8ne Ysa\u00ffe: String Trios"},"content":{"rendered":"<p><\/p>\n<p>Unikt norskt prosjekt med verdenspremierer av Eug\u00e8ne Ysa\u00ffe<\/p>\n<p>Dette er to verdenspremierer p\u00e5 musikk skrevet av Eug\u00e8ne Ysa\u00ffe; ut\u00f8veren og komponisten som revolusjonerte utviklingen av v\u00e5r tids fiolinspill. Verkene er gjenfunnet og rekonstruert av fiolinisten og musikkforskeren Tor Johan B\u00f8en. Det skjer ikke hver dag at norske musikkforskere og ut\u00f8vere bidrar til utvidelse av den store europeiske, klassiske musikkarven. Publiseringen av Ysa\u00ffes \u2018nye\u2019 trioer p\u00e5 CD og i noteutgave er en begivenhet som vil gi gjenlyd i musikkmilj\u00f8er verden over.<br \/>\nTor Johan B\u00f8en, 1971, debuterte som fiolinist i 1993, og har studert med Leif J\u00f8rgensen, Lars Anders Tomter, Camilla Wicks og Sergiu Luca. Han begynte arbeidet med \u00e5 oppspore fragmentene av Ysa\u00ffes fantastiske stryketrioer som sitt doktorgradsprosjekt ved Rice University i Houston, Texas. Som f\u00f8lge av dette forskningsarbeidet kan resten av verden n\u00e5 f\u00e5 gj\u00f8re seg nytte av noteutgaver og fremf\u00f8relser som bringer oss mye n\u00e6rmere Ysa\u00ffes visjoner for sine komposisjoner.<\/p>\n<p><!--more--><\/p>\n<p>Dette er to verdenspremierer p\u00e5 musikk skrevet av Eug\u00e8ne Ysa\u00ffe; ut\u00f8veren og komponisten som revolusjonerte utviklingen av v\u00e5r tids fiolinspill. Verkene er gjenfunnet og rekonstruert av fiolinisten og musikkforskeren Tor Johan B\u00f8en.<\/p>\n<h4>Komponisten Eug\u00e8ne Ysa\u00ffe (1858-1931)<\/h4>\n<p>Som den udiskutabelt fremste ut\u00f8ver i sin tid inspirerte han Franck, Debussy, Chausson og flere andre komponister til \u00e5 skrive noen av sine viktigste verker for seg. Men sin egen virksomhet som komponist holdt Ysa\u00ffe s\u00e5 godt som hemmelig, ogs\u00e5 for sine n\u00e6rmeste. Unntaket er selvf\u00f8lgelig de seks solosonatene for fiolin, som til gjengjeld er de mest sentrale verkene i det moderne fiolinrepertoaret. De nyoppdagede og rekonstruerte trioene p\u00e5 denne utgivelsen viser hvordan Ysa\u00ffe, med sin unike spillestil, hele sitt liv utforsket og utviklet nye ideer i sin musikk n\u00e5r det gjelder musikalsk spr\u00e5k, former, kontrapunkt, polyfoniske stemmer og virtuositet. Med sine musikalske ideer og kunnskap om instrumentenes muligheter brakte Ysa\u00ffe stryketrioen opp p\u00e5 et nytt niv\u00e5.<\/p>\n<h4>Tre trioer for strykere \u2013 \u00e9n med urfremf\u00f8ring i Norge<\/h4>\n<p>Verkene p\u00e5 denne utgivelsen ble skrevet i perioden 1914-27, men bare et av dem ble fremf\u00f8rt i Ysa\u00ffes levetid. Mest interessant, sett med norske \u00f8yne, er kanskje 2\u00eame Trio, som inntil nylig har v\u00e6rt helt ukjent. Dette verket ble aldri publisert, det har bare eksistert i manuskriptform. F\u00f8rste gang denne trioen ble fremf\u00f8rt offentlig var ved en konsert i \u00c5s gamle kirke, 28. februar i 2008 med B\u00f8en, Jopling og Martens.<\/p>\n<h4>Restaureringsarbeidet \u2013 p\u00e5 sporet av Ysa\u00ffe<\/h4>\n<p>Tor Johan B\u00f8en, 1971, debuterte som fiolinist i 1993, og har studert med Leif J\u00f8rgensen,<br \/>\nLars Anders Tomter, Camilla Wicks og Sergiu Luca. Han begynte arbeidet med \u00e5 oppspore fragmentene av Ysa\u00ffes fantastiske stryketrioer som sitt doktorgradsprosjekt ved Rice University i Houston, Texas. I dette enorme \u2018puslespillet\u2019 med manuskripter og skisser har Tor Johan B\u00f8en oppdaget, dokumentert og registrert hvordan komponisten inntil det siste har gjort fundamentale revisjoner og forbedret sine verker, ogs\u00e5 etter at stemmene var skrevet ut. Som f\u00f8lge av dette forskningsarbeidet kan resten av verden n\u00e5 f\u00e5 gj\u00f8re seg nytte av noteutgaver og fremf\u00f8relser som bringer oss mye n\u00e6rmere Ysa\u00ffes visjoner for sine komposisjoner.<\/p>\n<p><\/p>","protected":false},"excerpt":{"rendered":"<p>Som f\u00f8lge av dette forskningsarbeidet kan resten av verden n\u00e5 f\u00e5 gj\u00f8re seg nytte av noteutgaver og fremf\u00f8relser som bringer oss mye n\u00e6rmere Ysa\u00ffes visjoner for sine komposisjoner.<\/p>\n","protected":false},"featured_media":27702,"comment_status":"closed","ping_status":"open","template":"","meta":[],"product_brand":[],"product_cat":[180],"product_tag":[],"class_list":{"0":"post-473","1":"product","2":"type-product","3":"status-publish","4":"has-post-thumbnail","6":"product_cat-simax-classics","7":"product_shipping_class-cddvd-shipping","8":"uni_artist_tag-anders-nilsson","9":"uni_artist_tag-are-sandbakken","10":"uni_artist_tag-eugene-ysaye","11":"uni_artist_tag-johannes-martens","12":"uni_artist_tag-juliet-jopling","13":"uni_artist_tag-tony-harrison","14":"uni_artist_tag-tor-johan-boen","15":"uni_main_artist_tag-tor-johan-boen","16":"uni_artist_genre-chamber-music","17":"uni_artist_genre-strings","18":"uni_artist_genre-world-premiere-recording","20":"first","21":"instock","22":"taxable","23":"shipping-taxable","24":"purchasable","25":"product-type-simple"},"_links":{"self":[{"href":"https:\/\/grappa.no\/no\/wp-json\/wp\/v2\/product\/473","targetHints":{"allow":["GET"]}}],"collection":[{"href":"https:\/\/grappa.no\/no\/wp-json\/wp\/v2\/product"}],"about":[{"href":"https:\/\/grappa.no\/no\/wp-json\/wp\/v2\/types\/product"}],"replies":[{"embeddable":true,"href":"https:\/\/grappa.no\/no\/wp-json\/wp\/v2\/comments?post=473"}],"wp:featuredmedia":[{"embeddable":true,"href":"https:\/\/grappa.no\/no\/wp-json\/wp\/v2\/media\/27702"}],"wp:attachment":[{"href":"https:\/\/grappa.no\/no\/wp-json\/wp\/v2\/media?parent=473"}],"wp:term":[{"taxonomy":"product_brand","embeddable":true,"href":"https:\/\/grappa.no\/no\/wp-json\/wp\/v2\/product_brand?post=473"},{"taxonomy":"product_cat","embeddable":true,"href":"https:\/\/grappa.no\/no\/wp-json\/wp\/v2\/product_cat?post=473"},{"taxonomy":"product_tag","embeddable":true,"href":"https:\/\/grappa.no\/no\/wp-json\/wp\/v2\/product_tag?post=473"}],"curies":[{"name":"wp","href":"https:\/\/api.w.org\/{rel}","templated":true}]}}