{"id":471,"date":"2006-02-20T00:00:00","date_gmt":"2006-02-19T23:00:00","guid":{"rendered":"http:\/\/www.grappa.no\/albums\/uncategorized\/songs-from-the-last-century\/"},"modified":"2016-11-18T16:34:41","modified_gmt":"2016-11-18T15:34:41","slug":"songs-from-the-last-century","status":"publish","type":"product","link":"https:\/\/grappa.no\/no\/albums\/simax-classics\/songs-from-the-last-century\/","title":{"rendered":"Songs From the Last Century"},"content":{"rendered":"<p><\/p>\n<p>Romansen \u2013 d\u00f8d? Ikke hos oss!<\/p>\n<p>Guri Egge har en helt spesiell plass i norsk musikkliv. Fra f\u00f8rste stund gjorde hun seg bemerket som representant for det nyskapende. Med st\u00f8rste naturlighet har hun alltid st\u00e5tt midt i sin samtid, s\u00e5 vel i repertoarvalg som i sin vokale tiln\u00e6rmingsm\u00e5te. Og her er hun med en plate med premiereinnspillinger av norske sanger \u2013 fra forrige \u00e5rhundre.<\/p>\n<p>Samarbeid mellom komponister og ut\u00f8vere har beriket norsk musikkliv spesielt i nyere tid. Gjennom dette har den tradisjonelle sang\/romanse-formen kunnet fortsette sin utvikling hos oss i en grad den ikke har gjort i andre deler av Europa. Slik sett st\u00e5r v\u00e5re komponister i en s\u00e6rstilling, i det de har f\u00e5tt anledning til \u00e5 n\u00e6rme seg arbeidet med tekst i dette klassiske formatet. Og tekstmaterialet h\u00f8rer hjemme blant det aller fremste: Rainer Maria Rilke, D. H. Lawrence, Rolf Jacobsen, Cecilie L\u00f8veid, Paal Brekke og Sigbj\u00f8rn Obstfelder.<\/p>\n<p><!--more--><\/p>\n<p>Guri Egge har en helt spesiell plass i norsk musikkliv. Fra f\u00f8rste stund gjorde hun seg bemerket som representant for det nyskapende. Med st\u00f8rste naturlighet har hun alltid st\u00e5tt midt i sin samtid, s\u00e5 vel i repertoarvalg som i sin vokale tiln\u00e6rmingsm\u00e5te. Og her er hun med en plate med premiereinnspillinger av norske sanger \u2013 fra forrige \u00e5rhundre.<\/p>\n<h4>Engasjement<\/h4>\n<p>Hun har et stort register \u00e5 spille p\u00e5. Hennes evner som skuespiller og danser har gjort musikkdramatikk til et sentralt arbeidsfelt. Men engasjementet, livet og ektheten i hennes formidling kan ogs\u00e5 sprenge grenser i en vanlig konsertsituasjon, slik at tradisjonelle barrierer mellom det nye og publikum oppl\u00f8ses i en umiddelbar kommunikasjon.<\/p>\n<h4>Romansen \u2013 d\u00f8d? Ikke hos oss!<\/h4>\n<p>Samarbeid mellom komponister og ut\u00f8vere har beriket norsk musikkliv spesielt i nyere tid. Gjennom dette har den tradisjonelle sang\/romanse-formen kunnet fortsette sin utvikling hos oss i en grad den ikke har gjort i andre deler av Europa. Slik sett st\u00e5r v\u00e5re komponister i en s\u00e6rstilling, i det de har f\u00e5tt anledning til \u00e5 n\u00e6rme seg arbeidet med tekst i dette klassiske formatet. Og tekstmaterialet h\u00f8rer hjemme blant det aller fremste: Rainer Maria Rilke, D. H. Lawrence, Rolf Jacobsen, Cecilie L\u00f8veid, Paal Brekke og Sigbj\u00f8rn Obstfelder.<\/p>\n<h4><\/h4>\n<\/p>\n<p><\/p>","protected":false},"excerpt":{"rendered":"<p>Guri Egge eier det hun formidler, og kan fylle den mest kompliserte musikk med et levende uttrykk.<\/p>\n","protected":false},"featured_media":27515,"comment_status":"closed","ping_status":"open","template":"","meta":[],"product_brand":[],"product_cat":[180],"product_tag":[],"class_list":{"0":"post-471","1":"product","2":"type-product","3":"status-publish","4":"has-post-thumbnail","6":"product_cat-simax-classics","7":"product_shipping_class-cddvd-shipping","8":"uni_artist_tag-einar-henning-smebye","9":"uni_artist_tag-finn-mortensen","10":"uni_artist_tag-guri-egge","11":"uni_artist_tag-hans-christian-braein","12":"uni_artist_tag-hans-kristian-kjos-sorensen","13":"uni_artist_tag-magne-hegdal","14":"uni_artist_tag-olav-anton-thommessen","15":"uni_artist_tag-oystein-birkeland","16":"uni_artist_tag-peter-szilvay","17":"uni_artist_tag-rolf-wallin","18":"uni_artist_tag-sigyn-fossnes","19":"uni_artist_tag-synne-skouen","20":"uni_artist_tag-tom-ottar-andreassen","21":"uni_main_artist_tag-guri-egge","22":"uni_artist_genre-contemporary-music","23":"uni_artist_genre-song-with-orchestra","25":"first","26":"instock","27":"taxable","28":"shipping-taxable","29":"purchasable","30":"product-type-simple"},"_links":{"self":[{"href":"https:\/\/grappa.no\/no\/wp-json\/wp\/v2\/product\/471","targetHints":{"allow":["GET"]}}],"collection":[{"href":"https:\/\/grappa.no\/no\/wp-json\/wp\/v2\/product"}],"about":[{"href":"https:\/\/grappa.no\/no\/wp-json\/wp\/v2\/types\/product"}],"replies":[{"embeddable":true,"href":"https:\/\/grappa.no\/no\/wp-json\/wp\/v2\/comments?post=471"}],"wp:featuredmedia":[{"embeddable":true,"href":"https:\/\/grappa.no\/no\/wp-json\/wp\/v2\/media\/27515"}],"wp:attachment":[{"href":"https:\/\/grappa.no\/no\/wp-json\/wp\/v2\/media?parent=471"}],"wp:term":[{"taxonomy":"product_brand","embeddable":true,"href":"https:\/\/grappa.no\/no\/wp-json\/wp\/v2\/product_brand?post=471"},{"taxonomy":"product_cat","embeddable":true,"href":"https:\/\/grappa.no\/no\/wp-json\/wp\/v2\/product_cat?post=471"},{"taxonomy":"product_tag","embeddable":true,"href":"https:\/\/grappa.no\/no\/wp-json\/wp\/v2\/product_tag?post=471"}],"curies":[{"name":"wp","href":"https:\/\/api.w.org\/{rel}","templated":true}]}}