{"id":470,"date":"2006-01-16T00:00:00","date_gmt":"2006-01-15T23:00:00","guid":{"rendered":"http:\/\/www.grappa.no\/albums\/uncategorized\/sonatas-by-scarlatti-mendelssohn\/"},"modified":"2019-02-22T16:02:19","modified_gmt":"2019-02-22T15:02:19","slug":"sonatas-by-scarlatti-mendelssohn","status":"publish","type":"product","link":"https:\/\/grappa.no\/no\/albums\/simax-classics\/sonatas-by-scarlatti-mendelssohn\/","title":{"rendered":"Sonatas by Scarlatti &amp; Mendelssohn"},"content":{"rendered":"<p><\/p>\n<p>\u00c5rets solistdebut er her allerede!<\/p>\n<p>Han har evnen til \u00e5 ikle seg musikken han spiller, Sveinung Bjelland. P\u00e5 sin CD-debut som solist har han valgt sprudlende og sv\u00e6rt virtuos musikk av Scarlatti og Mendelssohn. Som lytter finner man seg behagelig fastholdt i Bjellands grep \u2013 sammen med noe av den mest fengslende musikk som er skrevet for klaver.<\/p>\n<p>Scarlatti skrev sine sonater for andre instrumenter enn dagens flygel, men likefullt har de i moderne tid etablert seg p\u00e5 repertoaret til en eksklusiv gruppe pianister, ledet an av legendariske Vladimir Horowitz. Bjelland selv sporer en felles \u2018galant stil\u2019 i klaverkomposisjonene til Scarlatti og Mendelssohn, vidunderbarnet som i tillegg til \u00e5 v\u00e6re sentral i gjenoppdagelsen av Bach p\u00e5 1800-tallet ogs\u00e5 studerte nettopp Scarlatti meget grundig. Og p\u00e5 denne platen demonstrerer Sveinung Bjelland dette slektskapet med spill av ypperste klasse.<\/p>\n<p><!--more--><\/p>\n<p>Han har evnen til \u00e5 ikle seg musikken han spiller, Sveinung Bjelland. P\u00e5 sin CD-debut som solist har han valgt sprudlende og sv\u00e6rt virtuos musikk av Scarlatti og Mendelssohn. Som lytter finner man seg behagelig fastholdt i Bjellands grep \u2013 sammen med noe av den mest fengslende musikk som er skrevet for klaver.<\/p>\n<h4>En galant klaverstil<\/h4>\n<p>Scarlatti skrev sine sonater for andre instrumenter enn dagens flygel, men likefullt har de i moderne tid etablert seg p\u00e5 repertoaret til en eksklusiv gruppe pianister, ledet an av legendariske Vladimir Horowitz. Bjelland selv sporer en felles \u2018galant stil\u2019 i klaverkomposisjonene til Scarlatti og Mendelssohn, vidunderbarnet som i tillegg til \u00e5 v\u00e6re sentral i gjenoppdagelsen av Bach p\u00e5 1800-tallet ogs\u00e5 studerte nettopp Scarlatti meget grundig. Og p\u00e5 denne platen demonstrerer Sveinung Bjelland dette slektskapet med spill av ypperste klasse.<\/p>\n<h4>Erfaren debutantSveinung Bjellands navn og musikalske evner t\u00f8r v\u00e6re godt kjent allerede, b\u00e5de som solist med v\u00e5re fremste orkestre og som kammermusiker. Med nitidig presisjon forf\u00f8lger Bjelland alle aspekter ved sitt arbeid ned til minste detalj, for s\u00e5 \u00e5 slippe kontrollen fullstendig n\u00e5r alt har funnet sin plass. Han utstr\u00e5ler en dyp trygghet vi kjenner fra andre solister p\u00e5 internasjonalt h\u00f8yeste niv\u00e5, en trygghet som gj\u00f8r at tilh\u00f8reren uten forbehold blir med dit musikken m\u00e5tte f\u00f8re hen.<\/h4>\n<p><h4><\/h4>\n<\/p>\n<p><\/p>","protected":false},"excerpt":{"rendered":"<p>\u2013 No self-respecting piano connoisseur should let this truly distinctive release slip away. [10\/10 Jed Distler \/ ClassicsToday]<\/p>\n","protected":false},"featured_media":27701,"comment_status":"closed","ping_status":"open","template":"","meta":[],"product_brand":[],"product_cat":[180],"product_tag":[],"class_list":{"0":"post-470","1":"product","2":"type-product","3":"status-publish","4":"has-post-thumbnail","6":"product_cat-simax-classics","7":"product_shipping_class-cddvd-shipping","8":"uni_artist_tag-domenico-scarlatti","9":"uni_artist_tag-felix-mendelssohn","10":"uni_artist_tag-martin-sauer","11":"uni_artist_tag-sveinung-bjelland","12":"uni_main_artist_tag-sveinung-bjelland","13":"uni_artist_genre-norwegian-grammy-nominated-spellemann-nominert","14":"uni_artist_genre-young-norwegian","16":"first","17":"instock","18":"taxable","19":"shipping-taxable","20":"purchasable","21":"product-type-simple"},"_links":{"self":[{"href":"https:\/\/grappa.no\/no\/wp-json\/wp\/v2\/product\/470","targetHints":{"allow":["GET"]}}],"collection":[{"href":"https:\/\/grappa.no\/no\/wp-json\/wp\/v2\/product"}],"about":[{"href":"https:\/\/grappa.no\/no\/wp-json\/wp\/v2\/types\/product"}],"replies":[{"embeddable":true,"href":"https:\/\/grappa.no\/no\/wp-json\/wp\/v2\/comments?post=470"}],"wp:featuredmedia":[{"embeddable":true,"href":"https:\/\/grappa.no\/no\/wp-json\/wp\/v2\/media\/27701"}],"wp:attachment":[{"href":"https:\/\/grappa.no\/no\/wp-json\/wp\/v2\/media?parent=470"}],"wp:term":[{"taxonomy":"product_brand","embeddable":true,"href":"https:\/\/grappa.no\/no\/wp-json\/wp\/v2\/product_brand?post=470"},{"taxonomy":"product_cat","embeddable":true,"href":"https:\/\/grappa.no\/no\/wp-json\/wp\/v2\/product_cat?post=470"},{"taxonomy":"product_tag","embeddable":true,"href":"https:\/\/grappa.no\/no\/wp-json\/wp\/v2\/product_tag?post=470"}],"curies":[{"name":"wp","href":"https:\/\/api.w.org\/{rel}","templated":true}]}}