{"id":469,"date":"2007-05-14T00:00:00","date_gmt":"2007-05-13T23:00:00","guid":{"rendered":"http:\/\/www.grappa.no\/albums\/uncategorized\/lyrical-travels-with-edvard-grieg\/"},"modified":"2025-07-08T09:31:23","modified_gmt":"2025-07-08T08:31:23","slug":"lyrical-travels-with-edvard-grieg","status":"publish","type":"product","link":"https:\/\/grappa.no\/no\/albums\/simax-classics\/lyrical-travels-with-edvard-grieg\/","title":{"rendered":"Lyrical Travels with Edvard Grieg"},"content":{"rendered":"<p><\/p>\n<p>Piano med stemme-prakt<\/p>\n<p>Griegs lyriske stykker er uten sammenligning hans mest popul\u00e6re, flere av dem har i over 100 \u00e5r behold sin plass p\u00e5 repertoaret hos b\u00e5de profesjonelle og amat\u00f8rer. I lys av Liv Glasers fem seneste utgivelser hadde Simax Classics et oppdrag klart for henne til starten av Grieg\u00e5ret vi n\u00e5 er inne i: velg ut dine favoritter og spill dem inn p\u00e5 et tidstypisk instrument!<\/p>\n<p>Denne innspillingen er gjort med et instrument fra 1853, og hvert register har en vokal klang som er vesensforskjellig fra de andre registrene i instrumentet. Spilt p\u00e5 denne type instrument blir Griegs melodiske geni enda tydeligere, og musikken folder seg helt naturlig ut slik den var komponert og tenkt. Grieg var pianist, og han kjente klaveret inng\u00e5ende og hadde et naturlig instinkt for instrumentets uttrykksmuligheter.<\/p>\n<p><!--more--><\/p>\n<p>En vandring gjennom de kj\u00e6reste av Griegs lyriske stykker, med hans kanskje fremste fortolker. Liv Glaser var den aller f\u00f8rste som spilte inn Griegs samlede lyriske stykker p\u00e5 plate, for RCA i 1963. I Grieg\u00e5ret 2007 er hun klar med en samling som m\u00e5 kunne kalles \u2018Greatest Grieg\u2019 \u2013 denne gangen spilt inn p\u00e5 et instrument fra Griegs egen tid.<\/p>\n<h4>Piano med stemme-prakt<\/h4>\n<p>Griegs musikk stammer fra en tid da pianoer (og alt annet for den saks skyld) ikke var s\u00e5 forbasket likelydende og ensartede som de er i v\u00e5re dager. Denne innspillingen er gjort med et instrument fra 1853, og hvert register har en vokal klang som er vesensforskjellig fra de andre registrene i instrumentet. Spilt p\u00e5 denne type instrument blir Griegs melodiske geni enda tydeligere, og musikken folder seg helt naturlig ut slik den var komponert og tenkt. Grieg var pianist, og han kjente klaveret inng\u00e5ende og hadde et naturlig instinkt for instrumentets uttrykksmuligheter.<\/p>\n<h4>\u00ab\u2026 min livshistorie\u00bb<\/h4>\n<p>Debussy lignet foraktfullt de lyriske stykkene med \u00abrosa drops fylt med sne\u00bb, et ganske spesielt utsagn fra en som sto i en s\u00e5 stor kunstnerisk takknemmelighetsgjeld til Grieg som nettopp han. Grieg skriver i et brev til sin forlegger: \u00abDe 10 bind Lyriske representerer en del av min livshistorie.\u00bb Dette er en betroelse som tatt p\u00e5 alvor \u00e5pner for en lyrisk vandring i et landskap med eventyrlige skatter!<\/p>\n<h4>Liv Glaser (f. 1935)<\/h4>\n<p>Et begrep for norske musikkelskere. Helt fra debuten i 1960 er hun blitt regnet blant den norske klaverelite, med utallige konserter og opptredener i radio og TV. Hun har turnert og gitt kurser og mesterklasser over hele verden. Glaser studerte med Robert Riefling i Oslo, p\u00e5 Conservatoire Sup\u00e9rieur de Musique i Paris med legendariske Vlado Perlemuter, senere hos Wilhelm Kempff.<\/p>\n<p>I 1990 satte hun seg atter p\u00e5 \u2018skolebenken\u2019, tok timer Paul Badura-Skoda i Wien, studerte Mozart-manuskripter ved NMA, Mozarteum, og fordypet seg i hammerklaver hos Malcom Bilson ved Cornell-universitet i U.S.A. Det resulterte i innspilling av Mozarts komplette klaversonater. Glaser har undervist ved Norges musikkh\u00f8gskole fra grunnleggelsen i 1973 og ble professor i 1994. I 2005 ble Liv Glaser tildelt den prestisjetunge Lindemanprisen.<\/p>\n<p><\/p>","protected":false},"excerpt":{"rendered":"<p>\u2013 Liv Glaser klarer \u00e5 rendyrke det lette anslaget. I hendene hennes blir denne musikken f\u00f8rst og fremst elegant og grasi\u00f8s med en intens, underliggende nerve &#8211; samtidig som hun har evig nok av folkemusikalsk sprett og spenst. [Tori Skrede, VG]<\/p>\n","protected":false},"featured_media":27696,"comment_status":"closed","ping_status":"closed","template":"","meta":[],"product_brand":[],"product_cat":[180],"product_tag":[],"class_list":{"0":"post-469","1":"product","2":"type-product","3":"status-publish","4":"has-post-thumbnail","6":"product_cat-simax-classics","7":"product_shipping_class-cddvd-shipping","8":"uni_artist_tag-edvard-grieg","9":"uni_artist_tag-erik-gard-amundsen","10":"uni_artist_tag-liv-glaser","11":"uni_main_artist_tag-liv-glaser","12":"uni_artist_genre-early-music","13":"uni_artist_genre-easy-listening","14":"uni_artist_genre-norwegian","15":"uni_artist_genre-piano","17":"first","18":"outofstock","19":"taxable","20":"shipping-taxable","21":"purchasable","22":"product-type-simple"},"_links":{"self":[{"href":"https:\/\/grappa.no\/no\/wp-json\/wp\/v2\/product\/469","targetHints":{"allow":["GET"]}}],"collection":[{"href":"https:\/\/grappa.no\/no\/wp-json\/wp\/v2\/product"}],"about":[{"href":"https:\/\/grappa.no\/no\/wp-json\/wp\/v2\/types\/product"}],"replies":[{"embeddable":true,"href":"https:\/\/grappa.no\/no\/wp-json\/wp\/v2\/comments?post=469"}],"wp:featuredmedia":[{"embeddable":true,"href":"https:\/\/grappa.no\/no\/wp-json\/wp\/v2\/media\/27696"}],"wp:attachment":[{"href":"https:\/\/grappa.no\/no\/wp-json\/wp\/v2\/media?parent=469"}],"wp:term":[{"taxonomy":"product_brand","embeddable":true,"href":"https:\/\/grappa.no\/no\/wp-json\/wp\/v2\/product_brand?post=469"},{"taxonomy":"product_cat","embeddable":true,"href":"https:\/\/grappa.no\/no\/wp-json\/wp\/v2\/product_cat?post=469"},{"taxonomy":"product_tag","embeddable":true,"href":"https:\/\/grappa.no\/no\/wp-json\/wp\/v2\/product_tag?post=469"}],"curies":[{"name":"wp","href":"https:\/\/api.w.org\/{rel}","templated":true}]}}