{"id":468,"date":"2005-10-07T00:00:00","date_gmt":"2005-10-06T23:00:00","guid":{"rendered":"http:\/\/www.grappa.no\/albums\/uncategorized\/eg-veit-ei-lita-gjente-%c2%b7-i-know-a-little-girl\/"},"modified":"2019-02-22T16:02:12","modified_gmt":"2019-02-22T15:02:12","slug":"eg-veit-ei-lita-gjente-%c2%b7-i-know-a-little-girl","status":"publish","type":"product","link":"https:\/\/grappa.no\/no\/albums\/simax-classics\/eg-veit-ei-lita-gjente-%c2%b7-i-know-a-little-girl\/","title":{"rendered":"Eg veit ei lita gjente \u00b7 I know a little girl"},"content":{"rendered":"<p><\/p>\n<p>Sanger, klaverstykker og kammermusikk av Paul Okkenhaug<\/p>\n<p>Endelig kommer en CD med Paul Okkenhaugs nydelige sanger og klaverstykker, mange p\u00e5 utgitt for f\u00f8rste gang. Eir Inderhaug, sensasjonell Talentiade-vinner i 1991, gj\u00f8r sin debut som soloartist p\u00e5 plate med helnorsk repertoar.<\/p>\n<p>Paul Okkenhaug er mannen bak musikken til Spelet om Heilag Olav, som ikke mindre enn 670 000 mennesker har opplevd p\u00e5 Stiklestad siden starten p\u00e5 spelet i 1954. G\u00e5rdbrukeren fra Levanger i Nord-Tr\u00f8ndelag var ogs\u00e5 komponist, organist og kirkekorleder, pianist og l\u00e6rer. Okkenhaug var utdannet organist og studerte senere komposisjon med Bjarne Brustad, David Monrad Johansen og Geirr Tveitt blant andre. Hans produksjon omfatter verker for orkester, kor, scene, klaver, orgel, kammerbesetninger og sang.<\/p>\n<p><!--more--><\/p>\n<p>Endelig kommer en CD med Paul Okkenhaugs nydelige sanger og klaverstykker, mange utgitt for f\u00f8rste gang. Eir Inderhaug, sensasjonell Talentiade-vinner i 1991, gj\u00f8r sin debut som soloartist p\u00e5 plate med helnorsk repertoar.<\/p>\n<h4>Et liv med musikk<\/h4>\n<p>Okkenhaug var utdannet organist og studerte senere komposisjon med Bjarne Brustad, David Monrad Johansen og Geirr Tveitt blant andre. Hans produksjon omfatter verker for orkester, kor, scene, klaver, orgel, kammerbesetninger og sang. I 2000 ga Norsk Musikforlag ut en samlet noteutgave med tittelen Fra barcarole til koral \u2013 toner gjennom 50 \u00e5r. Klaverutgaven til Spelet om Heilag Olav kom p\u00e5 samme forlag i 2003.<\/p>\n<h4>Den inspirerte melodi<\/h4>\n<p>Det var \u00f8ret og hjertet han s\u00f8kte i sine melodier, Paul Okkehaug. Tonen skulle g\u00e5 rett til \u00f8ret, rett til den umiddelbare opplevelsen, ikke via intellektet. Arrangementet skulle underst\u00f8tte den enkle tonen, og samtidig gi en overbygning av noe raffinert, oftest i form av modige akkorder eller en rytmisk snert. Han ville ogs\u00e5 at musikken skulle n\u00e5 et stort antall ut\u00f8vere, de skulle spilles og synges av mange. Denne ideologien var kanskje ogs\u00e5 med p\u00e5 \u00e5 styre komponeringen inn i en enkel og publikumsvennlig stil.<\/p>\n<h4>Unge ut\u00f8vere l\u00f8fter musikken opp fra notepapiret<\/h4>\n<p>Eir Inderhaugs karriere har v\u00e6rt i full utvikling siden den fikk en spektakul\u00e6r start etter at hun vant \u2018Talentiaden\u2019 i 1991. Etter flere \u00e5r ved tyske operascener, sist ved Deutsche Oper am Rhein i D\u00fcsseldorf, har hun n\u00e5 etablert seg som frilanssanger i K\u00f8benhavn. De siste 10 \u00e5rene har hun spilt Gudrun i Spelet om Heilag Olav, og har p\u00e5 den m\u00e5ten kommet Okkenhaugs musikk sv\u00e6rt n\u00e6r. Eir er dessuten INTRO klassisk-musiker i Rikskonsertene i perioden 2003-05, noe som inneb\u00e6rer turneer i Norge over flere \u00e5r. Eirs stemme har en magisk kvalitet. Hennes foredrag klinger alltid sant, rent og ekte. Nettopp dette gj\u00f8r henne som skapt for \u00e5 gj\u00f8re Okkenhaugs sanger: musikk som ikke lar seg avspise med till\u00e6rte fakter. Sveinung Bjelland har markert seg som en meget raffinert pianist og sensitiv musiker ved en rekke anledninger, og hans tolkninger av Okkenhaugs klaverstykker vil med sikkerhet v\u00e6re med p\u00e5 \u00e5 bringe disse frem i lyset ogs\u00e5 for andre ut\u00f8vere.<\/p>\n<p><\/p>","protected":false},"excerpt":{"rendered":"<p>Tonen skulle g\u00e5 rett til \u00f8ret, rett til den umiddelbare opplevelsen, ikke via intellektet.<\/p>\n","protected":false},"featured_media":27614,"comment_status":"closed","ping_status":"open","template":"","meta":[],"product_brand":[],"product_cat":[180],"product_tag":[],"class_list":{"0":"post-468","1":"product","2":"type-product","3":"status-publish","4":"has-post-thumbnail","6":"product_cat-simax-classics","7":"product_shipping_class-cddvd-shipping","8":"uni_artist_tag-eir-inderhaug","9":"uni_artist_tag-jorn-pedersen","10":"uni_artist_tag-oystein-birkeland","11":"uni_artist_tag-paul-okkenhaug","12":"uni_artist_tag-sveinung-bjelland","13":"uni_artist_tag-tom-ottar-andreassen","14":"uni_main_artist_tag-eir-inderhaug","15":"uni_artist_genre-chamber-music","16":"uni_artist_genre-lieder","17":"uni_artist_genre-world-premiere-recording","19":"first","20":"instock","21":"taxable","22":"shipping-taxable","23":"purchasable","24":"product-type-simple"},"_links":{"self":[{"href":"https:\/\/grappa.no\/no\/wp-json\/wp\/v2\/product\/468","targetHints":{"allow":["GET"]}}],"collection":[{"href":"https:\/\/grappa.no\/no\/wp-json\/wp\/v2\/product"}],"about":[{"href":"https:\/\/grappa.no\/no\/wp-json\/wp\/v2\/types\/product"}],"replies":[{"embeddable":true,"href":"https:\/\/grappa.no\/no\/wp-json\/wp\/v2\/comments?post=468"}],"wp:featuredmedia":[{"embeddable":true,"href":"https:\/\/grappa.no\/no\/wp-json\/wp\/v2\/media\/27614"}],"wp:attachment":[{"href":"https:\/\/grappa.no\/no\/wp-json\/wp\/v2\/media?parent=468"}],"wp:term":[{"taxonomy":"product_brand","embeddable":true,"href":"https:\/\/grappa.no\/no\/wp-json\/wp\/v2\/product_brand?post=468"},{"taxonomy":"product_cat","embeddable":true,"href":"https:\/\/grappa.no\/no\/wp-json\/wp\/v2\/product_cat?post=468"},{"taxonomy":"product_tag","embeddable":true,"href":"https:\/\/grappa.no\/no\/wp-json\/wp\/v2\/product_tag?post=468"}],"curies":[{"name":"wp","href":"https:\/\/api.w.org\/{rel}","templated":true}]}}