{"id":467,"date":"2004-12-06T00:00:00","date_gmt":"2004-12-05T23:00:00","guid":{"rendered":"http:\/\/www.grappa.no\/albums\/uncategorized\/nowell-sing-we\/"},"modified":"2016-11-18T16:34:39","modified_gmt":"2016-11-18T15:34:39","slug":"nowell-sing-we","status":"publish","type":"product","link":"https:\/\/grappa.no\/no\/albums\/simax-classics\/nowell-sing-we\/","title":{"rendered":"Nowell sing we"},"content":{"rendered":"<p><\/p>\n<p>Advent i Gamle Aker<\/p>\n<p>Praetorius, P\u00e9rotin, Byrd, de Morales &#8211; komponister fra middelalder og renessanse som bygget videre p\u00e5 gamle melodivendinger innen kirkemusikk, og fant sine egne. Musikken veksler mellom det helt enkle enstemmige og det komplekse polyfone, men det er alltid en ro og avklarethet over uttrykket. Tekstene refererer handling fra forskjellige deler av juleevangeliet, fra bebudelsen, via Josefs undring i &#8216;Marwel not, Joseph&#8217; til jubelen over at v\u00e5r frelser er f\u00f8dt i &#8216;Puer nautus in Bethlehem&#8217;.<\/p>\n<p>Quattro Stagioni er et enest\u00e5ende fenomen i skandinavisk musikkliv. I mer enn 15 \u00e5r har kvartetten rendyrket \u00e0 cappella-tradisjonen med utstrakt konsertvirksomhet i Europa, USA og \u00d8sten i tillegg til flere CD-utgivelser.<\/p>\n<p><!--more--><\/p>\n<p>Vakre julesanger i Gamle Aker kirke en kveld i advent<\/p>\n<h4>Christmas Carols<\/h4>\n<p>Praetorius, P\u00e9rotin, Byrd, de Morales &#8211; komponister fra middelalder og renessanse som bygget<br \/>\nvidere p\u00e5 gamle melodivendinger innen kirkemusikk, og fant sine egne. Musikken veksler mellom<br \/>\ndet helt enkle enstemmige og det komplekse polyfone, men det er alltid en ro og avklarethet over<br \/>\nuttrykket. Tekstene refererer handling fra forskjellige deler av juleevangeliet, fra bebudelsen, via<br \/>\nJosefs undring i &#8216;Marwel not, Joseph&#8217; til jubelen over at v\u00e5r frelser er f\u00f8dt i &#8216;Puer nautus in<br \/>\nBethlehem&#8217;. Flere vuggesanger hvor juleevangeliet er med som tekstgrunnlag h\u00f8rer ogs\u00e5 til i denne<br \/>\ntradisjonen, som gjerne refereres til som Caroling at Christmas. M\u00e5ten tekstenes innhold<br \/>\nunderbygges og speiles i det musikalske forl\u00f8pet er typisk for tiden verkene er skrevet.<\/p>\n<h4>Unik mannskvartett<\/h4>\n<p>Quattro Stagioni er et enest\u00e5ende fenomen i skandinavisk musikkliv. I mer enn 15 \u00e5r har kvartetten<br \/>\nrendyrket \u00e0 cappella-tradisjonen (kun stemmer, ingen instrumenter) med utstrakt<br \/>\nkonsertvirksomhet i Europa, USA og \u00d8sten i tillegg til flere CD-utgivelser. Kvartetten best\u00e5r av Carl<br \/>\nH\u00f8gset (kontratenor\/baryton), Scott Campbel (tenor), Arild R\u00f8nsen (tenor) og Rolf Asser (bass).<\/p>\n<h4><\/h4>\n<\/p>\n<p><\/p>","protected":false},"excerpt":{"rendered":"<p>Middelalderens Europa og julemusikken slik den kunne klinge da.<\/p>\n","protected":false},"featured_media":27512,"comment_status":"closed","ping_status":"open","template":"","meta":[],"product_brand":[],"product_cat":[180],"product_tag":[],"class_list":{"0":"post-467","1":"product","2":"type-product","3":"status-publish","4":"has-post-thumbnail","6":"product_cat-simax-classics","7":"product_shipping_class-cddvd-shipping","8":"uni_artist_tag-erik-gard-amundsen","9":"uni_artist_tag-michael-praetorius","10":"uni_artist_tag-quatro-stagioni","11":"uni_artist_tag-trad","12":"uni_artist_tag-william-byrd","13":"uni_main_artist_tag-quatro-stagioni","14":"uni_artist_genre-a-cappella","15":"uni_artist_genre-choir","16":"uni_artist_genre-christmas-music","17":"uni_artist_genre-easy-listening","19":"first","20":"outofstock","21":"taxable","22":"shipping-taxable","23":"purchasable","24":"product-type-simple"},"_links":{"self":[{"href":"https:\/\/grappa.no\/no\/wp-json\/wp\/v2\/product\/467","targetHints":{"allow":["GET"]}}],"collection":[{"href":"https:\/\/grappa.no\/no\/wp-json\/wp\/v2\/product"}],"about":[{"href":"https:\/\/grappa.no\/no\/wp-json\/wp\/v2\/types\/product"}],"replies":[{"embeddable":true,"href":"https:\/\/grappa.no\/no\/wp-json\/wp\/v2\/comments?post=467"}],"wp:featuredmedia":[{"embeddable":true,"href":"https:\/\/grappa.no\/no\/wp-json\/wp\/v2\/media\/27512"}],"wp:attachment":[{"href":"https:\/\/grappa.no\/no\/wp-json\/wp\/v2\/media?parent=467"}],"wp:term":[{"taxonomy":"product_brand","embeddable":true,"href":"https:\/\/grappa.no\/no\/wp-json\/wp\/v2\/product_brand?post=467"},{"taxonomy":"product_cat","embeddable":true,"href":"https:\/\/grappa.no\/no\/wp-json\/wp\/v2\/product_cat?post=467"},{"taxonomy":"product_tag","embeddable":true,"href":"https:\/\/grappa.no\/no\/wp-json\/wp\/v2\/product_tag?post=467"}],"curies":[{"name":"wp","href":"https:\/\/api.w.org\/{rel}","templated":true}]}}