{"id":466,"date":"2006-10-30T00:00:00","date_gmt":"2006-10-29T23:00:00","guid":{"rendered":"http:\/\/www.grappa.no\/albums\/uncategorized\/muzio-clementi-for-all-ages\/"},"modified":"2019-02-22T16:02:05","modified_gmt":"2019-02-22T15:02:05","slug":"muzio-clementi-for-all-ages","status":"publish","type":"product","link":"https:\/\/grappa.no\/no\/albums\/simax-classics\/muzio-clementi-for-all-ages\/","title":{"rendered":"Muzio Clementi \u2013 for all ages"},"content":{"rendered":"<p><\/p>\n<p>Glaser spiller Clementi<\/p>\n<p>Muzio Clementi var samtidig med Mozart og Beethoven, og han gjorde seg gjeldende b\u00e5de som klav\u00e9rvirtuos, komponist, noteforlegger (bl.a. for Beethoven i England) og pianofabrikant. I Keiser Josefs n\u00e6rv\u00e6r m\u00f8ttes Mozart og Clementi til musikalsk duell. Clementi skal ha overg\u00e5tt Mozart i tekniske ferdigheter, men sistnevnte stjal med seg temaet fra Clementis store sonate (spor 15) og brukte det i overtyren til Tryllefl\u00f8yten. I dag er det egentlig bare C-dur sonatinen fra Clementis produksjon som huskes, og det til gangs.<\/p>\n<p>Den instrumentfabrikken Clementi kj\u00f8pte seg inn i var engelsk, med flygler som var kjente for sin svulmende og dramatiske klang i de dypere registrene. Det var dette instrumentet Clementi skrev for og fremf\u00f8rte musikken sin p\u00e5, og kun p\u00e5 et slikt instrument kan man forst\u00e5 hva det var komponisten var ute etter. I 2002 kom Liv Glaser over et originalt hammerklaver signert fabrikken Longman &amp; Clementi i Belgia \u2013 og etter \u00e9n pr\u00f8ve var det klart: det m\u00e5tte bli en plate med Clementi p\u00e5 Clementi!<\/p>\n<p><!--more--><\/p>\n<p>Utallige reiser til Belgia, tre novembernetter i M\u00fcllem kirke med vinden hylende i kirket\u00e5rnet og et instrument som ikke ville holde stemmingen, for s\u00e5 til slutt \u00e5 m\u00e5tte gj\u00f8re opptaket i Glenn Gould Studio i Toronto, Canada. Liv Glaser har virkelig f\u00e5tt testet sin utholdenhet, men s\u00e5 er dette ogs\u00e5 et helt unikt prosjekt: Clementis musikk fremf\u00f8rt p\u00e5 et instrument av Clementi \u2013 for f\u00f8rste gang p\u00e5 CD!<\/p>\n<h4>Et helt spesielt instrument<\/h4>\n<p>Den instrumentfabrikken Clementi kj\u00f8pte seg inn i var engelsk, med flygler som var kjente for sin svulmende og dramatiske klang i de dypere registrene. Det var dette instrumentet Clementi skrev for og fremf\u00f8rte musikken sin p\u00e5, og kun p\u00e5 et slikt instrument kan man forst\u00e5 hva det var komponisten var ute etter. I 2002 kom Liv Glaser over et originalt hammerklaver signert fabrikken Longman &amp; Clementi i Belgia \u2013 og etter \u00e9n pr\u00f8ve var det klart: det m\u00e5tte bli en plate med Clementi p\u00e5 Clementi!<\/p>\n<h4>Noen hindringer\u2026<\/h4>\n<p>Det originale Clementi-instrumentet og omstendighetene rundt skulle vise seg \u00e5 v\u00e6re alt annet en egnet for plateopptak. Noen stikkord: bare opptak om natten (den obligatoriske belgiske lydteknikeren hadde sin psykiatripraksis om dagen), etter hvert 10. minutt med spilling m\u00e5tte instrumentet stemmes i 40 minutter. Opptaket ble stadig avbrutt av kulingkast i kirkespiret. Resultat: etter tre netter m\u00e5tte prosjektet oppgis. <\/p>\n<p>\u2026som overvinnes<br \/>\nImidlertid var det bygget en kopi av dette instrumentet, n\u00e5 eiet av Malcolm Bilson i USA. N\u00e6rmeste krysningspunkt var legendariske Glenn Gould studios i Toronto. Instrumentet var i f\u00f8rsteklasses stand og innspillingen gikk som en lek.<\/p>\n<h4>En dynamo i norsk musikkmilj\u00f8<\/h4>\n<p>Professor Liv Glaser har en rekke fremragende innspillinger p\u00e5 originalinstrumenter bak seg med musikk av Mozart, Schubert og Schumann. I 2004 ble hun tildelt Lindemanprisen for sitt musikalske arbeid<\/p>\n<p><\/p>","protected":false},"excerpt":{"rendered":"<p>\u2013 Clementis musikk fremf\u00f8rt p\u00e5 et instrument av Clementi \u2013 for f\u00f8rste gang p\u00e5 CD!<\/p>\n","protected":false},"featured_media":27644,"comment_status":"closed","ping_status":"open","template":"","meta":[],"product_brand":[],"product_cat":[180],"product_tag":[],"class_list":{"0":"post-466","1":"product","2":"type-product","3":"status-publish","4":"has-post-thumbnail","6":"product_cat-simax-classics","7":"product_shipping_class-cddvd-shipping","8":"uni_artist_tag-erik-gard-amundsen","9":"uni_artist_tag-liv-glaser","10":"uni_artist_tag-muzio-clementi","11":"uni_main_artist_tag-liv-glaser","12":"uni_artist_genre-early-music","13":"uni_artist_genre-piano","15":"first","16":"instock","17":"taxable","18":"shipping-taxable","19":"purchasable","20":"product-type-simple"},"_links":{"self":[{"href":"https:\/\/grappa.no\/no\/wp-json\/wp\/v2\/product\/466","targetHints":{"allow":["GET"]}}],"collection":[{"href":"https:\/\/grappa.no\/no\/wp-json\/wp\/v2\/product"}],"about":[{"href":"https:\/\/grappa.no\/no\/wp-json\/wp\/v2\/types\/product"}],"replies":[{"embeddable":true,"href":"https:\/\/grappa.no\/no\/wp-json\/wp\/v2\/comments?post=466"}],"wp:featuredmedia":[{"embeddable":true,"href":"https:\/\/grappa.no\/no\/wp-json\/wp\/v2\/media\/27644"}],"wp:attachment":[{"href":"https:\/\/grappa.no\/no\/wp-json\/wp\/v2\/media?parent=466"}],"wp:term":[{"taxonomy":"product_brand","embeddable":true,"href":"https:\/\/grappa.no\/no\/wp-json\/wp\/v2\/product_brand?post=466"},{"taxonomy":"product_cat","embeddable":true,"href":"https:\/\/grappa.no\/no\/wp-json\/wp\/v2\/product_cat?post=466"},{"taxonomy":"product_tag","embeddable":true,"href":"https:\/\/grappa.no\/no\/wp-json\/wp\/v2\/product_tag?post=466"}],"curies":[{"name":"wp","href":"https:\/\/api.w.org\/{rel}","templated":true}]}}