{"id":465,"date":"2005-06-06T00:00:00","date_gmt":"2005-06-05T23:00:00","guid":{"rendered":"http:\/\/www.grappa.no\/albums\/uncategorized\/norwegian-heartland-the-romantic-orchestral-heritage\/"},"modified":"2024-07-08T08:27:27","modified_gmt":"2024-07-08T07:27:27","slug":"norwegian-heartland-the-romantic-orchestral-heritage","status":"publish","type":"product","link":"https:\/\/grappa.no\/no\/albums\/simax-classics\/norwegian-heartland-the-romantic-orchestral-heritage\/","title":{"rendered":"Norwegian Heartland \u2013 The Romantic Orchestral Heritage"},"content":{"rendered":"<p><\/p>\n<p>Praktfull norsk orkestermusikk<\/p>\n<p>Det beste av Norges nasjonalromantiske orkesterverker med v\u00e5rt fremste orkester. En gave til feiringen av 100-\u00e5rs jubileet. Oslo Filharmoniske Orkester og unge norske solister lar V\u00e5re Fem Store klinge ut slik det aldri har v\u00e6rt h\u00f8rt f\u00f8r \u2013 i en ny fantastisk SACD Surround Sound innspilling. I 2005 er det derfor naturlig \u00e5 gi et samlet musikalsk bilde av den nasjonale bevisstheten som r\u00e5dde blant kunstnere f\u00f8r og omkring 1905, og som fikk stor innflytelse p\u00e5 de senere generasjoner. Fra Svendsen, Grieg og Halvorsen til S\u00e6verud og Tveitt; det klinger av norsk landskap og jordsmonn &#8211; vi kjenner oss igjen i denne musikken, n\u00e5 som den gang.<\/p>\n<p><!--more--><\/p>\n<p>Det beste av Norges nasjonalromantiske orkesterverker med v\u00e5rt fremste orkester. En gave til feiringen av 100-\u00e5rs jubileet. Oslo Filharmoniske Orkester og unge norske solister lar V\u00e5re Fem Store klinge ut slik det aldri har v\u00e6rt h\u00f8rt f\u00f8r \u2013 i en ny fantastisk SACD Surround Sound innspilling.<\/p>\n<h4>Oslo-filharmonien i feststemning med de fem store<\/h4>\n<p>Det er naturlig at prosjektet realiseres med landets fremste orkester \u2013 \u00e5 samle det beste p\u00e5 et brett er en \u00e6refull oppgave for v\u00e5rt nasjonalorkester. Orkesteret ledes Michail Jurowski, en av v\u00e5r tids fremste dirigenter med en sterk profil innenfor det nordiske repertoar. Det klinger praktfullt p\u00e5 denne innspillingen, som er gjort med surround sound teknologi i et betydelig forbedret akustikkmilj\u00f8 i Oslo Konserthus. Det er fem komponister med tydelig s\u00e6rpreg \u2013 sv\u00e6rt forskjellige i uttrykket \u2013 men med dette umisskjennelig nasjonalt norske som en dyptg\u00e5ende inspiratorisk drivkraft i sin musikk. De har preget v\u00e5rt musikkliv og v\u00e6rt Norges musikalske ansikt utad, fra 1870-\u00e5rene til i dag \u2013 hvor ogs\u00e5 Tveitts storhet er i ferd med \u00e5 f\u00e5 internasjonal anerkjennelse.<\/p>\n<h4>Norske topput\u00f8vere<\/h4>\n<p>Solistene tilh\u00f8rer eliten av dagens unge norske garde. Pianisten Sigurd Sl\u00e5ttebrekks fremf\u00f8relse av Griegs klaverkonsert h\u00f8sten 2004 vakte jubel hos Oslo-Filharmoniens publikum, og hans tolkning av dette verket er i h\u00f8yeste grad et nasjonaljubileum verdig. Sopranen Isa Katharina Gericke har en s\u00e6rstilling blant norske sangkunstnere bl.a. gjennom sin store allsidighet. Her gir hun stemme til Solveig i Peer Gynt, til S\u00e6veruds musikk. Arve Moen Bergset er velkjent b\u00e5de som fiolinist innenfor klassisk- og folkemusikk, og som kvedar. Det er i den siste egenskapen han opptrer her; i stev knyttet til Tveitts Hundrad Hardingtonar.<\/p>\n<h4>Hundre\u00e5rsmarkeringen \u2013 Norge 2005<\/h4>\n<p>Utgivelsen er den f\u00f8rste i samlingen Classical Norway \u2013 the 2005 Centenary, som er en del av Hundre\u00e5rsmarkeringen. 3. juni f\u00e5r hovedstadens publikum nyte OFO f\u00f8r de legger ut p\u00e5 en turn\u00e9 langs S\u00f8rlandskysten: under Kulturnatt spiller OFO p\u00e5 flere steder rundt i byen, og en stor surround-rigg med musikk fra platen blir installert i konserthuset som en del av programmet denne natten.<\/p>\n<p><\/p>","protected":false},"excerpt":{"rendered":"<p>This is an absolutely stunning collection, both interpretively and sonically. [classicstoday.com]<\/p>\n","protected":false},"featured_media":27646,"comment_status":"closed","ping_status":"closed","template":"","meta":[],"product_brand":[],"product_cat":[180],"product_tag":[],"class_list":{"0":"post-465","1":"product","2":"type-product","3":"status-publish","4":"has-post-thumbnail","6":"product_cat-simax-classics","7":"product_shipping_class-cddvd-shipping","8":"uni_artist_tag-arve-moen-bergset","9":"uni_artist_tag-edvard-grieg","10":"uni_artist_tag-geirr-tveitt","11":"uni_artist_tag-harald-saeverud","12":"uni_artist_tag-isa-katharina-gericke","13":"uni_artist_tag-johan-halvorsen","14":"uni_artist_tag-johan-svendsen","15":"uni_artist_tag-michail-jurowski","16":"uni_artist_tag-oslo-philharmonic-orchestra","17":"uni_artist_tag-sigurd-slattebrekk","18":"uni_artist_tag-tony-harrison","19":"uni_main_artist_tag-oslo-philharmonic-orchestra","20":"uni_artist_genre-concerto","21":"uni_artist_genre-easy-listening","22":"uni_artist_genre-norwegian","23":"uni_artist_genre-orchestral","25":"first","26":"outofstock","27":"taxable","28":"shipping-taxable","29":"purchasable","30":"product-type-simple"},"_links":{"self":[{"href":"https:\/\/grappa.no\/no\/wp-json\/wp\/v2\/product\/465","targetHints":{"allow":["GET"]}}],"collection":[{"href":"https:\/\/grappa.no\/no\/wp-json\/wp\/v2\/product"}],"about":[{"href":"https:\/\/grappa.no\/no\/wp-json\/wp\/v2\/types\/product"}],"replies":[{"embeddable":true,"href":"https:\/\/grappa.no\/no\/wp-json\/wp\/v2\/comments?post=465"}],"wp:featuredmedia":[{"embeddable":true,"href":"https:\/\/grappa.no\/no\/wp-json\/wp\/v2\/media\/27646"}],"wp:attachment":[{"href":"https:\/\/grappa.no\/no\/wp-json\/wp\/v2\/media?parent=465"}],"wp:term":[{"taxonomy":"product_brand","embeddable":true,"href":"https:\/\/grappa.no\/no\/wp-json\/wp\/v2\/product_brand?post=465"},{"taxonomy":"product_cat","embeddable":true,"href":"https:\/\/grappa.no\/no\/wp-json\/wp\/v2\/product_cat?post=465"},{"taxonomy":"product_tag","embeddable":true,"href":"https:\/\/grappa.no\/no\/wp-json\/wp\/v2\/product_tag?post=465"}],"curies":[{"name":"wp","href":"https:\/\/api.w.org\/{rel}","templated":true}]}}