{"id":464,"date":"2004-09-13T00:00:00","date_gmt":"2004-09-12T23:00:00","guid":{"rendered":"http:\/\/www.grappa.no\/albums\/uncategorized\/kleiberg-requiem-for-the-victims-of-nazi-persecution\/"},"modified":"2019-02-22T15:58:05","modified_gmt":"2019-02-22T14:58:05","slug":"kleiberg-requiem-for-the-victims-of-nazi-persecution","status":"publish","type":"product","link":"https:\/\/grappa.no\/no\/albums\/simax-classics\/kleiberg-requiem-for-the-victims-of-nazi-persecution\/","title":{"rendered":"Kleiberg: Requiem \u2013 for the Victims of Nazi Persecution"},"content":{"rendered":"<p><\/p>\n<p>Til ofrenes minne<\/p>\n<p>Verket for sangsolister, kor og orkester er skrevet til minne om de som m\u00e5tte b\u00f8te med livet p\u00e5 grunn av sin etniske avstamning eller seksuelle legning under forrige \u00e5rhundres naziregime. Nidarosdomen bestilte Rekviemet av Kleiberg i 2001, og dirigenten for Washington National Cathedral Choir, Michael McCarthy, ble s\u00e5 grepet av musikken at han umiddelbart startet arbeidet med en CD-innspilling og fremf\u00f8relse i USA. I tillegg til de obligatoriske messeleddene p\u00e5 latin inneholder Kleibergs requiem ogs\u00e5 tre nye tekster skrevet av Skottlands poet laureate Edwin Morgan. Tekstene er formet som korte historier fortalt av en representant fra tre forfulgte grupper: j\u00f8der, sig\u00f8ynere og homofile, representert i verket ved de tre sangsolistene.<\/p>\n<p><!--more--><\/p>\n<p>11. september 2004 fremf\u00f8res Requiem for the Victims of Nazi Persecution i Washington National Cathedral, og verkets USA-premiere blir dermed en del av den nasjonale markeringen av denne dagen. St\u00e5le Kleiberg er mannen bak verket.<\/p>\n<h4>Det tradisjonelle tekstgrunnlaget \u2013 og merI tillegg til de obligatoriske messeleddene p\u00e5 latin inneholder Kleibergs requiem ogs\u00e5 tre nye tekster skrevet av Skottlands poet laureate Edwin Morgan. Tekstene er formet som korte historier fortalt av en representant fra tre forfulgte grupper: j\u00f8der, sig\u00f8ynere og homofile, representert i verket ved de tre sangsolistene. Disse tre satsene er skutt inn mellom satser hvor koret spiller en ledende rolle, satser som er komponert over de latinske messetekstene. De korbaserte satsene med latinsk tekst fungerer dermed som allmenne kommentarer til individuelle historier.  De representerer menneskehetens \u2013 snarere enn det enkelte menneskets \u2013 lidelse.<\/h4>\n<p>I tillegg til de obligatoriske messeleddene p\u00e5 latin inneholder Kleibergs requiem ogs\u00e5 tre nye tekster skrevet av Skottlands poet laureate Edwin Morgan. Tekstene er formet som korte historier fortalt av en representant fra tre forfulgte grupper: j\u00f8der, sig\u00f8ynere og homofile, representert i verket ved de tre sangsolistene. Disse tre satsene er skutt inn mellom satser hvor koret spiller en ledende rolle, satser som er komponert over de latinske messetekstene. De korbaserte satsene med latinsk tekst fungerer dermed som allmenne kommentarer til individuelle historier.  De representerer menneskehetens \u2013 snarere enn det enkelte menneskets \u2013 lidelse.<\/p>\n<h4>Trilogi<\/h4>\n<p>Rekviemet danner sammen med cellokonserten Dopo og orkesterverket Lamento. Cissi Klein in Memoriam en trilogi hvor Kleiberg behandler de uhyrligheter mennesker er i stand til \u00e5 utf\u00f8re mot hverandre. Selv sier Kleiberg: \u00abMinnet om Holocaust ble holdt levende i min oppvekst, og da begrepet etnisk rensning ble vekket til live igjen p\u00e5 europeisk territorium under Balkankonflikten p\u00e5 begynnelsen av -90 tallet, var jeg dypt sjokkert. Det f\u00f8rte til et m\u00f8te med fortid og n\u00e5tid som har resultert i disse tre verkene, hvorav Requiemet er det siste og st\u00f8rste.\u00bb Alle verkene er tilgjengelige p\u00e5 CD. Innspillingen av Rekviemet ble gjort juni 2004 i Washington National Cathedrals gener\u00f8se akustikk, og utgivelsen er den f\u00f8rste i Simax Classics historie i Surround Sound, utgitt p\u00e5 formatet SACD-Hybrid. Disse platene kan spilles b\u00e5de i SACD-spillere (i Surround eller Stereo) og i CD-spillere (kun i Stereo).<\/p>\n<h4><\/h4>\n<\/p>\n<p><\/p>","protected":false},"excerpt":{"rendered":"<p>\u2013 til minne om ofre for terror over hele verden, i fortid s\u00e5 vel som i n\u00e5tid.<\/p>\n","protected":false},"featured_media":27642,"comment_status":"closed","ping_status":"open","template":"","meta":[],"product_brand":[],"product_cat":[180],"product_tag":[],"class_list":{"0":"post-464","1":"product","2":"type-product","3":"status-publish","4":"has-post-thumbnail","6":"product_cat-simax-classics","7":"product_shipping_class-cddvd-shipping","8":"uni_artist_tag-catherine-king","9":"uni_artist_tag-christian-hilz","10":"uni_artist_tag-malcolm-bruno","11":"uni_artist_tag-michael-mccarthy","12":"uni_artist_tag-noemi-kiss","13":"uni_artist_tag-stale-kleiberg","14":"uni_artist_tag-the-choirs-of-washington-national-cathedral","15":"uni_artist_tag-washington-national-cathedral-chamber-orchestra-and-choir","16":"uni_main_artist_tag-washington-national-cathedral-chamber-orchestra-and-choir","17":"uni_artist_genre-choir","18":"uni_artist_genre-orchestral","19":"uni_artist_genre-religious","21":"first","22":"instock","23":"taxable","24":"shipping-taxable","25":"purchasable","26":"product-type-simple"},"_links":{"self":[{"href":"https:\/\/grappa.no\/no\/wp-json\/wp\/v2\/product\/464","targetHints":{"allow":["GET"]}}],"collection":[{"href":"https:\/\/grappa.no\/no\/wp-json\/wp\/v2\/product"}],"about":[{"href":"https:\/\/grappa.no\/no\/wp-json\/wp\/v2\/types\/product"}],"replies":[{"embeddable":true,"href":"https:\/\/grappa.no\/no\/wp-json\/wp\/v2\/comments?post=464"}],"wp:featuredmedia":[{"embeddable":true,"href":"https:\/\/grappa.no\/no\/wp-json\/wp\/v2\/media\/27642"}],"wp:attachment":[{"href":"https:\/\/grappa.no\/no\/wp-json\/wp\/v2\/media?parent=464"}],"wp:term":[{"taxonomy":"product_brand","embeddable":true,"href":"https:\/\/grappa.no\/no\/wp-json\/wp\/v2\/product_brand?post=464"},{"taxonomy":"product_cat","embeddable":true,"href":"https:\/\/grappa.no\/no\/wp-json\/wp\/v2\/product_cat?post=464"},{"taxonomy":"product_tag","embeddable":true,"href":"https:\/\/grappa.no\/no\/wp-json\/wp\/v2\/product_tag?post=464"}],"curies":[{"name":"wp","href":"https:\/\/api.w.org\/{rel}","templated":true}]}}