{"id":462,"date":"2004-08-02T00:00:00","date_gmt":"2004-08-01T23:00:00","guid":{"rendered":"http:\/\/www.grappa.no\/albums\/uncategorized\/antonin-dvorak-complete-piano-trios\/"},"modified":"2019-06-13T10:33:11","modified_gmt":"2019-06-13T09:33:11","slug":"antonin-dvorak-complete-piano-trios","status":"publish","type":"product","link":"https:\/\/grappa.no\/no\/albums\/simax-classics\/antonin-dvorak-complete-piano-trios\/","title":{"rendered":"Anton\u00edn Dvor\u00e1k: Complete Piano Trios"},"content":{"rendered":"<p><\/p>\n<p>Grieg Trio with Dvorak complete<\/p>\n<p>Antonin Dvoraks trioer h\u00f8rer til kjernerepertoaret for en klavertrio, og ligger n\u00e6re til for h\u00e5nden for en trio som har hatt stor suksess med sine innspillinger av Beethoven (Spelemannominasjon 2002), Brahms og Schumann. I likhet med sitt forbilde Johannes Brahms fant Dvorak sitt utgangspunkt i de klassiske formprinsippene. Gjennom de fire klavertrioene, skrevet mellom 1875 og 1891, kan man f\u00f8lge en utvikling fra \u00e5 mestre formatet i trio nr. 1 til \u00e5 overskride rammeverket fullstendig i Dumky. Et annet viktig poeng \u00e5 merke seg er at Dvoraks klavertrioer inneholder den kanskje mest dyptf\u00f8lte og personlige musikken i hele hans produksjon. Kanskje nettopp derfor har Dvoraks musikk fulgt Grieg Trio gjennom hele karrieren, og den resulterende innspilling vi presenterer i dag har rett og slett blitt fenomenal!<\/p>\n<p><!--more--><\/p>\n<p>I 2004 er det et hundre \u00e5r siden komponisten Antonin Dvoraks d\u00f8d, og kritikerroste Grieg Trio markerer dette ved \u00e5 samle Dvoraks fire klavertrioer p\u00e5 en ny dobbelt-CD. Samtidig \u00e5pner Grieg Trio 10. august sin f\u00f8rste festival som kunstneriske ledere av Kammermusikkfestivalen i Stavanger.<\/p>\n<h4>Kjernerepertoaret<\/h4>\n<p>Antonin Dvoraks trioer h\u00f8rer til kjernerepertoaret for en klavertrio, og ligger n\u00e6re til for h\u00e5nden for en trio som har hatt stor suksess med sine innspillinger av Beethoven (Spelemannominasjon 2002), Brahms og Schumann. I likhet med sitt forbilde Johannes Brahms fant Dvorak sitt utgangspunkt i de klassiske formprinsippene. Gjennom de fire klavertrioene, skrevet mellom 1875 og 1891, kan man f\u00f8lge en utvikling fra \u00e5 mestre formatet i trio nr. 1 til \u00e5 overskride rammeverket fullstendig i Dumky. Et annet viktig poeng \u00e5 merke seg er at Dvoraks klavertrioer inneholder den kanskje mest dyptf\u00f8lte og personlige musikken i hele hans produksjon. Kanskje nettopp derfor har Dvoraks musikk fulgt Grieg Trio gjennom hele karrieren, og den resulterende innspilling vi presenterer i dag har rett og slett blitt fenomenal!<\/p>\n<h4>M\u00e5lrettet arbeid gjennom 17 \u00e5r<\/h4>\n<p>10. august \u00e5pner Grieg Trio sin f\u00f8rste sesong som kunstneriske ledere av Kammermusikkfestivalen i Stavanger, et verv som bekrefter ensemblets enest\u00e5ende status i Norge i dag. S\u00f8lve Sigerland, fiolin, Ellen Flesj\u00f8, cello og Vebj\u00f8rn Anvik, piano har siden starten i 1987 vist en imponerende evne til \u00e5 kombinere kunstneriske ambisjoner med m\u00e5lrettet og utrettelig arbeid. I dag er Grieg Trio en del av det verdensomspennende nettverket til Martin M\u00fceller Konzertdirektion, med rundt 70 konserter i \u00e5ret.<\/p>\n<h4>Nok \u00e5 gj\u00f8re ogs\u00e5 fremover<\/h4>\n<p>I tiden fremover st\u00e5r det flere store prosjekter i k\u00f8 for musikerne i Grieg Trio. Den unike konsertserien Beethoven+, der Mesterens verker kombineres med urfremf\u00f8relser av helt nye trioer skrevet spesielt for Grieg Trio, g\u00e5r videre i London, Berlin og Amsterdam, med parallelle utgivelser p\u00e5 CD.<\/p>\n<p><\/p>","protected":false},"excerpt":{"rendered":"<p>Dvoraks musikk har fulgt Grieg Trio gjennom hele karrieren, og den resulterende innspilling vi presenterer i dag har rett og slett blitt fenomenal!<\/p>\n","protected":false},"featured_media":27641,"comment_status":"closed","ping_status":"open","template":"","meta":[],"product_brand":[],"product_cat":[180],"product_tag":[],"class_list":{"0":"post-462","1":"product","2":"type-product","3":"status-publish","4":"has-post-thumbnail","6":"product_cat-simax-classics","7":"product_shipping_class-cddvd-shipping","8":"uni_artist_tag-antonin-dvorak","9":"uni_artist_tag-grieg-trio","10":"uni_artist_tag-krzysztof-drab","11":"uni_main_artist_tag-grieg-trio","12":"uni_artist_genre-chamber-music","13":"uni_artist_genre-complete","14":"uni_artist_genre-strings","16":"first","17":"instock","18":"taxable","19":"shipping-taxable","20":"purchasable","21":"product-type-simple"},"_links":{"self":[{"href":"https:\/\/grappa.no\/no\/wp-json\/wp\/v2\/product\/462","targetHints":{"allow":["GET"]}}],"collection":[{"href":"https:\/\/grappa.no\/no\/wp-json\/wp\/v2\/product"}],"about":[{"href":"https:\/\/grappa.no\/no\/wp-json\/wp\/v2\/types\/product"}],"replies":[{"embeddable":true,"href":"https:\/\/grappa.no\/no\/wp-json\/wp\/v2\/comments?post=462"}],"wp:featuredmedia":[{"embeddable":true,"href":"https:\/\/grappa.no\/no\/wp-json\/wp\/v2\/media\/27641"}],"wp:attachment":[{"href":"https:\/\/grappa.no\/no\/wp-json\/wp\/v2\/media?parent=462"}],"wp:term":[{"taxonomy":"product_brand","embeddable":true,"href":"https:\/\/grappa.no\/no\/wp-json\/wp\/v2\/product_brand?post=462"},{"taxonomy":"product_cat","embeddable":true,"href":"https:\/\/grappa.no\/no\/wp-json\/wp\/v2\/product_cat?post=462"},{"taxonomy":"product_tag","embeddable":true,"href":"https:\/\/grappa.no\/no\/wp-json\/wp\/v2\/product_tag?post=462"}],"curies":[{"name":"wp","href":"https:\/\/api.w.org\/{rel}","templated":true}]}}