{"id":461,"date":"2005-03-07T00:00:00","date_gmt":"2005-03-06T23:00:00","guid":{"rendered":"http:\/\/www.grappa.no\/albums\/uncategorized\/philharmonica\/"},"modified":"2016-11-18T16:34:39","modified_gmt":"2016-11-18T15:34:39","slug":"philharmonica","status":"publish","type":"product","link":"https:\/\/grappa.no\/no\/albums\/simax-classics\/philharmonica\/","title":{"rendered":"PhilHarmonica"},"content":{"rendered":"<p><\/p>\n<p>Sigmund Groven og Kringkastingsorkesteret<\/p>\n<p>F\u00e5 trakterer munnspillet s\u00e5 vakkert og med en s\u00e5 personlig stemme som Sigmund Groven. Denne gang f\u00e5r vi h\u00f8re ham i samspill med et symfoniorkester: Groven akkompagneres her av Kringkastingsorkesteret under ledelse av Christian Eggen, og sammen beviser de at de makter \u00e5 gi ogs\u00e5 et mer klassisk repertoar en kraft helt utenom det vanlige. Grovens imponerende merittliste vitner om at han er en av Norges viktigste musikalske ambassad\u00f8rer. I 2005 er det 40 \u00e5r siden han leverte sin f\u00f8rste solokonsert, og 30 \u00e5r siden hans f\u00f8rste plateutgivelse som soloartist. Siden den gang har han vist seg som en verdens fremste munnspillut\u00f8vere og er blitt viden kjent for sin melodiske teft og smittende spilleglede.<\/p>\n<p><!--more--><\/p>\n<p>F\u00e5 trakterer munnspillet s\u00e5 vakkert og med en s\u00e5 personlig stemme som Sigmund Groven. Denne gang er han i samspill med et symfoniorkester!<\/p>\n<h4>Fra Beatles-klassikere til originalmusikk<\/h4>\n<p>I 2004 gav Groven ut Here, There and Everywhere, med musikk av blant andre Lennon\/McCartney, Beatles-produsenten George Martin og seg selv. N\u00e5 er han her igjen! Denne gang aktuell med CD-utgivelsen PhilHarmonica. Selv om munnspillet har fornemme aner, er det ungt som konsertinstrument innenfor den klassiske tradisjonen: f\u00f8rst p\u00e5 midten av 1900-talet fikk det plass i konsertsalen. PhilHarmonica inneholder originalmusikk for munnspill og orkester gjennom 60 \u00e5r av den franske komponisten Darius Milhaud, brasilianeren Heitor Villa-Lobos og de norske komponistene Terje Rypdal og Kenneth Sivertsen, foruten Grovens eget verk &quot;Legender for munnspill og strykeorkester&quot; (2003). Groven og Kringkastingsorkesteret under ledelse av Christian Eggen beviser at de makter \u00e5 gi ogs\u00e5 denne musikken en kraft utenom det vanlige. Sigmund Groven er kort og godt den eneste n\u00e5levende munnspiller som innehar den musikalske oversikt og tekniske virtuositet som m\u00e5 til for \u00e5 kunne gi seg i kast med disse verkene, og er derfor temmelig ener\u00e5dende p\u00e5 platemarkedet med musikk for munnspill og orkester.<\/p>\n<h4>Musikkambassad\u00f8r jubilerer<\/h4>\n<p>I 2005 er det 40 \u00e5r siden Sigmund Groven leverte sin f\u00f8rste solokonsert, og det er 30 \u00e5r siden hans f\u00f8rste egne plateutgivelse. Grovens imponerende merittliste viser at han er en av Norges viktigste musikalske ambassad\u00f8rer. I l\u00f8pet av de siste \u00e5rene har han hatt turneer i USA, blant annet med konsert i Carnegie Hall, konserter i Europa med det engelske Academy of St. Martin in the Fields Chamber Ensemble, Rotterdam Filharmoniske Orkester og Mozarteum-orkestret i Salzburg, foruten solokonserter blant annet i Hong Kong Konserthus, Kyoto Konserthus, Casals Hall i Tokyo og i Oslo Konserthus. Sigmund Groven er mer etterspurt en noen gang: n\u00e5 i april har han egen konsert ved Festspillene i Budapest.<\/p>\n<h4>Sagt om Sigmund Groven<\/h4>\n<p>\u2013 I de rette hender kan det beskjedne munnspillet v\u00e6re et avansert instrument av stor skj\u00f8nnhet. Sigmund Groven, liksom Tommy Reilly og Larry Adler f\u00f8r ham, utnytter til fulle munnspillets store spennvidde og klanglige muligheter. Han er en str\u00e5lende musiker, og framst\u00e5r i dag uten tvil som en av de fineste munnspillut\u00f8verne i verden. [Sir George Martin, produsent for The Beatles]<\/p>\n<p>\u2013 Hans rene, krystallklare tone har en eterisk skj\u00f8nnhet. Han er en makel\u00f8s musiker, konserten hans var den mest dyptgripende musikkopplevelse jeg har hatt. [Woodstock Bulletin, Sydney, Australia]<\/p>\n<p><\/p>","protected":false},"excerpt":{"rendered":"<p>Klassiske perler i munnspilldrakt!<\/p>\n","protected":false},"featured_media":27511,"comment_status":"closed","ping_status":"open","template":"","meta":[],"product_brand":[],"product_cat":[180],"product_tag":[],"class_list":{"0":"post-461","1":"product","2":"type-product","3":"status-publish","4":"has-post-thumbnail","6":"product_cat-simax-classics","7":"product_shipping_class-cddvd-shipping","8":"uni_artist_tag-arne-peter-rognan","9":"uni_artist_tag-christian-eggen","10":"uni_artist_tag-darius-milhaud","11":"uni_artist_tag-heitor-villa-lobos","12":"uni_artist_tag-kenneth-sivertsen","13":"uni_artist_tag-norwegian-radio-orchestra","14":"uni_artist_tag-sigmund-groven","15":"uni_artist_tag-terje-rypdal","16":"uni_main_artist_tag-sigmund-groven","17":"uni_artist_genre-classical","18":"uni_artist_genre-concerto","19":"uni_artist_genre-easy-listening","21":"first","22":"instock","23":"taxable","24":"shipping-taxable","25":"purchasable","26":"product-type-simple"},"_links":{"self":[{"href":"https:\/\/grappa.no\/no\/wp-json\/wp\/v2\/product\/461","targetHints":{"allow":["GET"]}}],"collection":[{"href":"https:\/\/grappa.no\/no\/wp-json\/wp\/v2\/product"}],"about":[{"href":"https:\/\/grappa.no\/no\/wp-json\/wp\/v2\/types\/product"}],"replies":[{"embeddable":true,"href":"https:\/\/grappa.no\/no\/wp-json\/wp\/v2\/comments?post=461"}],"wp:featuredmedia":[{"embeddable":true,"href":"https:\/\/grappa.no\/no\/wp-json\/wp\/v2\/media\/27511"}],"wp:attachment":[{"href":"https:\/\/grappa.no\/no\/wp-json\/wp\/v2\/media?parent=461"}],"wp:term":[{"taxonomy":"product_brand","embeddable":true,"href":"https:\/\/grappa.no\/no\/wp-json\/wp\/v2\/product_brand?post=461"},{"taxonomy":"product_cat","embeddable":true,"href":"https:\/\/grappa.no\/no\/wp-json\/wp\/v2\/product_cat?post=461"},{"taxonomy":"product_tag","embeddable":true,"href":"https:\/\/grappa.no\/no\/wp-json\/wp\/v2\/product_tag?post=461"}],"curies":[{"name":"wp","href":"https:\/\/api.w.org\/{rel}","templated":true}]}}