{"id":460,"date":"2004-11-15T00:00:00","date_gmt":"2004-11-14T23:00:00","guid":{"rendered":"http:\/\/www.grappa.no\/albums\/uncategorized\/i-ching\/"},"modified":"2019-02-22T15:57:54","modified_gmt":"2019-02-22T14:57:54","slug":"i-ching","status":"publish","type":"product","link":"https:\/\/grappa.no\/no\/albums\/simax-classics\/i-ching\/","title":{"rendered":"I ching"},"content":{"rendered":"<p><\/p>\n<p>Energi, eksplosivitet, groove<\/p>\n<p>Energi, eksplosivitet, groove \u2013 elementer som publikum har et forhold til gjennom popul\u00e6rmusikk, blir broen for mange over til ny seri\u00f8s musikk. I den rendyrkede slagverksmusikken finner man som lytter igjen denne energien. P\u00e5 denne utgivelsen tar Eirik Raude for seg tre store komposisjoner, og allerede med sin CD-debut plasserer han seg blant Norges mest spennende solister, uansett genre!<\/p>\n<p>N\u00f8rg\u00e5rds mesterverk I Ching henter ut alle former for energi som forefinnes i naturen, og lar oss oppleve den gjennom musikk. Lindbergs Metal Work er en duo for slagverk og akkordion, tittelen refererer til bruken av metallisk slagverk og metalltungene i akkordionets piper. P\u00e5 det siste stykket, Mechanics I, er Raude alene p\u00e5 scenen \u2013 og denne gangen er instrumentet marimba. Spektakul\u00e6rt virtuost anlagt musikk, som Eirik Raude h\u00e5ndterer p\u00e5 mesterlig vis.<\/p>\n<p><!--more--><\/p>\n<p>Energi, eksplosivitet, groove \u2013 elementer som publikum har et forhold til gjennom popul\u00e6rmusikk, blir broen for mange over til ny seri\u00f8s musikk. I den rendyrkede slagverksmusikken finner man som lytter igjen denne energien. Komponister leker med dette, b\u00e5de med innfrielse av forventninger og ved totalt frav\u00e6r av likhetstrekk. P\u00e5 denne utgivelsen tar Eirik Raude for seg tre store komposisjoner, og allerede med sin CD-debut plasserer han seg blant Norges mest spennende solister, uansett genre!<\/p>\n<h4>Forandringenes Bok<\/h4>\n<p>Tittelsporet I Ching henter tematikk fra den 3000 \u00e5r gamle Forandringens Bok, og hver av de fem satsene har titler direkte fra dette verket som best\u00e5r av sp\u00e5dommer. N\u00f8rg\u00e5rds mesterverk henter ut alle former for energi som forefinnes i naturen, og lar oss oppleve den gjennom musikk. I l\u00f8pet av verket benytter Eirik et helt arsenal av instrumenter, faktisk er det flere steder man som tilh\u00f8rer har vondt for \u00e5 tro at det bare er \u00e9n ut\u00f8ver som spiller! Det er ogs\u00e5 passasjer der en indre meditativ holdning speiles, for eksempel i sats 3 \u00abThe Gentle and the Penetrating\u00bb, der \u2018tommelpianoet\u2019 calimba er eneste instrument.<\/p>\n<h4>Samspill med Frode Haltli<\/h4>\n<p>Metal Work er en duo for slagverk og akkordion, tittelen refererer til bruken av metallisk slagverk og metalltungene i akkordionets piper. Frode Haltli, som vant Spelemannprisen i 2002 i klassen for samtidsmusikk, er medspiller i dette verket. P\u00e5 det siste stykket, Mechanics I, er Raude alene p\u00e5 scenen \u2013 og denne gangen er instrumentet marimba. Igjen er det spektakul\u00e6rt virtuost anlagt musikk, som Eirik Raude h\u00e5ndterer p\u00e5 mesterlig vis.<\/p>\n<h4>Erfaren debutant<\/h4>\n<p>Eirik Raude er merittert som solist og kammermusiker, og i 2001 vant han en plass i Rikskonsertenes INTRO Klassisk program, som resulterte i en rekke konserter spredt over det ganske land. Torsdag 18 november er han solist foran orkesteret han til daglig spiller i, Oslo Filharmoniske Orkester. Verket er For a Change,  N\u00f8rg\u00e5rds versjon for slagverkssolist og orkester. Etter dette g\u00e5r turen til Europa p\u00e5 solo-turn\u00e9 f\u00f8r jul.<\/p>\n<p><\/p>","protected":false},"excerpt":{"rendered":"<p>P\u00e5 denne utgivelsen tar Eirik Raude for seg tre store komposisjoner, og allerede med sin CD-debut plasserer han seg blant Norges mest spennende solister, uansett genre!<\/p>\n","protected":false},"featured_media":27640,"comment_status":"closed","ping_status":"open","template":"","meta":[],"product_brand":[],"product_cat":[180],"product_tag":[],"class_list":{"0":"post-460","1":"product","2":"type-product","3":"status-publish","4":"has-post-thumbnail","6":"product_cat-simax-classics","7":"product_shipping_class-cddvd-shipping","8":"uni_artist_tag-eirik-raude","9":"uni_artist_tag-frode-haltli","10":"uni_artist_tag-magnus-lindberg","11":"uni_artist_tag-mark-adderley","12":"uni_artist_tag-per-norgard","13":"uni_artist_tag-tony-harrison","14":"uni_main_artist_tag-eirik-raude","15":"uni_artist_genre-contemporary-music","16":"uni_artist_genre-percussion","17":"uni_artist_genre-solo","19":"first","20":"instock","21":"taxable","22":"shipping-taxable","23":"purchasable","24":"product-type-simple"},"_links":{"self":[{"href":"https:\/\/grappa.no\/no\/wp-json\/wp\/v2\/product\/460","targetHints":{"allow":["GET"]}}],"collection":[{"href":"https:\/\/grappa.no\/no\/wp-json\/wp\/v2\/product"}],"about":[{"href":"https:\/\/grappa.no\/no\/wp-json\/wp\/v2\/types\/product"}],"replies":[{"embeddable":true,"href":"https:\/\/grappa.no\/no\/wp-json\/wp\/v2\/comments?post=460"}],"wp:featuredmedia":[{"embeddable":true,"href":"https:\/\/grappa.no\/no\/wp-json\/wp\/v2\/media\/27640"}],"wp:attachment":[{"href":"https:\/\/grappa.no\/no\/wp-json\/wp\/v2\/media?parent=460"}],"wp:term":[{"taxonomy":"product_brand","embeddable":true,"href":"https:\/\/grappa.no\/no\/wp-json\/wp\/v2\/product_brand?post=460"},{"taxonomy":"product_cat","embeddable":true,"href":"https:\/\/grappa.no\/no\/wp-json\/wp\/v2\/product_cat?post=460"},{"taxonomy":"product_tag","embeddable":true,"href":"https:\/\/grappa.no\/no\/wp-json\/wp\/v2\/product_tag?post=460"}],"curies":[{"name":"wp","href":"https:\/\/api.w.org\/{rel}","templated":true}]}}