{"id":458,"date":"2004-11-18T00:00:00","date_gmt":"2004-11-17T23:00:00","guid":{"rendered":"http:\/\/www.grappa.no\/albums\/uncategorized\/trygve-madsen-sketches-of-norway\/"},"modified":"2024-01-19T15:12:49","modified_gmt":"2024-01-19T14:12:49","slug":"trygve-madsen-sketches-of-norway","status":"publish","type":"product","link":"https:\/\/grappa.no\/no\/albums\/simax-classics\/trygve-madsen-sketches-of-norway\/","title":{"rendered":"Trygve Madsen: Sketches of Norway"},"content":{"rendered":"<p><\/p>\n<p>Melodisk moderne musikk<\/p>\n<p>Det er Trygve Madsens solokonserter som st\u00e5r p\u00e5 notestativene, og Stabsmusikkens egne solister st\u00e5r i front. Tittelen Sketches of Norway spiller selvf\u00f8lgelig p\u00e5 Miles Davies&#8217; Sketches of Spain, og allerede her forst\u00e5r man at komponisten Trygve Madsens referanseramme er vid og sjener\u00f8s. Musikken er melodisk moderne, med r\u00f8tter i jazz og nyere fransk og russisk samtidsmusikk.<\/p>\n<p>Forsvarets Stabsmusikkorps kan skilte med virkelig str\u00e5lende solister, prisvinnere fra nasjonale og internasjonale konkurranser, og alle er hentet fra egne rekker. I samspill med sine kollegaer under ledelse av den unge dirigenten Bj\u00f8rn Sagstad gir solistene tilbeste fremf\u00f8relser som vil glede s\u00e5vel ihuga korpsentusiaster som musikkelskere av det helt vanlige slaget.<\/p>\n<p><!--more--><\/p>\n<p>200 000 aktive musikanter i norske korps f\u00e5r her en plate fra landets beste band like oppunder jul: Staben spiller norsk samtidsmusikk som det virkelig svinger av.<\/p>\n<h4>Melodisk moderne musikk<\/h4>\n<p>Det er Trygve Madsens solokonserter som st\u00e5r p\u00e5 notestativene, og Stabsmusikkens egne solister st\u00e5r i front. Tittelen Sketches of Norway spiller selvf\u00f8lgelig p\u00e5 Miles Davies&#8217; Sketches of Spain, og allerede her forst\u00e5r man at komponisten Trygve Madsens referanseramme er vid og sjener\u00f8s. Musikken er melodisk moderne, med r\u00f8tter i jazz og nyere fransk og russisk samtidsmusikk.<\/p>\n<h4>Topp band, topp solister<\/h4>\n<p>Forsvarets Stabsmusikkorps kan skilte med virkelig str\u00e5lende solister, prisvinnere fra nasjonale og internasjonale konkurranser, og alle er hentet fra egne rekker. I samspill med sine kollegaer under ledelse av den unge dirigenten Bj\u00f8rn Sagstad gir solistene tilbeste fremf\u00f8relser som vil glede s\u00e5vel ihuga korpsentusiaster som musikkelskere av det helt vanlige slaget.<\/p>\n<h4><\/h4>\n<p>&#8211; Trygve Madsen is not only a good composer, but he is a \u2018natural\u2019 born Brass-composer. [Ifor James \/ Professor of Music \u2013 Freiburg in Br]<\/p>\n<p>&#8211; Trygve Madsen\u2019s beautiful melodic structures and brilliant instrumental techniques are characteristic for his compositions. His various pieces for brass-instruments have already become standard repertoire and especially his Tuba-sonata is so popular, that it is played by most tubaists all over the world. [Michael Lind \/ Tubaist in Stocholm\u2019s Royal Philharmonic Orchestra]<\/p>\n<p><\/p>","protected":false},"excerpt":{"rendered":"<p>Musikken er melodisk moderne, med r\u00f8tter i jazz og nyere fransk og russisk samtidsmusikk.<\/p>\n","protected":false},"featured_media":27510,"comment_status":"closed","ping_status":"closed","template":"","meta":[],"product_brand":[],"product_cat":[180],"product_tag":[],"class_list":{"0":"post-458","1":"product","2":"type-product","3":"status-publish","4":"has-post-thumbnail","6":"product_cat-simax-classics","7":"product_shipping_class-cddvd-shipping","8":"uni_artist_tag-bjorn-sagstad","9":"uni_artist_tag-the-staff-band-of-the-norwegian-armed-forces","10":"uni_artist_tag-trygve-madsen","11":"uni_main_artist_tag-the-staff-band-of-the-norwegian-armed-forces","12":"uni_artist_genre-art-music","13":"uni_artist_genre-brass","14":"uni_artist_genre-contemporary-music","16":"first","17":"outofstock","18":"taxable","19":"shipping-taxable","20":"purchasable","21":"product-type-simple"},"_links":{"self":[{"href":"https:\/\/grappa.no\/no\/wp-json\/wp\/v2\/product\/458","targetHints":{"allow":["GET"]}}],"collection":[{"href":"https:\/\/grappa.no\/no\/wp-json\/wp\/v2\/product"}],"about":[{"href":"https:\/\/grappa.no\/no\/wp-json\/wp\/v2\/types\/product"}],"replies":[{"embeddable":true,"href":"https:\/\/grappa.no\/no\/wp-json\/wp\/v2\/comments?post=458"}],"wp:featuredmedia":[{"embeddable":true,"href":"https:\/\/grappa.no\/no\/wp-json\/wp\/v2\/media\/27510"}],"wp:attachment":[{"href":"https:\/\/grappa.no\/no\/wp-json\/wp\/v2\/media?parent=458"}],"wp:term":[{"taxonomy":"product_brand","embeddable":true,"href":"https:\/\/grappa.no\/no\/wp-json\/wp\/v2\/product_brand?post=458"},{"taxonomy":"product_cat","embeddable":true,"href":"https:\/\/grappa.no\/no\/wp-json\/wp\/v2\/product_cat?post=458"},{"taxonomy":"product_tag","embeddable":true,"href":"https:\/\/grappa.no\/no\/wp-json\/wp\/v2\/product_tag?post=458"}],"curies":[{"name":"wp","href":"https:\/\/api.w.org\/{rel}","templated":true}]}}