{"id":457,"date":"2005-05-06T00:00:00","date_gmt":"2005-05-05T23:00:00","guid":{"rendered":"http:\/\/www.grappa.no\/albums\/uncategorized\/crescendo\/"},"modified":"2016-11-18T16:34:37","modified_gmt":"2016-11-18T15:34:37","slug":"crescendo","status":"publish","type":"product","link":"https:\/\/grappa.no\/no\/albums\/simax-classics\/crescendo\/","title":{"rendered":"Crescendo"},"content":{"rendered":"<p><\/p>\n<p>Kjell B\u00e6kkelunds siste<\/p>\n<p>Han var uten sidestykke i norsk kulturliv. Kjell B\u00e6kkelund debuterte med Filharmonisk Selskaps Orkester i 1938 og ga sin siste store konsert i Den Gamle Logen i 2003. Kjell B\u00e6kkelunds siste innspilling ble en hyllest til det norske musikkliv, til den tiden dette ogs\u00e5 favnet de tusen hjem. Da det var moderne \u00e5 v\u00e6re kultivert med interesse for musikk og dens mange mysterier. Da et klaver i stuen var et selvf\u00f8lgelig tegn p\u00e5 dannelse, og klaverspill like s\u00e5. Denne arven var B\u00e6kkelund opptatt av, og her gir han til beste de lekreste miniatyrer fra v\u00e5r egen musikkskatt, som han f\u00f8lte vi hadde godt av \u00e5 bli minnet p\u00e5.<\/p>\n<p><!--more--><\/p>\n<p>Han var uten sidestykke i norsk kulturliv. Kjell B\u00e6kkelund debuterte med Filharmonisk Selskaps Orkester i 1938 og ga sin siste store konsert i Den Gamle Logen i 2003. Han ville fylt 75 \u00e5r 6. mai 2005, og dette markeres med lanseringen av hans siste innspilling, som er en hyllest til norsk musikk.<\/p>\n<h4>Den nye musikken<\/h4>\n<p>B\u00e6kkelund knyttes gjerne til den nye musikken p\u00e5 grunn av det store arbeid han nedla for denne. Han s\u00e5 det som et samfunnsansvar \u00e5 fremf\u00f8re samtidsmusikk, og viktigst av alt var det \u00e5 fremf\u00f8re norske komponisters musikk, b\u00e5de hjemme og ute. Nordheims \u2018Listen\u2019 og Mortensens \u2018Fantasi og fuge\u2019 tok han med seg over hele verden.<\/p>\n<h4>Den siste innspillingen<\/h4>\n<p>Kjell B\u00e6kkelunds siste innspilling ble en hyllest til det norske musikkliv, til den tiden dette ogs\u00e5 favnet de tusen hjem. Da det var moderne \u00e5 v\u00e6re kultivert med interesse for musikk og dens mange mysterier. Da et klaver i stuen var et selvf\u00f8lgelig tegn p\u00e5 dannelse, og klaverspill like s\u00e5. Denne arven var B\u00e6kkelund opptatt av, og her gir han til beste de lekreste miniatyrer fra v\u00e5r egen musikkskatt, som han f\u00f8lte vi hadde godt av \u00e5 bli minnet p\u00e5.<\/p>\n<h4><\/h4>\n<\/p>\n<p><\/p>","protected":false},"excerpt":{"rendered":"<p>Kjell B\u00e6kkelunds siste innspilling ble en hyllest til det norske musikkliv, til den tiden dette ogs\u00e5 favnet de tusen hjem.<\/p>\n","protected":false},"featured_media":27508,"comment_status":"closed","ping_status":"open","template":"","meta":[],"product_brand":[],"product_cat":[180],"product_tag":[],"class_list":{"0":"post-457","1":"product","2":"type-product","3":"status-publish","4":"has-post-thumbnail","6":"product_cat-simax-classics","7":"product_shipping_class-cddvd-shipping","8":"uni_artist_tag-alf-hurum","9":"uni_artist_tag-david-monrad-johansen","10":"uni_artist_tag-eyvind-alnaes","11":"uni_artist_tag-kjell-baekkelund","12":"uni_artist_tag-klaus-egge","13":"uni_main_artist_tag-kjell-baekkelund","14":"uni_artist_genre-easy-listening","15":"uni_artist_genre-norwegian","17":"first","18":"instock","19":"taxable","20":"shipping-taxable","21":"purchasable","22":"product-type-simple"},"_links":{"self":[{"href":"https:\/\/grappa.no\/no\/wp-json\/wp\/v2\/product\/457","targetHints":{"allow":["GET"]}}],"collection":[{"href":"https:\/\/grappa.no\/no\/wp-json\/wp\/v2\/product"}],"about":[{"href":"https:\/\/grappa.no\/no\/wp-json\/wp\/v2\/types\/product"}],"replies":[{"embeddable":true,"href":"https:\/\/grappa.no\/no\/wp-json\/wp\/v2\/comments?post=457"}],"wp:featuredmedia":[{"embeddable":true,"href":"https:\/\/grappa.no\/no\/wp-json\/wp\/v2\/media\/27508"}],"wp:attachment":[{"href":"https:\/\/grappa.no\/no\/wp-json\/wp\/v2\/media?parent=457"}],"wp:term":[{"taxonomy":"product_brand","embeddable":true,"href":"https:\/\/grappa.no\/no\/wp-json\/wp\/v2\/product_brand?post=457"},{"taxonomy":"product_cat","embeddable":true,"href":"https:\/\/grappa.no\/no\/wp-json\/wp\/v2\/product_cat?post=457"},{"taxonomy":"product_tag","embeddable":true,"href":"https:\/\/grappa.no\/no\/wp-json\/wp\/v2\/product_tag?post=457"}],"curies":[{"name":"wp","href":"https:\/\/api.w.org\/{rel}","templated":true}]}}