{"id":456,"date":"2005-01-10T00:00:00","date_gmt":"2005-01-09T23:00:00","guid":{"rendered":"http:\/\/www.grappa.no\/albums\/uncategorized\/songs-for-piano\/"},"modified":"2016-11-18T16:34:36","modified_gmt":"2016-11-18T15:34:36","slug":"songs-for-piano","status":"publish","type":"product","link":"https:\/\/grappa.no\/no\/albums\/simax-classics\/songs-for-piano\/","title":{"rendered":"Songs for Piano"},"content":{"rendered":"<p><\/p>\n<p>Lindemans sanger for piano<\/p>\n<p>Her kommer en perle av en plate: \u00abSanger for klav\u00e9r\u00bb er rett og slett noe s\u00e5 umoderne som en samling vakre sm\u00e5 musikkstykker for piano. Herlig!<\/p>\n<p>Evnen til \u00e5 f\u00e5 klav\u00e9ret til \u00e5 synge er h\u00f8yt skattet i den romantiske klaverlitteraturen, mesterverk som Mendelssohns Sanger uten ord . At Kristian Lindeman besitter denne evnen viser han til gangs p\u00e5 Sanger for klav\u00e9r. N\u00e5r det s\u00e5 attp\u00e5til er den eminente russiske pianistinnen Marina Galiakhmetova som tolker stykkene, ja da er det bare \u00e5 sette seg tilbake og nyte. Sm\u00e5 stemningsskapere med talende titler som \u00abNocturne\u00bb, \u00abSommerlunsj p\u00e5 Continental\u00bb og \u00abChansons sentimentales\u00bb er nettopp det vi trenger n\u00e5 n\u00e5r h\u00f8sten fester grepet.<\/p>\n<p><!--more--><\/p>\n<p>Etter arbeidstid er man sin egen herre, det er klart. Likevel kommer det kanskje som en overraskelse for flere at Norsktopp-general Kristian Lindeman bruker kveldstimene p\u00e5 komposisjon? Men her kommer det hele for en dag p\u00e5 en perle av en CD: \u00abSanger for klav\u00e9r\u00bb er rett og slett noe s\u00e5 umoderne som en samling vakre sm\u00e5 musikkstykker for piano. Herlig!<\/p>\n<h4>Et liv i musikk<\/h4>\n<p>Hva gjelder musikalsk opphav kan Kristian skilte med noe av det mest solide vi har her til lands \u2013 tippoldebarn av den legendariske L.M. Lindeman som han er. Med musikkonservatorium og handelsskole som fundament har Kristian v\u00e6rt en sentral person i norsk popul\u00e6rmusikk i mer enn en mannsalder, og p\u00e5 flere forskjellige felter. Han sang i vokalgruppene The Vikings og Those Five p\u00e5 60-tallet. Syv ganger har han medvirket som komponist og tekstforfatter i Melodi Grand Prix. Som innspillingssjef for CBS Norge mellom 1974 og 1986 var han ansvarlig for plateproduksjonene til artistene som preget den norske musikkscenen i denne perioden. Det er nok \u00e5 nevne navn som Jan Eggum, Jon Eberson Group, Tomboy og the Kids. Som sanger og arrang\u00f8r har han medvirket p\u00e5 plater til Finn Kalvik, Lillebj\u00f8rn Nilsen, Vazelina Bilopph\u00f8ggers og \u00d8ystein Sunde, for \u00e5 nevne noen f\u00e5. Fra 1986 har Norsktoppen i NRK v\u00e6rt hovedbeskjeftigelsen, og den 16. oktober 2004 gj\u00f8r Kristian sin siste sending som programleder. Den 5. november, nesten 19 \u00e5r etter han startet i NRK, g\u00e5r han over i pensjonistenes rekker og skal bli pensjonist p\u00e5 heltid.<\/p>\n<h4>Norge, ja vel&#8230;men slett ikke bare<\/h4>\n<p>Det norske lynnet, som Ole Bull kalte det, er tydelig \u00e5 h\u00f8re i musikken til Kristian Lindeman. Men like sl\u00e5ende er sporene fra kontinentet \u2013 lekker harmonisering med en liten klype sennep og estragon p\u00e5 akkurat de riktige stedene \u2013 og fra jazzens hjemland \u2013 for eksempel korrespondansen med Gershwin  i \u00abLetter to George\u00bb. Kristian har allerede f\u00e5tt noen hilsener tilbake \u2019from over there\u2019 og entusiasmen er stor:<\/p>\n<p>Dear Kristian<\/p>\n<p>Your compositions are very skillful an touching. You hear a lot of Norway in your melodies, and Marina\u2019s piano playing is a real delight. [Ward Swingle\/Swingle Singers &#8211; Les Double Six]<\/p>\n<p>I throughly enjoy your CD with many melodies I had not heard before. Marvelous stuff. [Gene Puerling\/The Hi-Lo&#8217;s &#8211; Singers Unlimited]<\/p>\n<h4><\/h4>\n<\/p>\n<p><\/p>","protected":false},"excerpt":{"rendered":"<p>Sm\u00e5 stemningsskapere med talende titler som \u00abNocturne\u00bb, \u00abSommerlunsj p\u00e5 Continental\u00bb og \u00abChansons sentimentales\u00bb er nettopp det vi trenger n\u00e5 n\u00e5r h\u00f8sten fester grepet.<\/p>\n","protected":false},"featured_media":27507,"comment_status":"closed","ping_status":"open","template":"","meta":[],"product_brand":[],"product_cat":[180],"product_tag":[],"class_list":{"0":"post-456","1":"product","2":"type-product","3":"status-publish","4":"has-post-thumbnail","6":"product_cat-simax-classics","7":"product_shipping_class-cddvd-shipping","8":"uni_artist_tag-kristian-lindeman","9":"uni_artist_tag-marina-galiakhmetova","10":"uni_main_artist_tag-marina-galiakhmetova","11":"uni_artist_genre-easy-listening","12":"uni_artist_genre-piano","14":"first","15":"instock","16":"taxable","17":"shipping-taxable","18":"purchasable","19":"product-type-simple"},"_links":{"self":[{"href":"https:\/\/grappa.no\/no\/wp-json\/wp\/v2\/product\/456","targetHints":{"allow":["GET"]}}],"collection":[{"href":"https:\/\/grappa.no\/no\/wp-json\/wp\/v2\/product"}],"about":[{"href":"https:\/\/grappa.no\/no\/wp-json\/wp\/v2\/types\/product"}],"replies":[{"embeddable":true,"href":"https:\/\/grappa.no\/no\/wp-json\/wp\/v2\/comments?post=456"}],"wp:featuredmedia":[{"embeddable":true,"href":"https:\/\/grappa.no\/no\/wp-json\/wp\/v2\/media\/27507"}],"wp:attachment":[{"href":"https:\/\/grappa.no\/no\/wp-json\/wp\/v2\/media?parent=456"}],"wp:term":[{"taxonomy":"product_brand","embeddable":true,"href":"https:\/\/grappa.no\/no\/wp-json\/wp\/v2\/product_brand?post=456"},{"taxonomy":"product_cat","embeddable":true,"href":"https:\/\/grappa.no\/no\/wp-json\/wp\/v2\/product_cat?post=456"},{"taxonomy":"product_tag","embeddable":true,"href":"https:\/\/grappa.no\/no\/wp-json\/wp\/v2\/product_tag?post=456"}],"curies":[{"name":"wp","href":"https:\/\/api.w.org\/{rel}","templated":true}]}}