{"id":455,"date":"2005-10-03T00:00:00","date_gmt":"2005-10-02T23:00:00","guid":{"rendered":"http:\/\/www.grappa.no\/albums\/uncategorized\/claude-debussy-complete-works-for-piano-solo-vol-2\/"},"modified":"2024-09-30T09:32:46","modified_gmt":"2024-09-30T08:32:46","slug":"claude-debussy-complete-works-for-piano-solo-vol-2","status":"publish","type":"product","link":"https:\/\/grappa.no\/no\/albums\/simax-classics\/claude-debussy-complete-works-for-piano-solo-vol-2\/","title":{"rendered":"Claude Debussy Complete Works for Piano Solo, vol. 2"},"content":{"rendered":"<p><\/p>\n<p>Debussy vol. II med H\u00e5kon Austb\u00f8<\/p>\n<p>Volum I i denne serien var en sensasjon da den kom i 2004. Spellemann-nominasjonen mot slutten av \u00e5ret var toppunktet p\u00e5 en lang st\u00e5ende ovasjon b\u00e5de fra publikum og kritikere. H\u00e5kon Austb\u00f8s helt spesielle grep om klang og struktur i Debussys musikk gj\u00f8r det til et eventyr \u00e5 v\u00e6re tilh\u00f8rer, ogs\u00e5 her i volum II. Med en dobbel CD som utgivelse vol.2 er Austb\u00f8 allerede \u00be gjennom sin serie med Debussys komplette musikk for solo klav\u00e9r. De to store samlingene i produksjonen er med i denne dobbelt-CDen \u2013 de 24 preludiene og de 12 etydene.<\/p>\n<p><!--more--><\/p>\n<p>Volum I i denne serien var en sensasjon da den kom i 2004. Spellemann-nominasjonen mot slutten av \u00e5ret var toppunktet p\u00e5 en lang st\u00e5ende ovasjon b\u00e5de fra publikum og kritikere. H\u00e5kon Austb\u00f8s helt spesielle grep om klang og struktur i Debussys musikk gj\u00f8r det til et eventyr \u00e5 v\u00e6re tilh\u00f8rer, ogs\u00e5 her i volum II.<\/p>\n<h4>Pr\u00e9ludes bok I &amp; II<\/h4>\n<p>Man refererer gjerne til Debussys musikk som musikalsk impresjonisme, og i preludiene tas lytteren med gjennom 24 lyd-bilder, formet med nye og ytterst delikate virkemidler. Kjente enkeltstykker som Piken med linh\u00e5ret, Den sunkne katedral og Minstrels er alle fra samlingen med preludier. Det er verd \u00e5 merke seg at Debussy selv satt disse poetiske titlene i parenteser etter stykkene, alts\u00e5 mer i ettertankens tegn \u2013 n\u00e5r musikken har forstummet. I preludiene ut\u00f8ver komponisten fortellerkunst og karakterisering av ypperste rang, der han beveger seg gjennom det romantiske, dramatiske, burleske, ironiske, sarkastiske, naive. Selv sa komponisten om sitt arbeid med klaveret at man m\u00e5tte glemme at instrumentet faktisk har hammere. Han frigj\u00f8r seg fra dette, og skaper en helt ny musikk gjennom frittflytende rytmikk og modale harmonier.<\/p>\n<h4>Etudes bok I &amp; II<\/h4>\n<p>Disse verkene er skrevet som en hommage til Chopin. Titlene p\u00e5 disse \u2018\u00f8velsene\u2019 er rent tekniske \u2013 For Terser, For Kvarter, For Oktaver \u2013 her er bilde-assosiasjoner helt frav\u00e6rende. Han g\u00e5r med andre ord helt inn i \u2018den rene musikken\u2019 og frigj\u00f8r seg fra \u00e5 m\u00e5tte s\u00f8ke st\u00f8tte i konkrete objekter og stemninger. Children\u2019s Corner er komponistens oppfattelse av barnets verden, dedisert til datteren Chouchou. I Golliwog\u2019s Cakewalk og The Little Nigar henter han inspirasjon fra tidlig jazz. Blant de andre enkeltstykkene p\u00e5 denne utgivelsen er ogs\u00e5 Les soirs illumin\u00e9 par l\u2019ardeur du charbon, for f\u00f8rste gang p\u00e5 CD. Stykket dukket opp igjen i 2001, og ble gitt til en kullhandler i Paris \u2013 som betaling for kull den bitende kalde vinteren 1917.<\/p>\n<h4>Ikke bare fra noter<\/h4>\n<p>Austb\u00f8s studier av kildematerialet rundt Debussys klavermusikk bringer flere interessante detaljer. Det eksisterer ogs\u00e5 en voksrull til pianola der Debussy selv spiller Den sunkne katedral. Tempoforskjellene mellom denne \u2018live-versjonen\u2019 fra komponisten selv og det han noterer i notene er sl\u00e5ende, og Austb\u00f8 har derfor inkludert en versjon nr. 2 av dette stykket, med utgangspunkt i pianola-rullen.<\/p>\n<p><\/p>","protected":false},"excerpt":{"rendered":"<p>H\u00e5kon Austb\u00f8s helt spesielle grep om klang og struktur i Debussys musikk gj\u00f8r det til et eventyr \u00e5 v\u00e6re tilh\u00f8rer, ogs\u00e5 her i volum II.<\/p>\n","protected":false},"featured_media":27638,"comment_status":"closed","ping_status":"closed","template":"","meta":[],"product_brand":[],"product_cat":[180],"product_tag":[],"class_list":{"0":"post-455","1":"product","2":"type-product","3":"status-publish","4":"has-post-thumbnail","6":"product_cat-simax-classics","7":"product_shipping_class-cddvd-shipping","8":"uni_artist_tag-claude-debussy","9":"uni_artist_tag-hakon-austbo","10":"uni_main_artist_tag-hakon-austbo","11":"uni_artist_genre-complete","12":"uni_artist_genre-piano","13":"uni_artist_genre-solo","15":"first","16":"outofstock","17":"taxable","18":"shipping-taxable","19":"purchasable","20":"product-type-simple"},"_links":{"self":[{"href":"https:\/\/grappa.no\/no\/wp-json\/wp\/v2\/product\/455","targetHints":{"allow":["GET"]}}],"collection":[{"href":"https:\/\/grappa.no\/no\/wp-json\/wp\/v2\/product"}],"about":[{"href":"https:\/\/grappa.no\/no\/wp-json\/wp\/v2\/types\/product"}],"replies":[{"embeddable":true,"href":"https:\/\/grappa.no\/no\/wp-json\/wp\/v2\/comments?post=455"}],"wp:featuredmedia":[{"embeddable":true,"href":"https:\/\/grappa.no\/no\/wp-json\/wp\/v2\/media\/27638"}],"wp:attachment":[{"href":"https:\/\/grappa.no\/no\/wp-json\/wp\/v2\/media?parent=455"}],"wp:term":[{"taxonomy":"product_brand","embeddable":true,"href":"https:\/\/grappa.no\/no\/wp-json\/wp\/v2\/product_brand?post=455"},{"taxonomy":"product_cat","embeddable":true,"href":"https:\/\/grappa.no\/no\/wp-json\/wp\/v2\/product_cat?post=455"},{"taxonomy":"product_tag","embeddable":true,"href":"https:\/\/grappa.no\/no\/wp-json\/wp\/v2\/product_tag?post=455"}],"curies":[{"name":"wp","href":"https:\/\/api.w.org\/{rel}","templated":true}]}}