{"id":454,"date":"2004-02-16T00:00:00","date_gmt":"2004-02-15T23:00:00","guid":{"rendered":"http:\/\/www.grappa.no\/albums\/uncategorized\/claude-debussy-complete-works-for-piano-solo-vol-i\/"},"modified":"2019-02-22T15:57:41","modified_gmt":"2019-02-22T14:57:41","slug":"claude-debussy-complete-works-for-piano-solo-vol-i","status":"publish","type":"product","link":"https:\/\/grappa.no\/no\/albums\/simax-classics\/claude-debussy-complete-works-for-piano-solo-vol-i\/","title":{"rendered":"Claude Debussy Complete Works for Piano Solo, vol.I"},"content":{"rendered":"<p><\/p>\n<p>Austb\u00f8s magiske Debussy, vol. 1<\/p>\n<p>Den f\u00f8rste utgivelsen i Austb\u00f8s serie med all Debussys klavermusikk er en sensasjonell innspilling. Med en helt egen f\u00f8lsomhet l\u00f8fter Austb\u00f8 Debussys musikk opp fra tangentene og lar lytteren tre direkte inn i en av de st\u00f8rste skattene i klaverrepertoaret.<\/p>\n<p>H\u00e5kon Austb\u00f8 har hatt stor suksess internasjonalt gjennomflere ti\u00e5r. Hans innspillinger av verkene til Skryabin og Messiaen har blitt referanser i engelsk- s\u00e5 vel som tysk- og franskspr\u00e5klige fagtidsskrifter.<\/p>\n<p><!--more--><\/p>\n<p>Den klassiske klaverlitteraturen inneholder noen \u2019hellige skrin\u2019 eller valfartssteder som stadig nye ut\u00f8vere har det privilegiet \u00e5 kunne opps\u00f8ke. Som pilegrimer legger pianistene disse komponistenes verker inn p\u00e5 sin reiserute gjennom livet \u2013 noen bes\u00f8kes tidlig, andre sent. Alle tar med seg suvenirer fra dem, og stiller disse opp ved siden av andre verker i sine konsertprogrammer. Klavermusikken til Bach, Mozart, Beethoven, Schubert, Chopin, Liszt, Brahms og Debussy er typiske slike pilegrimsm\u00e5l,<br \/>\nn\u00e6rmest for egne universer \u00e5 regne.<\/p>\n<h4><\/h4>\n<p>H\u00e5kon Austb\u00f8 har hatt stor suksess nasjonalt og ikke minst internasjonalt gjennom flere ti\u00e5r. Hans innspillinger av verkene til Skryabin og Messiaen har blitt referanser i engelsk- s\u00e5 vel som tysk- og franskspr\u00e5klige fagtidsskrifter. I flere \u00e5r har han p\u00e5 sin side tenkt p\u00e5 \u00e5 gj\u00f8re en komplett innspilling av Claude Debussys klaververker, og Simax p\u00e5 v\u00e5r side tenkt \u2019Debussy og Austb\u00f8, det ville v\u00e6rt magisk p\u00e5 CD!\u2019.<\/p>\n<h4><\/h4>\n<p>Simax Classis presenterer n\u00e5 volum 1 av 3 i serien, og benytter samtidig anledningen til \u00e5 gratulere H\u00e5kon Austb\u00f8 med 40 aktive \u00e5r i musikkens tjeneste siden debutkonserten. Jubileumssesongen markeres p\u00e5 flere m\u00e5ter, blant annet under Festspillene i Bergen er han aktuell med alle Debussys etyder p\u00e5 konsert.<\/p>\n<h4><\/h4>\n<\/p>\n<p><\/p>","protected":false},"excerpt":{"rendered":"<p>&#8211; en dypt frydefull opplevelse. [6 Astrid Kvalbein \/ Aftenposten]<\/p>\n","protected":false},"featured_media":27637,"comment_status":"closed","ping_status":"open","template":"","meta":[],"product_brand":[],"product_cat":[180],"product_tag":[],"class_list":{"0":"post-454","1":"product","2":"type-product","3":"status-publish","4":"has-post-thumbnail","6":"product_cat-simax-classics","7":"product_shipping_class-cddvd-shipping","8":"uni_artist_tag-claude-debussy","9":"uni_artist_tag-hakon-austbo","10":"uni_main_artist_tag-hakon-austbo","11":"uni_artist_genre-piano","12":"uni_artist_genre-solo","14":"first","15":"outofstock","16":"taxable","17":"shipping-taxable","18":"product-type-simple"},"_links":{"self":[{"href":"https:\/\/grappa.no\/no\/wp-json\/wp\/v2\/product\/454","targetHints":{"allow":["GET"]}}],"collection":[{"href":"https:\/\/grappa.no\/no\/wp-json\/wp\/v2\/product"}],"about":[{"href":"https:\/\/grappa.no\/no\/wp-json\/wp\/v2\/types\/product"}],"replies":[{"embeddable":true,"href":"https:\/\/grappa.no\/no\/wp-json\/wp\/v2\/comments?post=454"}],"wp:featuredmedia":[{"embeddable":true,"href":"https:\/\/grappa.no\/no\/wp-json\/wp\/v2\/media\/27637"}],"wp:attachment":[{"href":"https:\/\/grappa.no\/no\/wp-json\/wp\/v2\/media?parent=454"}],"wp:term":[{"taxonomy":"product_brand","embeddable":true,"href":"https:\/\/grappa.no\/no\/wp-json\/wp\/v2\/product_brand?post=454"},{"taxonomy":"product_cat","embeddable":true,"href":"https:\/\/grappa.no\/no\/wp-json\/wp\/v2\/product_cat?post=454"},{"taxonomy":"product_tag","embeddable":true,"href":"https:\/\/grappa.no\/no\/wp-json\/wp\/v2\/product_tag?post=454"}],"curies":[{"name":"wp","href":"https:\/\/api.w.org\/{rel}","templated":true}]}}