{"id":452,"date":"2005-05-09T00:00:00","date_gmt":"2005-05-08T23:00:00","guid":{"rendered":"http:\/\/www.grappa.no\/albums\/uncategorized\/norwegian-variations\/"},"modified":"2016-11-18T16:34:36","modified_gmt":"2016-11-18T15:34:36","slug":"norwegian-variations","status":"publish","type":"product","link":"https:\/\/grappa.no\/no\/albums\/simax-classics\/norwegian-variations\/","title":{"rendered":"Norwegian Variations"},"content":{"rendered":"<p><\/p>\n<p>Sentral og mytebelagt klavermusikk fra mesterlig pianist<\/p>\n<p>CD-en Norwegian Variations presenterer de tre viktigste og kunstnerisk sett mest ambisi\u00f8se verkene i en norsk klavertradisjon signert Edvard Grieg, Geirr Tveitt og Fartein Valen. Pianisten Einar R\u00f8ttingen viser seg som en mesterlig tolker av disse forskjellige tiln\u00e6rminger til konseptet tema med variasjoner.<\/p>\n<p><!--more--><\/p>\n<p>CD-en Norwegian Variations presenterer de tre viktigste og kunstnerisk sett mest ambisi\u00f8se verkene i en norsk klavertradisjon signert Edvard Grieg, Geirr Tveitt og Fartein Valen. Pianisten Einar R\u00f8ttingen viser seg som en mesterlig tolker av disse forskjellige tiln\u00e6rminger til konseptet tema med variasjoner.<\/p>\n<h4>Sentral og mytebelagt klavermusikk<\/h4>\n<p>Griegs Ballade op. 24 i g-moll er et omstridt og mytebelagt verk som ble til under kritiske omstendigheter i Griegs liv, og det er i ettertiden spekulert p\u00e5 om verket var for f\u00f8lelsesmessig opprivende for Grieg til at han orket \u00e5 fremf\u00f8re det. Det verket setter Grieg p\u00e5 det europeiske klaverkartet, sidestilt med andre toneangivende romantiske klaverkomponister. I en skjebnesvanger brann p\u00e5 slektsg\u00e5rden, mistet Geirr Tveitt mesteparten av sine samlede manuskripter. Det skal ha v\u00e6rt omlag 40 klaversonater, men den eneste som eksisterer i sin helheter Sonate nr. 29. Sonaten er i tematisk, rytmisk og klanglig variasjon som savner sidestykke b\u00e5de i norsk og europeisk klaverlitteratur. I motsetning til Edvard Grieg og Geirr Tveitt, synes Fartein Valens musikalske stil fremdeles den dag i dag. Sonate nr. 2 er skrevet i \u00e5rene 1940-41 og representerer perioden i Valens liv hvor han arbeidet spesielt med st\u00f8rre musikalske former. De fire symfoniene, klaver- og fiolinkonserten ble skrevet i perioden 1939-51 og sonaten kan sidestilles med disse i b\u00e5de format og kunstneriske ambisjoner.<\/p>\n<h4>Mesterlig pianist<\/h4>\n<p>Einar R\u00f8ttingen har siden den kritikerroste debuten i 1987 v\u00e6rt solist med Bergen Filharmoniske Orkester og S\u00f8nder Jylland Symfoniorkester, og han har i en \u00e5rrekke medvirket ved Festspillene i Bergen og Troldhaugens konsertserier som solist og kammermusiker. I flere \u00e5r hadde R\u00f8ttingen et n\u00e6rt samarbeid med komponisten Harald S\u00e6verud som resulterte i flere urfremf\u00f8relser og kritikerroste innspillinger av samtlige verk for klaver og konsert for klaver og orkester p\u00e5 Simax Classics. R\u00f8ttingen er professor ved Grieg-akademiet i Bergen.<\/p>\n<h4><\/h4>\n<\/p>\n<p><\/p>","protected":false},"excerpt":{"rendered":"<p>Pianisten Einar R\u00f8ttingen er en mesterlig tolker av disse forskjellige tiln\u00e6rminger til konseptet tema med variasjoner.<\/p>\n","protected":false},"featured_media":27513,"comment_status":"closed","ping_status":"open","template":"","meta":[],"product_brand":[],"product_cat":[180],"product_tag":[],"class_list":{"0":"post-452","1":"product","2":"type-product","3":"status-publish","4":"has-post-thumbnail","6":"product_cat-simax-classics","7":"product_shipping_class-cddvd-shipping","8":"uni_artist_tag-arne-akselberg","9":"uni_artist_tag-edvard-grieg","10":"uni_artist_tag-einar-rottingen","11":"uni_artist_tag-fartein-valen","12":"uni_artist_tag-geirr-tveitt","13":"uni_main_artist_tag-einar-rottingen","14":"uni_artist_genre-piano","16":"first","17":"instock","18":"taxable","19":"shipping-taxable","20":"purchasable","21":"product-type-simple"},"_links":{"self":[{"href":"https:\/\/grappa.no\/no\/wp-json\/wp\/v2\/product\/452","targetHints":{"allow":["GET"]}}],"collection":[{"href":"https:\/\/grappa.no\/no\/wp-json\/wp\/v2\/product"}],"about":[{"href":"https:\/\/grappa.no\/no\/wp-json\/wp\/v2\/types\/product"}],"replies":[{"embeddable":true,"href":"https:\/\/grappa.no\/no\/wp-json\/wp\/v2\/comments?post=452"}],"wp:featuredmedia":[{"embeddable":true,"href":"https:\/\/grappa.no\/no\/wp-json\/wp\/v2\/media\/27513"}],"wp:attachment":[{"href":"https:\/\/grappa.no\/no\/wp-json\/wp\/v2\/media?parent=452"}],"wp:term":[{"taxonomy":"product_brand","embeddable":true,"href":"https:\/\/grappa.no\/no\/wp-json\/wp\/v2\/product_brand?post=452"},{"taxonomy":"product_cat","embeddable":true,"href":"https:\/\/grappa.no\/no\/wp-json\/wp\/v2\/product_cat?post=452"},{"taxonomy":"product_tag","embeddable":true,"href":"https:\/\/grappa.no\/no\/wp-json\/wp\/v2\/product_tag?post=452"}],"curies":[{"name":"wp","href":"https:\/\/api.w.org\/{rel}","templated":true}]}}