{"id":451,"date":"2005-04-25T00:00:00","date_gmt":"2005-04-24T23:00:00","guid":{"rendered":"http:\/\/www.grappa.no\/albums\/uncategorized\/the-4-seasons\/"},"modified":"2019-08-20T15:12:02","modified_gmt":"2019-08-20T14:12:02","slug":"the-4-seasons","status":"publish","type":"product","link":"https:\/\/grappa.no\/no\/albums\/simax-classics\/the-4-seasons\/","title":{"rendered":"the &gt; 4 &gt; seasons"},"content":{"rendered":"<p><\/p>\n<p>Vivaldis fire \u00e5rstider slik du aldri har h\u00f8rt dem f\u00f8r!<\/p>\n<p>Verdens beste kammerorkester med solist og leder Terje T\u00f8nnesen kaster all klassisk stafasje p\u00e5 b\u00e5ten og presenterer en r\u00e5 live-cd med \u00c5rstidene i det 21. \u00e5rhundrets lydlandskap \u2013 i spenningen mellom fortid og n\u00e5tid. P\u00e5 denne tidsreisen er intet fremmed, samples, tape ques, Nokia, vindmaskiner og tordenplater. Sekkepiper, trommer, bikkjer,&#8230; og fremfor alt et h\u00f8yoktans band med full tank. Naturens syklus fra v\u00e5r til vinter er den samme i dag som den gang, men ved \u00e5 bringe inn elementer som h\u00f8rer til i verden slik vi kjenner den i dag, blir de fire fiolinkonsertene til en grensel\u00f8s happening som foreg\u00e5r i spennet mellom 16-hundretallet og 20-hundretallet. T\u00f8ff, grasi\u00f8s, trashy, elegant \u2013 motsetninger som kompletterer hverandre og som treffer tilh\u00f8reren fra f\u00f8rste \u00f8yeblikk. Live recording fra Uranienborg kirke.<\/p>\n<p><!--more--><\/p>\n<p>Vivaldis fire \u00e5rstider slik du aldri har h\u00f8rt dem f\u00f8r! Verdens beste kammerorkester med solist og leder Terje T\u00f8nnesen kaster all klassisk stafasje p\u00e5 b\u00e5ten og presenterer en r\u00e5 live-cd med \u00c5rstidene i det 21. \u00e5rhundrets lydlandskap \u2013 i spenningen mellom fortid og n\u00e5tid. 25. april er det en spektakul\u00e6r releasekonsert i Kanonhallen p\u00e5 L\u00f8ren med DVD-opptak, og 26. april er det Aulaen som settes p\u00e5 hodet. P\u00e5 denne tidsreisen er intet fremmed, samples, tape ques, Nokia, vindmaskiner og tordenplater. Sekkepiper, trommer, bikkjer,&#8230; og fremfor alt et h\u00f8yoktans band med full tank.<\/p>\n<h4>Bryter med tradisjonen \u2013 tro mot Vivaldi<\/h4>\n<p>Diktene Vivaldi bruker som program for musikken legger premissene, og T\u00f8nnesen f\u00f8lger opp helt og fullt. Slik blir dette paradoksalt nok en versjon som er mest tro mot intensjonene som ligger i verket, samtidig som det bryter fullstendig med tradisjonen. N\u00e5 inneb\u00e6rer jo \u00ab\u00e5rstider\u00bb ogs\u00e5 mer ekstreme ytterpunkter for nordmenn enn for kontintentale Europeere, og dette er nok med p\u00e5 \u00e5 lage en tolkning som beveger seg fra det r\u00f8dgl\u00f8dende varme til det isnende kalde slik at det virkelig f\u00f8les p\u00e5 kroppen.<\/p>\n<h4>\u2018Verdens beste kammerorkester\u2019 staker ut ny kurs<\/h4>\n<p>Betegnelsen stammer fra Leif Ove Andsnes, og passer perfekt. Sammen har de solgt mer en 50 000 plater med Mozart bare i Norge det siste \u00e5ret, og brakt den klassiske musikken ut p\u00e5 bensinstasjoner over det ganske land. Det Norske Kammerorkester har i over 25 \u00e5r v\u00e6rt internasjonal eksponent for det beste vi har i norsk musikkliv. Under den engelske fiolinisten Iona Browns vinger fikk NKO verden til \u00e5 sperre \u00f8yne og \u00f8rer opp: den norske urkraft \u2013 b\u00e5de i form av de vareste musikalske kj\u00e6rtegn og vikingens eksplosive villskap \u2013 NKO har satt en verdensstandard for hva man kan forvente av et kammerorkester. Med Vivaldi 4 Seasons viser NKO at de tenker radikalt nytt og friskt i forhold til hva det betyr \u00e5 v\u00e6re klassisk musiker i dag.<\/p>\n<h4><\/h4>\n<\/p>\n<p><\/p>","protected":false},"excerpt":{"rendered":"<p>Det er noe med \u00c5rstidene som frister til overskridelse. Terje T\u00f8nnesen har laget nytt materiale, inspirert av det som allerede ligger klart fra Vivaldis h\u00e5nd i notene.<\/p>\n","protected":false},"featured_media":27634,"comment_status":"closed","ping_status":"open","template":"","meta":[],"product_brand":[],"product_cat":[180],"product_tag":[],"class_list":{"0":"post-451","1":"product","2":"type-product","3":"status-publish","4":"has-post-thumbnail","6":"product_cat-simax-classics","7":"product_shipping_class-cddvd-shipping","8":"uni_artist_tag-antonio-vivaldi","9":"uni_artist_tag-erik-gard-amundsen","10":"uni_artist_tag-norwegian-chamber-orchestra","11":"uni_artist_tag-terje-tonnesen","12":"uni_main_artist_tag-norwegian-chamber-orchestra","13":"uni_artist_genre-early-music","14":"uni_artist_genre-easy-listening","15":"uni_artist_genre-strings","17":"first","18":"instock","19":"taxable","20":"shipping-taxable","21":"purchasable","22":"product-type-simple"},"_links":{"self":[{"href":"https:\/\/grappa.no\/no\/wp-json\/wp\/v2\/product\/451","targetHints":{"allow":["GET"]}}],"collection":[{"href":"https:\/\/grappa.no\/no\/wp-json\/wp\/v2\/product"}],"about":[{"href":"https:\/\/grappa.no\/no\/wp-json\/wp\/v2\/types\/product"}],"replies":[{"embeddable":true,"href":"https:\/\/grappa.no\/no\/wp-json\/wp\/v2\/comments?post=451"}],"wp:featuredmedia":[{"embeddable":true,"href":"https:\/\/grappa.no\/no\/wp-json\/wp\/v2\/media\/27634"}],"wp:attachment":[{"href":"https:\/\/grappa.no\/no\/wp-json\/wp\/v2\/media?parent=451"}],"wp:term":[{"taxonomy":"product_brand","embeddable":true,"href":"https:\/\/grappa.no\/no\/wp-json\/wp\/v2\/product_brand?post=451"},{"taxonomy":"product_cat","embeddable":true,"href":"https:\/\/grappa.no\/no\/wp-json\/wp\/v2\/product_cat?post=451"},{"taxonomy":"product_tag","embeddable":true,"href":"https:\/\/grappa.no\/no\/wp-json\/wp\/v2\/product_tag?post=451"}],"curies":[{"name":"wp","href":"https:\/\/api.w.org\/{rel}","templated":true}]}}