{"id":450,"date":"2013-03-22T00:00:00","date_gmt":"2013-03-21T23:00:00","guid":{"rendered":"http:\/\/www.grappa.no\/albums\/uncategorized\/the-complete-orchestral-works-of-beethoven-vol-11\/"},"modified":"2019-02-22T15:57:32","modified_gmt":"2019-02-22T14:57:32","slug":"beethoven-the-creatures-of-prometheus-twelve-menuets-twelve-german-dances","status":"publish","type":"product","link":"https:\/\/grappa.no\/no\/albums\/simax-classics\/beethoven-the-creatures-of-prometheus-twelve-menuets-twelve-german-dances\/","title":{"rendered":"Beethoven: The Creatures of Prometheus, Twelve Menuets, Twelve German Dances"},"content":{"rendered":"<p><\/p>\n<p>Beethovens Prometheus<\/p>\n<p>Dobbelt-CD med musikk av Beethoven som er releativt lite spilt. Prometheus-balletten fikk sin premiere i 1801 ved hoffteateret i Wien, og musikken er Beethovens eneste store bidrag til sjangeren. I samtiden ble Prometheus-tematikken ofte forbundet med Napoleon \u2013 mannen som skulle frelse selve menneskeheten. Som kjent snudde jo Beethoven 180\u00ba i synet p\u00e5 Napoeleon, og temaet i ballettens finale dukker senere opp i flere versjoner, blant annet som tema for variasjonssatsen i symfoni nr. 3 &#8216;Eroica&#8217;.<\/p>\n<p>Dansemusikk var en popul\u00e6r sjanger, ogs\u00e5 Haydn, Mozart og Schubert bidro til denne sjangeren. Beethovens Tolv Menuetter ble skrevet til et ball arrangert av &#8216;Wienerske Kunstneres Pensjonsfond&#8217; i 1795. I de Tyske Dansene finner vi en rekke trekk som var popul\u00e6re i tiden, deriblant &#8216;tyrkiske&#8217; musikalske effekter (triangel, tamburin og basstromme), og ogs\u00e5 melodistiler som man kjenner igjen fra Papagenos musikk i Mozarts opera Tryllefl\u00f8yten.<\/p>\n<p><!--more--><\/p>\n<p>Beethovens musikk regner vi som velkjent. Men det finnes ogs\u00e5 store verker av denne komponisten som av forskjellige grunner nesten aldri fremf\u00f8res. I Svenska Kammarorkesterns serie med den komplette orkestermusikken er det muligheter til \u00e5 h\u00f8re disse verkene \u2013 og de fortjener absolutt v\u00e5r oppmerksomhet!<\/p>\n<h4>Prometheus&#8217; skapelser<\/h4>\n<p>Balletten fikk sin premiere i 1801 ved hoffteateret i Wien, og musikken er Beethovens eneste store bidrag til sjangeren. I samtiden ble Prometheus-tematikken ofte forbundet med Napoleon \u2013 mannen som skulle frelse selve menneskeheten. Som kjent snudde jo Beethoven 180\u00ba i synet p\u00e5 Napoeleon, og temaet i ballettens finale dukker senere opp i flere versjoner, blant annet som tema for variasjonssatsen i symfoni nr. 3 &#8216;Eroica&#8217;.<\/p>\n<h4>To sett danser<\/h4>\n<p>Dansemusikk var en popul\u00e6r sjanger, ogs\u00e5 Haydn, Mozart og Schubert bidro til denne sjangeren. Beethovens Tolv Menuetter ble skrevet til et ball arrangert av &#8216;Wienerske Kunstneres Pensjonsfond&#8217; i 1795. I de Tyske Dansene finner vi en rekke trekk som var popul\u00e6re i tiden, deriblant &#8216;tyrkiske&#8217; musikalske effekter (triangel, tamburin og basstromme), og ogs\u00e5 melodistiler som man kjenner igjen fra Papagenos musikk i Mozarts opera Tryllefl\u00f8yten.<\/p>\n<h4>Thomas Dausgaard og det Svenske Kammerorkester \u00d6rebro<\/h4>\n<p>Thomas Dausgaard tok over som sjefdirigent for orkesteret i 1997 og satte umiddelbart i gang med  det man m\u00e5 kalle et &#8216;h\u00e5rete&#8217; m\u00e5l\u2026 &#8216;vi skal spille inn alle Beethovens orkesterverker&#8217;. M\u00e5let var \u00e5 heve niv\u00e5et i orkesteret gjennom \u00e5 legge lista s\u00e5 h\u00f8yt som mulig for et orkester \u2013 og samtidig heve interessen for orkesteret internasjonalt. N\u00e5, 15 \u00e5r etterp\u00e5, og med utgivelse 11 i serien, har prosjektet vist seg \u00e5 v\u00e6re sv\u00e6rt vellykket.<\/p>\n<p><\/p>","protected":false},"excerpt":{"rendered":"<p>I samtiden ble Prometheus-tematikken ofte forbundet med Napoleon \u2013 mannen som skulle frelse selve menneskeheten.<\/p>\n","protected":false},"featured_media":27684,"comment_status":"closed","ping_status":"open","template":"","meta":[],"product_brand":[],"product_cat":[180],"product_tag":[],"class_list":{"0":"post-450","1":"product","2":"type-product","3":"status-publish","4":"has-post-thumbnail","6":"product_cat-simax-classics","7":"product_shipping_class-cddvd-shipping","8":"uni_artist_tag-andrew-keener","9":"uni_artist_tag-ludwig-van-beethoven","10":"uni_artist_tag-swedish-chamber-orchestra-orebro","11":"uni_artist_tag-thomas-dausgaard","12":"uni_main_artist_tag-swedish-chamber-orchestra-orebro","13":"uni_artist_genre-beethoven-complete-orchestral-works","14":"uni_artist_genre-complete","15":"uni_artist_genre-orchestral","17":"first","18":"instock","19":"taxable","20":"shipping-taxable","21":"purchasable","22":"product-type-simple"},"_links":{"self":[{"href":"https:\/\/grappa.no\/no\/wp-json\/wp\/v2\/product\/450","targetHints":{"allow":["GET"]}}],"collection":[{"href":"https:\/\/grappa.no\/no\/wp-json\/wp\/v2\/product"}],"about":[{"href":"https:\/\/grappa.no\/no\/wp-json\/wp\/v2\/types\/product"}],"replies":[{"embeddable":true,"href":"https:\/\/grappa.no\/no\/wp-json\/wp\/v2\/comments?post=450"}],"wp:featuredmedia":[{"embeddable":true,"href":"https:\/\/grappa.no\/no\/wp-json\/wp\/v2\/media\/27684"}],"wp:attachment":[{"href":"https:\/\/grappa.no\/no\/wp-json\/wp\/v2\/media?parent=450"}],"wp:term":[{"taxonomy":"product_brand","embeddable":true,"href":"https:\/\/grappa.no\/no\/wp-json\/wp\/v2\/product_brand?post=450"},{"taxonomy":"product_cat","embeddable":true,"href":"https:\/\/grappa.no\/no\/wp-json\/wp\/v2\/product_cat?post=450"},{"taxonomy":"product_tag","embeddable":true,"href":"https:\/\/grappa.no\/no\/wp-json\/wp\/v2\/product_tag?post=450"}],"curies":[{"name":"wp","href":"https:\/\/api.w.org\/{rel}","templated":true}]}}