{"id":448,"date":"2007-02-05T00:00:00","date_gmt":"2007-02-04T23:00:00","guid":{"rendered":"http:\/\/www.grappa.no\/albums\/uncategorized\/the-complete-orchestral-works-of-beethoven-vol-9\/"},"modified":"2019-02-22T15:57:25","modified_gmt":"2019-02-22T14:57:25","slug":"beethoven-symphony-no-8-tarpeja-triumph-march-namensfeier-overture-wellingtons-sieg-koningstephan-overture-siegesmarsch-geistlicher-marsch-ruinen-von-athen-fidelio-overture","status":"publish","type":"product","link":"https:\/\/grappa.no\/no\/albums\/simax-classics\/beethoven-symphony-no-8-tarpeja-triumph-march-namensfeier-overture-wellingtons-sieg-koningstephan-overture-siegesmarsch-geistlicher-marsch-ruinen-von-athen-fidelio-overture\/","title":{"rendered":"Beethoven: Symphony no. 8, Tarpeja Triumph-March, Namensfeier Overture, Wellington&#8217;s Sieg, K\u00f6ningStephan overture, Siegesmarsch, Geistlicher Marsch, Ruinen von Athen, Fidelio Overture"},"content":{"rendered":"<p><\/p>\n<p>Beethoven i Porsche!<\/p>\n<p>Verdenspressens kritikere er samstemte i sin hyllest til denne fantastiske serien med Beethovens komplette musikk for orkester. BBC Music Magazine valgte vol. 5 til tidenes innspilling av trippelkonserten. Og konkurransen er sterk! Med vol. 9 r\u00f8sker vi enn\u00e5 litt mer opp i fastt\u00f8mrede oppfatninger av hva Beethoven er.<\/p>\n<p>Den nordiske m\u00e5ten \u00e5 spille Beethoven p\u00e5 fenger ogs\u00e5 i komponistens hjemland. I mars starter en stor og profilert turn\u00e9 i Tyskland, og England, Spania, Italia og Danmark st\u00e5r ogs\u00e5 for tur senere i \u00e5r. Med et orkester som ikke er st\u00f8rre en 38 musikere har Det Svenske Kammerorkesteret under ledelse av Thomas Dausgaard vist verden en ny, fascinerende og n\u00e5del\u00f8s m\u00e5te \u00e5 spille Beethoven p\u00e5.<\/p>\n<p><!--more--><\/p>\n<p>Verdenspressens kritikere er samstemte i sin hyllest til denne fantastiske serien med Beethovens komplette musikk for orkester. BBC Music Magazine valgte vol. 5 til tidenes innspilling av trippelkonserten. Og konkurransen er sterk! Med vol. 9 r\u00f8sker vi enn\u00e5 litt mer opp i fastt\u00f8mrede oppfatninger av hva Beethoven er.<\/p>\n<h4>Den mest klassiske av Beethovens symfonier<\/h4>\n<p>Nr. 8 er komponistens korteste og mest klassiske symfoni. Den strutter at humor og energi, og er skrevet i et uvanlig konsentrert og m\u00e5lrettet spr\u00e5k til Beethoven \u00e5 v\u00e6re. Verkene p\u00e5 platen er skrevet mellom 1811 og 1815, kanskje den lykkeligste og letteste perioden i komponistens liv. Her finner vi alt fra leilighetsmusikk av typen Namensfeier (navnedag) overtyre til den meget spesielle Wellingtons Sieg. Verket \u00e5pner med fanfarene til den engelske og franske arm\u00e9 som st\u00e5r ovenfor hverandre p\u00e5 slagmarken (Rule Britannia vs Malbrouk s\u2019en va-t\u2019en guerre), og skildrer et slag med ekstraordin\u00e6re kanon-stemmer skrevet inn i partituret for slagverkeren. Verket ble et viktig element i Beethovens popularitet i England.<\/p>\n<h4>Nytt fra Skandinavia<\/h4>\n<p>Den nordiske m\u00e5ten \u00e5 spille Beethoven p\u00e5 fenger ogs\u00e5 i komponistens hjemland. I mars starter en stor og profilert turn\u00e9 i Tyskland, og England, Spania, Italia og Danmark st\u00e5r ogs\u00e5 for tur senere i \u00e5r. Med et orkester som ikke er st\u00f8rre en 38 musikere har Det Svenske Kammerorkesteret under ledelse av Thomas Dausgaard vist verden en ny, fascinerende og n\u00e5del\u00f8s m\u00e5te \u00e5 spille Beethoven p\u00e5.<\/p>\n<h4><\/h4>\n<\/p>\n<p><\/p>","protected":false},"excerpt":{"rendered":"<p>\u2026 it&#8217;s like driving a Beethoven Porsche: strap yourself in, start the engine, and let her rip. [Laurence Vittes\/Audiophile Audition]<\/p>\n","protected":false},"featured_media":27681,"comment_status":"closed","ping_status":"open","template":"","meta":[],"product_brand":[],"product_cat":[180],"product_tag":[],"class_list":{"0":"post-448","1":"product","2":"type-product","3":"status-publish","4":"has-post-thumbnail","6":"product_cat-simax-classics","7":"product_shipping_class-cddvd-shipping","8":"uni_artist_tag-andrew-keener","9":"uni_artist_tag-ludwig-van-beethoven","10":"uni_artist_tag-swedish-chamber-orchestra-orebro","11":"uni_artist_tag-thomas-dausgaard","12":"uni_main_artist_tag-swedish-chamber-orchestra-orebro","13":"uni_artist_genre-beethoven-complete-orchestral-works","14":"uni_artist_genre-complete","15":"uni_artist_genre-orchestral","17":"first","18":"instock","19":"taxable","20":"shipping-taxable","21":"purchasable","22":"product-type-simple"},"_links":{"self":[{"href":"https:\/\/grappa.no\/no\/wp-json\/wp\/v2\/product\/448","targetHints":{"allow":["GET"]}}],"collection":[{"href":"https:\/\/grappa.no\/no\/wp-json\/wp\/v2\/product"}],"about":[{"href":"https:\/\/grappa.no\/no\/wp-json\/wp\/v2\/types\/product"}],"replies":[{"embeddable":true,"href":"https:\/\/grappa.no\/no\/wp-json\/wp\/v2\/comments?post=448"}],"wp:featuredmedia":[{"embeddable":true,"href":"https:\/\/grappa.no\/no\/wp-json\/wp\/v2\/media\/27681"}],"wp:attachment":[{"href":"https:\/\/grappa.no\/no\/wp-json\/wp\/v2\/media?parent=448"}],"wp:term":[{"taxonomy":"product_brand","embeddable":true,"href":"https:\/\/grappa.no\/no\/wp-json\/wp\/v2\/product_brand?post=448"},{"taxonomy":"product_cat","embeddable":true,"href":"https:\/\/grappa.no\/no\/wp-json\/wp\/v2\/product_cat?post=448"},{"taxonomy":"product_tag","embeddable":true,"href":"https:\/\/grappa.no\/no\/wp-json\/wp\/v2\/product_tag?post=448"}],"curies":[{"name":"wp","href":"https:\/\/api.w.org\/{rel}","templated":true}]}}