{"id":447,"date":"2006-01-27T00:00:00","date_gmt":"2006-01-26T23:00:00","guid":{"rendered":"http:\/\/www.grappa.no\/albums\/uncategorized\/the-complete-orchestral-works-of-beethoven-vol-8\/"},"modified":"2019-02-22T15:57:22","modified_gmt":"2019-02-22T14:57:22","slug":"beethoven-symphony-no-3-eroica-12-contredanses-leonore-prohaska-romances-nos-1-and-2","status":"publish","type":"product","link":"https:\/\/grappa.no\/no\/albums\/simax-classics\/beethoven-symphony-no-3-eroica-12-contredanses-leonore-prohaska-romances-nos-1-and-2\/","title":{"rendered":"Beethoven: Symphony no. 3 &#8216;Eroica&#8217;, 12 Contredanses, Leonore Prohaska, Romances nos. 1 and 2"},"content":{"rendered":"<p><\/p>\n<p>Eroica!<\/p>\n<p>Beethovens komplette orkestermusikk i rystende fortolkninger, presentert i et avklaret lyd-landskap. Her er en Eroica-symfoni som formelig dirrer av kampen som foreg\u00e5r i Beethovens verk, det Svenske Kammerorkesteret og Thomas Dausgaard bringer det hele frem med uimotst\u00e5elig kraft. Beethoven skrapte vekk dedikasjonen til Napoleon p\u00e5 sitt originalmanuskript, og forandret det til \u2018Heroisk Symfoni til minne om en stor mann\u2019. Faktisk hevdet Beethoven selv at hvis han hadde visst like mye om strategi som han visste om musikk, s\u00e5 ville han kunne ha seiret over Napoleon.<\/p>\n<p>De 12 kontradansene fra 1802 og Overtyren til Leonore Prohaska h\u00f8rer med til en del av hans musikk som ikke er s\u00e6rlig godt kjent. De to \u00e9n-satsige fiolinromansene har begge trekk som minner om langsomme satser fra solokonserter og har vunnet sin plass i repertoaret ved sin lyriske varme.<\/p>\n<p><!--more--><\/p>\n<p>Beethovens komplette orkestermusikk i rystende fortolkninger, presentert i et avklaret lyd-landskap. Her er en Eroica-symfoni som formelig dirrer av kampen som foreg\u00e5r i Beethovens verk, det Svenske Kammerorkesteret og Thomas Dausgaard bringer det hele frem med uimotst\u00e5elig kraft.<\/p>\n<h4>Eroica-symfonien<\/h4>\n<p>Beethoven skrapte vekk dedikasjonen til Napoleon p\u00e5 sitt originalmanuskript, og forandret det til \u2018Heroisk Symfoni til minne om en stor mann\u2019. Faktisk hevdet Beethoven selv at hvis han hadde visst like mye om strategi som han visste om musikk, s\u00e5 ville han kunne ha seiret over Napoleon. Faktum er at Eroica, dobbelt s\u00e5 lang som noen tidligere symfoni, satt standarden for de heroiske verken som skulle komme i den perioden som vi kaller romantikken. Det er en symfoni som utrykker Beethovens egen personlige \u2013 og menneskehetens \u2013 kamp og seier.<\/p>\n<h4>En bredere forst\u00e5else av Beethoven<\/h4>\n<p>En relativt liten del av Beethovens verker er godt etablert i selve senteret av orkesterrepertoaret. V\u00e5rt syn p\u00e5 Beethoven er som f\u00f8lge av dette bestemt ved at vi har h\u00f8rt en relativt liten del av hans totale produksjon. N\u00e5r man utsetter seg for hele hans orkestermusikk, som i denne bejublede serien, f\u00e5r vi et bredere og riktigere grunnlag for \u00e5 forst\u00e5 Beethovens kunstneriske prosjekt. De 12 kontradansene fra 1802 og Overtyren til Leonore Prohaska h\u00f8rer med til en del av hans musikk som ikke er s\u00e6rlig godt kjent. De to \u00e9n-satsige fiolinromansene har begge trekk som minner om langsomme satser fra solokonserter og har vunnet sin plass i repertoaret ved sin lyriske varme. Solisten Katarina Andreasson er konsertmester i Det Svenske Kammerorkester.<\/p>\n<h4><\/h4>\n<\/p>\n<p><\/p>","protected":false},"excerpt":{"rendered":"<p>Beethoven hevdet at hvis han hadde visst like mye om strategi som han visste om musikk, s\u00e5 ville han kunne ha seiret over Napoleon.<\/p>\n","protected":false},"featured_media":27680,"comment_status":"closed","ping_status":"open","template":"","meta":[],"product_brand":[],"product_cat":[180],"product_tag":[],"class_list":{"0":"post-447","1":"product","2":"type-product","3":"status-publish","4":"has-post-thumbnail","6":"product_cat-simax-classics","7":"product_shipping_class-cddvd-shipping","8":"uni_artist_tag-andrew-keener","9":"uni_artist_tag-ludwig-van-beethoven","10":"uni_artist_tag-swedish-chamber-orchestra-orebro","11":"uni_artist_tag-thomas-dausgaard","12":"uni_main_artist_tag-swedish-chamber-orchestra-orebro","13":"uni_artist_genre-beethoven-complete-orchestral-works","14":"uni_artist_genre-complete","15":"uni_artist_genre-orchestral","17":"first","18":"instock","19":"taxable","20":"shipping-taxable","21":"purchasable","22":"product-type-simple"},"_links":{"self":[{"href":"https:\/\/grappa.no\/no\/wp-json\/wp\/v2\/product\/447","targetHints":{"allow":["GET"]}}],"collection":[{"href":"https:\/\/grappa.no\/no\/wp-json\/wp\/v2\/product"}],"about":[{"href":"https:\/\/grappa.no\/no\/wp-json\/wp\/v2\/types\/product"}],"replies":[{"embeddable":true,"href":"https:\/\/grappa.no\/no\/wp-json\/wp\/v2\/comments?post=447"}],"wp:featuredmedia":[{"embeddable":true,"href":"https:\/\/grappa.no\/no\/wp-json\/wp\/v2\/media\/27680"}],"wp:attachment":[{"href":"https:\/\/grappa.no\/no\/wp-json\/wp\/v2\/media?parent=447"}],"wp:term":[{"taxonomy":"product_brand","embeddable":true,"href":"https:\/\/grappa.no\/no\/wp-json\/wp\/v2\/product_brand?post=447"},{"taxonomy":"product_cat","embeddable":true,"href":"https:\/\/grappa.no\/no\/wp-json\/wp\/v2\/product_cat?post=447"},{"taxonomy":"product_tag","embeddable":true,"href":"https:\/\/grappa.no\/no\/wp-json\/wp\/v2\/product_tag?post=447"}],"curies":[{"name":"wp","href":"https:\/\/api.w.org\/{rel}","templated":true}]}}