{"id":446,"date":"2005-05-22T00:00:00","date_gmt":"2005-05-21T23:00:00","guid":{"rendered":"http:\/\/www.grappa.no\/albums\/uncategorized\/the-complete-orchestral-works-of-beethoven-vol-7\/"},"modified":"2019-02-22T15:57:19","modified_gmt":"2019-02-22T14:57:19","slug":"beethoven-piano-concerto-no-4-piano-concerto-in-d-major","status":"publish","type":"product","link":"https:\/\/grappa.no\/no\/albums\/simax-classics\/beethoven-piano-concerto-no-4-piano-concerto-in-d-major\/","title":{"rendered":"Beethoven: Piano Concerto no. 4, Piano Concerto in D Major"},"content":{"rendered":"<p><\/p>\n<p>Fiolinkonserten i klaverversjon av Beethoven selv<\/p>\n<p>Som start p\u00e5 den andre halvdelen av v\u00e5r store Beethovenserie er Boris Berezovsky tilbake igjen, denne gangen med den fjerde klavekonserten og Beethovens egen versjon av fiolinkonserten arrangert med klaver som soloinstrument. Boris\u2019 tidligere bidrag i denne serien har blitt veldig godt mottatt, og den russiske virtuosen har flere godbiter p\u00e5 lager.<\/p>\n<p>Med en spesiell evne til \u00e5 gripe \u00f8yeblikkene i musikken er Boris Berezovsky en meget s\u00e6rpreget musiker i v\u00e5re dager. Navnet hans dukker alltid opp n\u00e5 begrepet virtuos diskuteres, selvf\u00f8lgelig fordi han ut\u00f8ver en total kontroll over musikalsk uttrykk og over sitt instrument. Ogs\u00e5 det faktum at han stiger direkte ut av den store russiske tradisjonen gj\u00f8r naturlig nok at hans tiln\u00e6rming er en litt annen enn den vi kanskje er vant med.<\/p>\n<p><!--more--><\/p>\n<p>Som start p\u00e5 den andre halvdelen av v\u00e5r store Beethovenserie er Boris Berezovsky tilbake igjen, denne gangen med den fjerde klavekonserten og Beethovens egen versjon av fiolinkonserten arrangert med klaver som soloinstrument. Boris\u2019 tidligere bidrag i denne serien har blitt veldig godt mottatt, og den russiske virtuosen har flere godbiter p\u00e5 lager.<\/p>\n<h4>Litt av en aften for Beethoven-tilhengere<\/h4>\n<p>Beethoven skrev klaverkonsertene med seg selv i tankene som solist. Denne fjerde var faktisk den siste som fikk sin utfremf\u00f8ring med komponisten ved klaveret, en faktum som skyldtes hans stigende grad av d\u00f8vhet i de senere \u00e5r. Men 22. desember 1808 ledet han en fantastisk konsert med urfremf\u00f8ringene av femte og sjette symfoni, Korfantasien, deler av Messe i C og den fjerde klaverkonserten.<\/p>\n<h4>Tilpassing for \u00e5 skaffe flere fremf\u00f8relser<\/h4>\n<p>Beethovens forlegger Muzio Clementi (nettopp, han med sonatinene\u2026) overtalte ham til \u00e5 lage en transkripsjon av fiolinkonserten med klaveret som soloinstrument i forbindelse med en avtale om lansering i England. Tankegangen bak denne foresp\u00f8rselen var rett og slett \u00e5 generere flere fremf\u00f8relser av verket, ettersom klaverkonserten var den mest popul\u00e6re genren p\u00e5 denne tiden. Hadde det ikke v\u00e6rt for denne transkripsjonen hadde vi for\u00f8vrig ikke hatt noen kadens fra komponistens h\u00e5nd til denne konserten, ettersom han ikke skrev noen kadens til fiolinkonserten i dens f\u00f8rste utgave.<\/p>\n<h4>Boris og de magiske \u00f8yeblikkene<\/h4>\n<p>Med en spesiell evne til \u00e5 gripe \u00f8yeblikkene i musikken er Boris Berezovsky en meget s\u00e6rpreget musiker i v\u00e5re dager. Navnet hans dukker alltid opp n\u00e5 begrepet virtuos diskuteres, selvf\u00f8lgelig fordi han ut\u00f8ver en total kontroll over musikalsk uttrykk og over sitt instrument. Ogs\u00e5 det faktum at han stiger direkte ut av den store russiske tradisjonen gj\u00f8r naturlig nok at hans tiln\u00e6rming er en litt annen enn den vi kanskje er vant med. Det som kanskje er mest fascinerende med Boris sitt Beethoven-spill er hvordan han skaper intensitet og fokus innenfor det historisk informerte rammeverket som Dausgaard og hans Svenske Kammarorkester bygger opp. Resultatet er uimotst\u00e5elige, betagende og interessante utstrakte musikalske \u00f8yeblikk.<\/p>\n<p><\/p>","protected":false},"excerpt":{"rendered":"<p>Resultatet er uimotst\u00e5elige, betagende og interessante utstrakte musikalske \u00f8yeblikk.<\/p>\n","protected":false},"featured_media":27679,"comment_status":"closed","ping_status":"open","template":"","meta":[],"product_brand":[],"product_cat":[180],"product_tag":[],"class_list":{"0":"post-446","1":"product","2":"type-product","3":"status-publish","4":"has-post-thumbnail","6":"product_cat-simax-classics","7":"product_shipping_class-cddvd-shipping","8":"uni_artist_tag-andrew-keener","9":"uni_artist_tag-boris-berezovsky","10":"uni_artist_tag-ludwig-van-beethoven","11":"uni_artist_tag-swedish-chamber-orchestra-orebro","12":"uni_artist_tag-thomas-dausgaard","13":"uni_main_artist_tag-swedish-chamber-orchestra-orebro","14":"uni_artist_genre-beethoven-complete-orchestral-works","15":"uni_artist_genre-complete","16":"uni_artist_genre-concerto","18":"first","19":"outofstock","20":"taxable","21":"shipping-taxable","22":"purchasable","23":"product-type-simple"},"_links":{"self":[{"href":"https:\/\/grappa.no\/no\/wp-json\/wp\/v2\/product\/446","targetHints":{"allow":["GET"]}}],"collection":[{"href":"https:\/\/grappa.no\/no\/wp-json\/wp\/v2\/product"}],"about":[{"href":"https:\/\/grappa.no\/no\/wp-json\/wp\/v2\/types\/product"}],"replies":[{"embeddable":true,"href":"https:\/\/grappa.no\/no\/wp-json\/wp\/v2\/comments?post=446"}],"wp:featuredmedia":[{"embeddable":true,"href":"https:\/\/grappa.no\/no\/wp-json\/wp\/v2\/media\/27679"}],"wp:attachment":[{"href":"https:\/\/grappa.no\/no\/wp-json\/wp\/v2\/media?parent=446"}],"wp:term":[{"taxonomy":"product_brand","embeddable":true,"href":"https:\/\/grappa.no\/no\/wp-json\/wp\/v2\/product_brand?post=446"},{"taxonomy":"product_cat","embeddable":true,"href":"https:\/\/grappa.no\/no\/wp-json\/wp\/v2\/product_cat?post=446"},{"taxonomy":"product_tag","embeddable":true,"href":"https:\/\/grappa.no\/no\/wp-json\/wp\/v2\/product_tag?post=446"}],"curies":[{"name":"wp","href":"https:\/\/api.w.org\/{rel}","templated":true}]}}