{"id":445,"date":"2002-06-13T00:00:00","date_gmt":"2002-06-12T23:00:00","guid":{"rendered":"http:\/\/www.grappa.no\/albums\/uncategorized\/som-en-rose-2\/"},"modified":"2016-11-18T16:34:35","modified_gmt":"2016-11-18T15:34:35","slug":"som-en-rose","status":"publish","type":"product","link":"https:\/\/grappa.no\/no\/albums\/simax-classics\/som-en-rose\/","title":{"rendered":"Som en rose"},"content":{"rendered":"<p><\/p>\n<p>Norges f\u00f8rste helgen<\/p>\n<p>M\u00e5 korsets tre sl\u00e5 rot er en frisk og betagende musikalsk fortelling med tekst av Eyvind Skeie og musikk av Odd Johan Over\u00f8ye, og hovedverket p\u00e5 denne CD-debuten. Irsk-inspirert musikk m\u00f8ter norske toneganger i Over\u00f8yes komposisjon, som skildrer historien om St. Sunniva. Sunniva var den gudfryktige kongsdatteren som m\u00e5tte flykte fra Irland for \u00e5 slippe unna gifterm\u00e5l med en ond hedensk konge. Hun r\u00f8mte over havet med noen trofaste munker og kom i land p\u00e5 \u00f8ya Selja. Her ble de fremmede sett p\u00e5 med misstro av den lokale befolkning, og H\u00e5kon Jarl og hans menn gikk til angrep p\u00e5 Sunniva.<\/p>\n<p>Dette er Nidarosdomens Jentekors CD-debut, og det er et meget spenstig prosjekt de kommer med. Her spenner uttrykket fra enkle og nydelige stykker for kor alene, til dramatiske h\u00f8ydepunkter hvor korets klang utvides med elektriske gitarer, orgel og slagverk. De har ogs\u00e5 f\u00e5tt med seg flotte solister, med blant annet Ingeborg Hugnes som Sunniva og Lars Klevstrand som Olav Tryggvason.<\/p>\n<p><!--more--><\/p>\n<p>Jentekoret er et relativt nytt tilskudd i det rike musikklivet i Nidarosdomen. Ikke desto mindre har de allerede hatt ulike konserter b\u00e5de alene og i samarbeid med blant andre Trondheim Symfoniorkester. Under prinsessebryllupet 24. mai var jentekoret spesielt i fokus da de sang \u00abL\u00e6r meg \u00e5 kjenne dine veie\u00bb sammen med Sissel Kyrkjeb\u00f8.<\/p>\n<h4>Historien om St. Sunniva<\/h4>\n<p>M\u00e5 korsets tre sl\u00e5 rot er en frisk og betagende musikalsk fortelling med tekst av Eyvind Skeie og musikk av Odd Johan Over\u00f8ye, og hovedverket p\u00e5 denne CD-debuten. Irsk-inspirert musikk m\u00f8ter norske toneganger i Over\u00f8yes komposisjon, som skildrer historien om St. Sunniva.<\/p>\n<h4><\/h4>\n<p>Sunniva var den gudfryktige kongsdatteren som m\u00e5tte flykte fra Irland for \u00e5 slippe unna gifterm\u00e5l med en ond hedensk konge. Hun r\u00f8mte over havet med noen trofaste munker og kom i land p\u00e5 \u00f8ya Selja. Her ble de fremmede sett p\u00e5 med misstro av den lokale befolkning, og H\u00e5kon Jarl og hans menn gikk til angrep p\u00e5 Sunniva. Sunniva og munkene samlet seg til b\u00f8nn i en hule, og b\u00f8nnesvaret kom i form av store stener som stengte huleinngangen for angriperne. 100 \u00e5r etter fant Olav Tryggvason Sunnivas levninger uskadde. Kongen lot bygge en kirke p\u00e5 Selja, og Sunniva fikk helgenstatus.<\/p>\n<h4><\/h4>\n<\/p>\n<p><\/p>","protected":false},"excerpt":{"rendered":"<p>Flotte solister ogs\u00e5, med blant annet Ingeborg Hugnes som Sunniva og Lars Klevstrand som Olav Tryggvason.<\/p>\n","protected":false},"featured_media":27506,"comment_status":"closed","ping_status":"open","template":"","meta":[],"product_brand":[],"product_cat":[180],"product_tag":[],"class_list":{"0":"post-445","1":"product","2":"type-product","3":"status-publish","4":"has-post-thumbnail","6":"product_cat-simax-classics","7":"product_shipping_class-cddvd-shipping","8":"uni_artist_tag-lars-klevstrand","9":"uni_artist_tag-nidarosdomens-girls-choir","10":"uni_artist_tag-odd-johan-overoye","11":"uni_main_artist_tag-nidarosdomens-girls-choir","12":"uni_artist_genre-choir","13":"uni_artist_genre-norwegian-lyrics","14":"uni_artist_genre-religious","16":"first","17":"instock","18":"taxable","19":"shipping-taxable","20":"purchasable","21":"product-type-simple"},"_links":{"self":[{"href":"https:\/\/grappa.no\/no\/wp-json\/wp\/v2\/product\/445","targetHints":{"allow":["GET"]}}],"collection":[{"href":"https:\/\/grappa.no\/no\/wp-json\/wp\/v2\/product"}],"about":[{"href":"https:\/\/grappa.no\/no\/wp-json\/wp\/v2\/types\/product"}],"replies":[{"embeddable":true,"href":"https:\/\/grappa.no\/no\/wp-json\/wp\/v2\/comments?post=445"}],"wp:featuredmedia":[{"embeddable":true,"href":"https:\/\/grappa.no\/no\/wp-json\/wp\/v2\/media\/27506"}],"wp:attachment":[{"href":"https:\/\/grappa.no\/no\/wp-json\/wp\/v2\/media?parent=445"}],"wp:term":[{"taxonomy":"product_brand","embeddable":true,"href":"https:\/\/grappa.no\/no\/wp-json\/wp\/v2\/product_brand?post=445"},{"taxonomy":"product_cat","embeddable":true,"href":"https:\/\/grappa.no\/no\/wp-json\/wp\/v2\/product_cat?post=445"},{"taxonomy":"product_tag","embeddable":true,"href":"https:\/\/grappa.no\/no\/wp-json\/wp\/v2\/product_tag?post=445"}],"curies":[{"name":"wp","href":"https:\/\/api.w.org\/{rel}","templated":true}]}}