{"id":444,"date":"2010-05-31T00:00:00","date_gmt":"2010-05-30T23:00:00","guid":{"rendered":"http:\/\/www.grappa.no\/albums\/uncategorized\/organ-works-by-schumann-ritter-reger\/"},"modified":"2019-02-22T15:57:15","modified_gmt":"2019-02-22T14:57:15","slug":"organ-works-by-schumann-ritter-reger","status":"publish","type":"product","link":"https:\/\/grappa.no\/no\/albums\/simax-classics\/organ-works-by-schumann-ritter-reger\/","title":{"rendered":"Organ works by Schumann, Ritter &amp; Reger"},"content":{"rendered":"<p><\/p>\n<p>Schumann, Ritter og Reger p\u00e5 orgelet i Bragernes<\/p>\n<p>Siste utgivelse i Terje Winges prisbel\u00f8nte serie med eksepsjonelle orgler i Norge er prikken over i-en. Den tyske romantiske orgeltradisjon river seg l\u00f8s fra kirkens krav til liturgisk musikk, og orgelet f\u00e5r vist hva det virkelig duger til i musikk av Schumann, Ritter og Reger.<\/p>\n<p>Mot midten av 1800-tallet begynte flere tyske komponister \u00e5 komponere store verker for orgel som overhodet ikke passet inn i det kirkelige konseptet, men som helt og fullt var inspirert av de gigantiske orglene som p\u00e5 denne tiden ble bygget. Bl.a Schumann var sv\u00e6rt fascinert av mulighetene i det han kalte det \u2018overpersonlige\u2019 instrumentet. De seks BACH-fugene vi h\u00f8rer her, gjorde at Schumann for f\u00f8rste gang befant seg i samtidens s\u00f8kelys som orgelkomponist. August Gottfried Ritter (1811\u201385) studerte hos elever i tradisjonen etter Bach og etter Mozart. Han var viden kjent som en virtuos ut\u00f8ver og improvisator. Max Reger (1873\u20131916) skrev seg inn i musikkhistorien bare 25 \u00e5r gammel med koralfantasien \u00abEin feste Burg ist unser Gott\u00bb. Med dette verket fant han en musikalsk identitet som skulle bli hans kjennetegn gjennom et kort men sv\u00e6rt produktivt livsl\u00f8p.<\/p>\n<p><!--more--><\/p>\n<p>Siste utgivelse i Terje Winges prisbel\u00f8nte serie med eksepsjonelle orgler i Norge er prikken over i-en. Den tyske romantiske orgeltradisjon river seg l\u00f8s fra kirkens krav til liturgisk musikk, og orgelet f\u00e5r vist hva det virkelig duger til i musikk av Schumann, Ritter og Reger.<\/p>\n<h4>Schumanns B.A.C.H.<\/h4>\n<p>Robert Schumann (1810-1856) var sentral i gjenoppdagelsen av musikken til J.S. Bach, som p\u00e5 dette tidspunktet hadde v\u00e6rt glemt i nesten 100 \u00e5r. Han fikk montert et pedalklaviatur p\u00e5 flygelet sitt for \u00e5 \u00f8ve \u2018orgel\u2019 hjemme, og skrev faktisk to opus for denne spesielle instrument-typen. De seks BACH-fugene vi h\u00f8rer her gjorde at Schumann for f\u00f8rste gang befant seg i samtidens s\u00f8kelys som orgelkomponist.<\/p>\n<h4>Kongelig Pr\u00f8ysisk Orgelrevisor<\/h4>\n<p>August Gottfried Ritter (1811\u201385) studerte hos elever i tradisjonen etter Bach og etter Mozart. Han var viden kjent som en virtuos ut\u00f8ver og improvisator, og tittelen K\u00f6niglich-Preussischer Orgelrevisor sier det meste om hans posisjon i samtiden. Han kjente og beundret Franz List, og Sonate nr. 3 er tilegnet den store mann. Max Reger (1873\u20131916) skrev seg inn i musikkhistorien bare 25 \u00e5r gammel med koralfantasien \u00abEin feste Burg ist unser Gott\u00bb. Med dette verket fant han en musikalsk identitet som skulle bli hans kjennetegn gjennom et kort men sv\u00e6rt produktivt livsl\u00f8p.<\/p>\n<h4>Terje Winge og Organum Norvegica<\/h4>\n<p>Serien Organum Norvegica, st\u00f8ttet av Kulturr\u00e5det, Lindemans Legat og NMH, viser frem virkelig unike orgler i Norge gjennom repertoar som er spesialskrevet for de forskjellige instrumenttypene. Forrige utgivelse, Dupre og Vierne p\u00e5 orgelet i Skien kirke, mottok den h\u00f8yeste utmerkelsen Diapason d\u2019Or i novemberutgaven 2009. Siden debuten i Oslo i 1970 har Terje Winge bygget opp en internasjonal konsertvirksomhet med repertoar som spenner fra barokkmusikk til samtidsmusikk. I tillegg til sin konserterende virksomhet er Winge en h\u00f8yt aktet pedagog og inspirator ved Norges musikkh\u00f8gskole.<\/p>\n<p><\/p>","protected":false},"excerpt":{"rendered":"<p>&#8211; Winges innspilling av Dupre og Vierne mottok den h\u00f8yeste utmerkelsen Diapason d\u2019Or i 2009.<\/p>\n","protected":false},"featured_media":27630,"comment_status":"closed","ping_status":"open","template":"","meta":[],"product_brand":[],"product_cat":[180],"product_tag":[],"class_list":{"0":"post-444","1":"product","2":"type-product","3":"status-publish","4":"has-post-thumbnail","6":"product_cat-simax-classics","7":"product_shipping_class-cddvd-shipping","8":"uni_artist_tag-august-gottfried-ritter","9":"uni_artist_tag-geoff-miles","10":"uni_artist_tag-max-reger","11":"uni_artist_tag-robert-schumann","12":"uni_artist_tag-terje-winge","13":"uni_main_artist_tag-terje-winge","14":"uni_artist_genre-organ","16":"first","17":"instock","18":"taxable","19":"shipping-taxable","20":"purchasable","21":"product-type-simple"},"_links":{"self":[{"href":"https:\/\/grappa.no\/no\/wp-json\/wp\/v2\/product\/444","targetHints":{"allow":["GET"]}}],"collection":[{"href":"https:\/\/grappa.no\/no\/wp-json\/wp\/v2\/product"}],"about":[{"href":"https:\/\/grappa.no\/no\/wp-json\/wp\/v2\/types\/product"}],"replies":[{"embeddable":true,"href":"https:\/\/grappa.no\/no\/wp-json\/wp\/v2\/comments?post=444"}],"wp:featuredmedia":[{"embeddable":true,"href":"https:\/\/grappa.no\/no\/wp-json\/wp\/v2\/media\/27630"}],"wp:attachment":[{"href":"https:\/\/grappa.no\/no\/wp-json\/wp\/v2\/media?parent=444"}],"wp:term":[{"taxonomy":"product_brand","embeddable":true,"href":"https:\/\/grappa.no\/no\/wp-json\/wp\/v2\/product_brand?post=444"},{"taxonomy":"product_cat","embeddable":true,"href":"https:\/\/grappa.no\/no\/wp-json\/wp\/v2\/product_cat?post=444"},{"taxonomy":"product_tag","embeddable":true,"href":"https:\/\/grappa.no\/no\/wp-json\/wp\/v2\/product_tag?post=444"}],"curies":[{"name":"wp","href":"https:\/\/api.w.org\/{rel}","templated":true}]}}