{"id":443,"date":"2006-05-02T00:00:00","date_gmt":"2006-05-01T23:00:00","guid":{"rendered":"http:\/\/www.grappa.no\/albums\/uncategorized\/j-s-bach-die-kunst-der-fuge\/"},"modified":"2019-02-22T15:57:09","modified_gmt":"2019-02-22T14:57:09","slug":"j-s-bach-die-kunst-der-fuge","status":"publish","type":"product","link":"https:\/\/grappa.no\/no\/albums\/simax-classics\/j-s-bach-die-kunst-der-fuge\/","title":{"rendered":"J.S. Bach: Die Kunst der Fuge"},"content":{"rendered":"<p><\/p>\n<p>Kunst der Fuge p\u00e5 unikt orgel fra 1765<\/p>\n<p>Die Kunst der Fuge. Bachs myteomspunnede og mektige mesterverk med den ufullendte siste satsen. Terje Winge lar de over 2000 nyrestaurerte orgelpipene i det fantastiske Gloger-orgelet fra 1765 klinge ut i Kongsberg kirke. Alle skisser og opptegnelser vedr\u00f8rende Die Kunst der Fuges tilblivelse har g\u00e5tt tapt, og verket har siden Bachs d\u00f8d i 1750 v\u00e6rt gjenstand for diskusjon og undring. Er dette Bachs musikalske testamente, hans siste ufullendte storverk og kraftanstrengelse? Eller ble verket p\u00e5begynt allerede tidlig p\u00e5 1740-tallet, komponert under langt mindre skjebnesvangre og dramatiske forhold? For ettertiden har verket fungert som den ultimate l\u00e6rebok i kontrapunkt. Det er likevel ingen som helst tvil om at Die Kunst der Fuge er et levende musikalsk storverk fylt av den formidable musikalske kreativitet og kraft som kjennetegner J.S. Bach.<\/p>\n<p><!--more--><\/p>\n<p>Die Kunst der Fuge. Bachs myteomspunnede og mektige mesterverk med den ufullendte siste satsen. Terje Winge lar de over 2000 nyrestaurerte orgelpipene i det fantastiske Gloger-orgelet fra 1765 klinge ut i Kongsberg kirke.<\/p>\n<h4>Et unikt orgel fra 1765<\/h4>\n<p>Gloger-orgelet i Kongsberg kirke er et instrument med klare nordtyske stiltrekk i disposisjon og oppbygging. Det er sannsynlig at det var akkurat et Gloger-orgels unike klang Bach hadde i tankene da han komponerte Die Kunst der Fuge.<\/p>\n<h4>Terje Winge<\/h4>\n<p>Siden debuten i Oslo i 1970 har Terje Winge bygget opp en internasjonal konsertvirksomhet med repertoar som spenner fra barokkmusikk til samtidsmusikk. I tillegg til sin konserterende virksomhet er Winge en h\u00f8yt aktet pedagog og inspirator ved Norges musikkh\u00f8gskole.<\/p>\n<h4>Organum Norvegica \u2013 ekstraordin\u00e6re orgler i Norge<\/h4>\n<p>Denne CD-en er den andre utgivelsen i serien Organum Norvegica p\u00e5 Simax Classics. Gjennom utgivelsene f\u00e5r vi stifte n\u00e6rmere bekjentskap med noen av de mest interessante og spektakul\u00e6re orgler i Norges land, alle presentert med musikk skrevet spesielt for denne orgeltypen. Serien er st\u00f8ttet av Norsk kulturr\u00e5d, Norges musikkh\u00f8gskole og Lindemanns legat.<\/p>\n<p><\/p>","protected":false},"excerpt":{"rendered":"<p>This recording resembles Glenn Gould\u2019s recording in that it is brisk in tempo and light in touch. Winge\u2019s organ has more attractive sound than Gould\u2019s. [Paul Shoemaker \/ musicweb.com]<\/p>\n","protected":false},"featured_media":27629,"comment_status":"closed","ping_status":"open","template":"","meta":[],"product_brand":[],"product_cat":[180],"product_tag":[],"class_list":{"0":"post-443","1":"product","2":"type-product","3":"status-publish","4":"has-post-thumbnail","6":"product_cat-simax-classics","7":"product_shipping_class-cddvd-shipping","8":"uni_artist_tag-geoff-miles","9":"uni_artist_tag-johann-sebastian-bach","10":"uni_artist_tag-terje-winge","11":"uni_main_artist_tag-terje-winge","12":"uni_artist_genre-organ","13":"uni_artist_genre-original-performance-practice","15":"first","16":"instock","17":"taxable","18":"shipping-taxable","19":"purchasable","20":"product-type-simple"},"_links":{"self":[{"href":"https:\/\/grappa.no\/no\/wp-json\/wp\/v2\/product\/443","targetHints":{"allow":["GET"]}}],"collection":[{"href":"https:\/\/grappa.no\/no\/wp-json\/wp\/v2\/product"}],"about":[{"href":"https:\/\/grappa.no\/no\/wp-json\/wp\/v2\/types\/product"}],"replies":[{"embeddable":true,"href":"https:\/\/grappa.no\/no\/wp-json\/wp\/v2\/comments?post=443"}],"wp:featuredmedia":[{"embeddable":true,"href":"https:\/\/grappa.no\/no\/wp-json\/wp\/v2\/media\/27629"}],"wp:attachment":[{"href":"https:\/\/grappa.no\/no\/wp-json\/wp\/v2\/media?parent=443"}],"wp:term":[{"taxonomy":"product_brand","embeddable":true,"href":"https:\/\/grappa.no\/no\/wp-json\/wp\/v2\/product_brand?post=443"},{"taxonomy":"product_cat","embeddable":true,"href":"https:\/\/grappa.no\/no\/wp-json\/wp\/v2\/product_cat?post=443"},{"taxonomy":"product_tag","embeddable":true,"href":"https:\/\/grappa.no\/no\/wp-json\/wp\/v2\/product_tag?post=443"}],"curies":[{"name":"wp","href":"https:\/\/api.w.org\/{rel}","templated":true}]}}