{"id":442,"date":"2005-03-21T00:00:00","date_gmt":"2005-03-20T23:00:00","guid":{"rendered":"http:\/\/www.grappa.no\/albums\/uncategorized\/nicolas-de-grigny-johann-sebastian-bach-in-al\/"},"modified":"2019-02-22T15:57:06","modified_gmt":"2019-02-22T14:57:06","slug":"nicolas-de-grigny-johann-sebastian-bach-in-al","status":"publish","type":"product","link":"https:\/\/grappa.no\/no\/albums\/simax-classics\/nicolas-de-grigny-johann-sebastian-bach-in-al\/","title":{"rendered":"Nicolas de Grigny &amp; Johann Sebastian Bach in \u00c5l"},"content":{"rendered":"<p><\/p>\n<p>J.S. Bach og Gringny<\/p>\n<p>Den franske organisten og komponisten Nicolas de Grigny var anerkjent i sin samtid, men mindre kjent i v\u00e5r tid. Han rakk \u00e5 utgi \u00e9n stor samling med orgelstykker i sitt 31-\u00e5r korte liv Premier livre d\u2019orgue. At vi fremdeles overhode kjenner navnet og musikken til Grigny skyldes ene og alene at den kunnskapshungrige Johann Sebastian Bach egenhendig kopierte hele Grignys samling. Dette sier mye om Bachs vurdering av Grignys musikk, og hans fascinasjon for franske barokkidealer. P\u00e5 denne platen er Bachs franskinspirerte orgelverk plassert sammen med musikken skrevet av hans eget idol: Nicolas de Grigny. Siden debuten i Oslo i 1970 har Terje Winge bygget opp en internasjonal konsertvirksomhet med repertoar som spenner fra barokkmusikk til samtidsmusikk. I tillegg til sin konserterende virksomhet er Winge en h\u00f8yt aktet pedagog og inspirator ved Norges musikkh\u00f8gskole.<\/p>\n<p><!--more--><\/p>\n<p>Barokk orgelmusikk forbindes kanskje f\u00f8rst og fremst med store katedraler p\u00e5 kontinentet. N\u00e5 kan du h\u00f8re barokk vellyd i innspilt oppunder den norske fjellheimen.<\/p>\n<h4>\u2018Fransk\u2019 barokkmusikk p\u00e5 nybygget barokkorgel i \u00c5l<\/h4>\n<p>Den franske organisten og komponisten Nicolas de Grigny var anerkjent i sin samtid, men mindre kjent i v\u00e5r tid. Han rakk \u00e5 utgi \u00e9n stor samling med orgelstykker i sitt 31-\u00e5r korte liv Premier livre d\u2019orgue. At vi fremdeles overhode kjenner navnet og musikken til Grigny skyldes ene og alene at den kunnskapshungrige Johann Sebastian Bach egenhendig kopierte hele Grignys samling. Dette sier mye om Bachs vurdering av Grignys musikk, og hans fascinasjon for franske barokkidealer. P\u00e5 denne platen er Bachs franskinspirerte orgelverk plassert sammen med musikken skrevet av hans eget idol: Nicolas de Grigny.<\/p>\n<h4>Instrumentet<\/h4>\n<p>I de senere ti\u00e5rene har det blitt bygget mange orgler utenfor Frankrike under p\u00e5virkning av det franske barokkorgel. I Norge har v\u00e5re f\u00e5tallige barokkorgler hatt sentraleuropeiske idealer, og orgelet i \u00c5l kirke har derfor en s\u00e6rstilling innen norsk orgelkultur, b\u00e5de klanglig og estetisk. Instrumentmakeren selv er svensk, og Kaliff &amp; L\u00f6thmanns orgel i \u00c5l kirke stod ferdigbygget i 1996.<\/p>\n<h4>Organum Norvegica \u2013 &#8216;miniserie&#8217; med ekstraordin\u00e6re orgler i Norge<\/h4>\n<p>Denne CD-en er den f\u00f8rste av fire utgivelser i serien Organum Norvegica p\u00e5 Simax Classics. Gjennom disse fire utgivelsene f\u00e5r vi stifte n\u00e6rmere bekjentskap med noen av de mest interessante og spektakul\u00e6re orgler i Norges land, alle presentert med musikk skrevet spesielt for denne orgeltypen. Serien er st\u00f8ttet av Norsk kulturr\u00e5d, Norges musikkh\u00f8gskole og Lindemanns legat. Siden debuten i Oslo i 1970 har Terje Winge bygget opp en internasjonal konsertvirksomhet med repertoar som spenner fra barokkmusikk til samtidsmusikk. I tillegg til sin konserterende virksomhet er Winge en h\u00f8yt aktet pedagog og inspirator ved Norges musikkh\u00f8gskole. P\u00e5 denne utgivelsen h\u00f8rer man det som har blitt Winges varemerke som ut\u00f8ver: en helt spesiell evne til \u00e5 finne instrumentets myke og s\u00e5rbare punkte, og la dette bli basisen for et meget nyansert og personlig spill.<\/p>\n<p><\/p>","protected":false},"excerpt":{"rendered":"<p>Barokk vellyd i innspilt oppunder den norske fjellheimen.<\/p>\n","protected":false},"featured_media":27628,"comment_status":"closed","ping_status":"open","template":"","meta":[],"product_brand":[],"product_cat":[180],"product_tag":[],"class_list":{"0":"post-442","1":"product","2":"type-product","3":"status-publish","4":"has-post-thumbnail","6":"product_cat-simax-classics","7":"product_shipping_class-cddvd-shipping","8":"uni_artist_tag-erik-gard-amundsen","9":"uni_artist_tag-johan-sebastian-bach","10":"uni_artist_tag-nicolas-de-grigny","11":"uni_artist_tag-terje-winge","12":"uni_main_artist_tag-terje-winge","13":"uni_artist_genre-early-music","14":"uni_artist_genre-organ","16":"first","17":"instock","18":"taxable","19":"shipping-taxable","20":"purchasable","21":"product-type-simple"},"_links":{"self":[{"href":"https:\/\/grappa.no\/no\/wp-json\/wp\/v2\/product\/442","targetHints":{"allow":["GET"]}}],"collection":[{"href":"https:\/\/grappa.no\/no\/wp-json\/wp\/v2\/product"}],"about":[{"href":"https:\/\/grappa.no\/no\/wp-json\/wp\/v2\/types\/product"}],"replies":[{"embeddable":true,"href":"https:\/\/grappa.no\/no\/wp-json\/wp\/v2\/comments?post=442"}],"wp:featuredmedia":[{"embeddable":true,"href":"https:\/\/grappa.no\/no\/wp-json\/wp\/v2\/media\/27628"}],"wp:attachment":[{"href":"https:\/\/grappa.no\/no\/wp-json\/wp\/v2\/media?parent=442"}],"wp:term":[{"taxonomy":"product_brand","embeddable":true,"href":"https:\/\/grappa.no\/no\/wp-json\/wp\/v2\/product_brand?post=442"},{"taxonomy":"product_cat","embeddable":true,"href":"https:\/\/grappa.no\/no\/wp-json\/wp\/v2\/product_cat?post=442"},{"taxonomy":"product_tag","embeddable":true,"href":"https:\/\/grappa.no\/no\/wp-json\/wp\/v2\/product_tag?post=442"}],"curies":[{"name":"wp","href":"https:\/\/api.w.org\/{rel}","templated":true}]}}