{"id":441,"date":"2003-11-10T00:00:00","date_gmt":"2003-11-09T23:00:00","guid":{"rendered":"http:\/\/www.grappa.no\/albums\/uncategorized\/robert-schumann-piano-works\/"},"modified":"2020-11-30T21:39:25","modified_gmt":"2020-11-30T20:39:25","slug":"robert-schumann-piano-works","status":"publish","type":"product","link":"https:\/\/grappa.no\/no\/albums\/simax-classics\/robert-schumann-piano-works\/","title":{"rendered":"Robert Schumann Piano Works"},"content":{"rendered":"<p><\/p>\n<p>Sl\u00e5ttebrekk er tilbake<\/p>\n<p>Sjener\u00f8st, artikulert, ytterst elegant og med et overskudd som nesten tar pusten fra oss: Sigurd Sl\u00e5ttebrekk er tilbake med sin CD nummer to. Intet mindre enn den totale instrumentbeherskelse ligger som et premiss i Schumanns klavermusikk. De lekreste detaljer, passasjer og \u00f8yeblikk venter p\u00e5 den som kan realisere dem, vevet inn i denne utrolige musikken. Schumann krever rett og slett full dedikasjon p\u00e5 alle plan, en utfordring Sigurd Sl\u00e5ttebrekk mestrer som f\u00e5 andre. Seks \u00e5r etter at han oppsiktsvekkende avsluttet en gryende karriere med en sensasjonell debutplate, er han tilbake for fullt igjen.<\/p>\n<p><!--more--><\/p>\n<p>Sjener\u00f8st, artikulert, ytterst elegant og med et overskudd som nesten tar pusten fra oss: Sigurd Sl\u00e5ttebrekk er tilbake med sin CD nummer to. Intet mindre enn den totale instrumentbeherskelse ligger som et premiss i Schumanns klavermusikk. De lekreste detaljer, passasjer og \u00f8yeblikk venter p\u00e5 den som kan realisere dem, vevet inn i denne utrolige musikken. Schumann krever rett og slett full dedikasjon p\u00e5 alle plan, en utfordring Sigurd Sl\u00e5ttebrekk mestrer som f\u00e5 andre. Seks \u00e5r etter at han oppsiktsvekkende avsluttet en gryende karriere med en sensasjonell debutplate, er han tilbake for fullt igjen.<\/p>\n<h4>Carnaval<\/h4>\n<p>Robert Schumanns klavermusikk fra 1830-\u00e5rene viste nye horisonter for hva musikk i denne genren kunne v\u00e6re. I Carnaval eksellerer han i musikalske hentydninger, rebuser og karikaturer. Gjennom et 20-satsers maskeball lar Schumann samtidens figurer som Paganini og Chopin g\u00e5 imellom de tradisjonelle Commedia dell\u2019arte-figurene. Komponisten gj\u00f8r selv entr\u00e9 i todelt forkledning som Florestan og Eusebius. Kvinnelige deltagere er ogs\u00e5 med, b\u00e5de hans heteste flamme for tiden (Ernestine i satsen Estrella), og det som senere blir hans kone Clara i Chiarina. Hele opptoget avsluttes ved at Davidsb\u00fcndler (Schumanns imagin\u00e6re brorskap) jager de musikalske reaksjon\u00e6re krefter p\u00e5 flukt.<\/p>\n<h4>Kreisleriana<\/h4>\n<p>Kreisleriana henter sin tittel fra E.T.A. Hoffmans eksentriske og emosjonelt overspente Kreisler-figur, og Schumann skrev dette halvtimes stykket i l\u00f8pet av fire intense dager. Han dediserte opprinnelig musikken til Clara, og skrev: \u00abDu og en av dine ideer er hovedtemaet!\u00bb Claras far var ikke spesielt begeistret for denne kontakten med Schumann, og sendte henne bort for \u00e5 bo hos sin venn major Serre i en avsidesliggende liten landsby. Majoren og hans kone var imidlertid ogs\u00e5 venner av Schumann, og s\u00f8rget for at de elskende kunne holde kontakten og forlove seg i all hemmelighet. Arabeske er dedisert major Serre, i takknemlighet.<\/p>\n<h4><\/h4>\n<p><\/p>","protected":false},"excerpt":{"rendered":"<p>\u2013 Sl\u00e5ttebrekks rike spel legg seg p\u00e5 reint sjeldant nyansert vis inn i Schumanns sterkt levde uttrykk, snur seg fr\u00e5 det poetisk innlevde til det nesten sp\u00f8kefullt direkte, men blir aldri bare det eine eller det andre, lar aldri si eiga kunstnarstemme bli for markert, lar den heller aldri forsvinna. Det er s\u00e6reigent og det er Schumannsk. Det er gjennomf\u00f8rt gripande, men aldri forf\u00f8rande. Og sj\u00f8lv om det myldrar av sterke pianistar p\u00e5 denne arenaen, klarer vi ikkje la vera \u00e5 tenkja at Sigurd Sl\u00e5ttebrekks stemme er blant dei mest n\u00f8dvendige. For oss som lyttar. [6 Stavanger Aftenblad]<\/p>\n","protected":false},"featured_media":27599,"comment_status":"closed","ping_status":"closed","template":"","meta":[],"product_brand":[],"product_cat":[180],"product_tag":[],"class_list":{"0":"post-441","1":"product","2":"type-product","3":"status-publish","4":"has-post-thumbnail","6":"product_cat-simax-classics","7":"product_shipping_class-cddvd-shipping","8":"uni_artist_tag-robert-schumann","9":"uni_artist_tag-sigurd-slattebrekk","10":"uni_artist_tag-tony-harrison","11":"uni_main_artist_tag-sigurd-slattebrekk","12":"uni_artist_genre-piano","14":"first","15":"outofstock","16":"taxable","17":"shipping-taxable","18":"purchasable","19":"product-type-simple"},"_links":{"self":[{"href":"https:\/\/grappa.no\/no\/wp-json\/wp\/v2\/product\/441","targetHints":{"allow":["GET"]}}],"collection":[{"href":"https:\/\/grappa.no\/no\/wp-json\/wp\/v2\/product"}],"about":[{"href":"https:\/\/grappa.no\/no\/wp-json\/wp\/v2\/types\/product"}],"replies":[{"embeddable":true,"href":"https:\/\/grappa.no\/no\/wp-json\/wp\/v2\/comments?post=441"}],"wp:featuredmedia":[{"embeddable":true,"href":"https:\/\/grappa.no\/no\/wp-json\/wp\/v2\/media\/27599"}],"wp:attachment":[{"href":"https:\/\/grappa.no\/no\/wp-json\/wp\/v2\/media?parent=441"}],"wp:term":[{"taxonomy":"product_brand","embeddable":true,"href":"https:\/\/grappa.no\/no\/wp-json\/wp\/v2\/product_brand?post=441"},{"taxonomy":"product_cat","embeddable":true,"href":"https:\/\/grappa.no\/no\/wp-json\/wp\/v2\/product_cat?post=441"},{"taxonomy":"product_tag","embeddable":true,"href":"https:\/\/grappa.no\/no\/wp-json\/wp\/v2\/product_tag?post=441"}],"curies":[{"name":"wp","href":"https:\/\/api.w.org\/{rel}","templated":true}]}}