{"id":440,"date":"2011-03-11T00:00:00","date_gmt":"2011-03-10T23:00:00","guid":{"rendered":"http:\/\/www.grappa.no\/albums\/uncategorized\/thomas-d-a-tellefsen-the-complete-works-for-piano-solo\/"},"modified":"2019-02-22T15:56:50","modified_gmt":"2019-02-22T14:56:50","slug":"thomas-d-a-tellefsen-the-complete-works-for-piano-solo","status":"publish","type":"product","link":"https:\/\/grappa.no\/no\/albums\/simax-classics\/thomas-d-a-tellefsen-the-complete-works-for-piano-solo\/","title":{"rendered":"Thomas D. A. Tellefsen: The Complete Works for Piano Solo"},"content":{"rendered":"<p><\/p>\n<p>Briljant klaverkunst<\/p>\n<p>Einar Steen-N\u00f8kleberg har gitt ut komplett klavermusikk av Grieg, S\u00e6verud og Kj\u00e6rulf i referanseinnspillinger. N\u00e5 legger han ogs\u00e5 T.D.A. Tellefsens komplette musikk for piano frem for publikum p\u00e5 en s\u00e5 suveren og medrivende m\u00e5te at det er en fest \u00e5 lytte til. N\u00e5r N\u00f8kleberg n\u00e5 kan samle hele Tellefsens produksjon for solo klaver i denne CD-boksen, med nesten 5 timer musikk, markerer han det som faktisk var starten p\u00e5 norsk klavermusikk. Tellefsen er tidligere og annerledes enn b\u00e5de Kjerulf og Grieg. Han skriver i en kontinental tradisjon, men de fleste masurkaene har norske islett og springaren ligger p\u00e5 lur i annenhver vending. <\/p>\n<p>Mens Tellefsen nok har v\u00e6rt ukjent for de fleste av oss, fikk Steen-N\u00f8kleberg denne musikken overlevert fra sin l\u00e6rer i ung alder \u2013 som en selvf\u00f8lge. Selv sier har: \u00abTellefsen er en viktig del av v\u00e5r musikalske kulturarv, og jeg har gitt av min sjel for \u00e5 bringe den p\u00e5 banen igjen i 2011. N\u00e5 h\u00e5per jeg verkene vil bli spilt av mange unge musikere.\u00bb<\/p>\n<p><!--more--><\/p>\n<p>Einar Steen-N\u00f8kleberg har gitt ut komplett klavermusikk av Grieg, S\u00e6verud og Kj\u00e6rulf i referanseinnspillinger. N\u00e5 legger han ogs\u00e5 T.D.A. Tellefsens komplette musikk for piano frem for publikum p\u00e5 en s\u00e5 suveren og medrivende m\u00e5te at det er en fest \u00e5 lytte til.<\/p>\n<h4>Begynnelsen av norsk klavermusikk i musikkhistorien<\/h4>\n<p>N\u00e5r N\u00f8kleberg n\u00e5 kan samle hele Tellefsens produksjon for solo klaver i denne CD-boksen, med nesten 5 timer musikk, markerer han det som faktisk var starten p\u00e5 norsk klavermusikk. Tellefsen er tidligere og annerledes enn b\u00e5de Kjerulf og Grieg. Han skriver i en kontinental tradisjon, men de fleste masurkaene har norske islett og springaren ligger p\u00e5 lur i annenhver vending. Og han m\u00e5 selv ha v\u00e6rt en virkelig trollmann ved klaviaturet: Tellefsen klarte \u00e5 bli antatt som Chopins elev i Paris, og ble ogs\u00e5 en personlig venn. Det faktum at han kom helt fra Norge i ren entusiasme for Chopin og kunsten \u2013 uten penger og uten \u00e5 kunne spr\u00e5ket \u2013 var inngangsporten til mesterens indre krets. I Polen betegnes Tellefsen som Chopins eneste elev. De andre samtidige \u2018elevene\u2019 var h\u00f8yadelige og pengesterke personer som finansierte Chopins tilv\u00e6relse. Harald Herresthal har skrevet en fyldig artikkel til denne utgivelsen.<\/p>\n<h4>Ogs\u00e5 uh\u00f8rte manuskripter<\/h4>\n<p>De tre f\u00f8rste platene i boksen inneholder Tellefsens publiserte klavermusikk, med bl.a Valser, Nocturner, Mazurkaer og den store sonaten. Den siste platen presenterer for f\u00f8rste gang musikk som bare forefinnes i manuskripter etter komponisten. N\u00f8kleberg spiller disse stykkene p\u00e5 et tidsriktig Erard-flygel for \u00e5 understreke at vi her faktisk er inne i komponistens private musikalske arbeidsrom. I disse stykkene h\u00f8rer vi hvordan Tellefsen arbeider med formprinsipper fra barokken (fra Trondheim hadde han med seg god skolering i direkte linje tilbake til Bach), som grunnlag for sin egen formutvikling. Videre finner vi variasjoner over salmene \u00abKimer i klokker\u00bb og \u00abJesus styr du mine tanker\u00bb.<\/p>\n<h4>Med personlig forhold til Tellefsens musikk gjennom 50 \u00e5r<\/h4>\n<p>De siste \u00e5rene har musikken til Thomas Tellefsen igjen kommet frem i lyset, mye takket v\u00e6re pianisten Einar Steen-N\u00f8klebergs f\u00f8rstegangsinnspillinger av b\u00e5de klaverkonsertene og kammermusikken. Mens Tellefsen nok har v\u00e6rt ukjent for de fleste av oss, fikk Steen-N\u00f8kleberg denne musikken overlevert fra sin l\u00e6rer i ung alder \u2013 som en selvf\u00f8lge. Selv sier har: \u00abTellefsen er en viktig del av v\u00e5r musikalske kulturarv, og jeg har gitt av min sjel for \u00e5 bringe den p\u00e5 banen igjen i 2011. N\u00e5 h\u00e5per jeg verkene vil bli spilt av mange unge musikere.\u00bb<\/p>\n<p><\/p>","protected":false},"excerpt":{"rendered":"<p>Dette er en av de viktigste plateutgivelsene av eldre norsk musikk overhodet. [Erling Sandmo \/ Morgenbladet]<\/p>\n","protected":false},"featured_media":27623,"comment_status":"closed","ping_status":"open","template":"","meta":[],"product_brand":[],"product_cat":[180],"product_tag":[],"class_list":{"0":"post-440","1":"product","2":"type-product","3":"status-publish","4":"has-post-thumbnail","6":"product_cat-simax-classics","7":"product_shipping_class-cddvd-shipping","8":"uni_artist_tag-einar-steen-nokleberg","9":"uni_artist_tag-erik-gard-amundsen","10":"uni_artist_tag-thomas-d-a-tellefsen","11":"uni_main_artist_tag-einar-steen-nokleberg","12":"uni_artist_genre-classical","13":"uni_artist_genre-complete","14":"uni_artist_genre-norwegian","15":"uni_artist_genre-solo","16":"uni_artist_genre-world-premiere-recording","18":"first","19":"instock","20":"taxable","21":"shipping-taxable","22":"purchasable","23":"product-type-simple"},"_links":{"self":[{"href":"https:\/\/grappa.no\/no\/wp-json\/wp\/v2\/product\/440","targetHints":{"allow":["GET"]}}],"collection":[{"href":"https:\/\/grappa.no\/no\/wp-json\/wp\/v2\/product"}],"about":[{"href":"https:\/\/grappa.no\/no\/wp-json\/wp\/v2\/types\/product"}],"replies":[{"embeddable":true,"href":"https:\/\/grappa.no\/no\/wp-json\/wp\/v2\/comments?post=440"}],"wp:featuredmedia":[{"embeddable":true,"href":"https:\/\/grappa.no\/no\/wp-json\/wp\/v2\/media\/27623"}],"wp:attachment":[{"href":"https:\/\/grappa.no\/no\/wp-json\/wp\/v2\/media?parent=440"}],"wp:term":[{"taxonomy":"product_brand","embeddable":true,"href":"https:\/\/grappa.no\/no\/wp-json\/wp\/v2\/product_brand?post=440"},{"taxonomy":"product_cat","embeddable":true,"href":"https:\/\/grappa.no\/no\/wp-json\/wp\/v2\/product_cat?post=440"},{"taxonomy":"product_tag","embeddable":true,"href":"https:\/\/grappa.no\/no\/wp-json\/wp\/v2\/product_tag?post=440"}],"curies":[{"name":"wp","href":"https:\/\/api.w.org\/{rel}","templated":true}]}}