{"id":439,"date":"2009-04-27T00:00:00","date_gmt":"2009-04-26T23:00:00","guid":{"rendered":"http:\/\/www.grappa.no\/albums\/uncategorized\/til-eva-selected-norwegian-songs-a-tribute-to-eva-sars-nansen\/"},"modified":"2025-03-31T12:30:37","modified_gmt":"2025-03-31T11:30:37","slug":"til-eva-selected-norwegian-songs-a-tribute-to-eva-sars-nansen","status":"publish","type":"product","link":"https:\/\/grappa.no\/no\/albums\/simax-classics\/til-eva-selected-norwegian-songs-a-tribute-to-eva-sars-nansen\/","title":{"rendered":"Til Eva \u2013 selected Norwegian songs, a tribute to Eva Sars Nansen"},"content":{"rendered":"<p><\/p>\n<p>Til Eva<\/p>\n<p>I Fridtjof Nansens hjem Polh\u00f8gda foregikk det mer enn planlegging av polferder og vitenskapelige unders\u00f8kelser. Sopranen Isa Katharina Gericke og pianisten Christian Ihle Hadland gjenskaper p\u00e5 denne platen og i sin konsertforestilling noe av repertoaret til den ledende norske sangerinne ved forrige \u00e5rhundreskifte \u2013 Eva Sars Nansen.<\/p>\n<p>Sentralt i hennes repertoar var sangene som er med p\u00e5 denne utgivelsen, bl.a til tekster av hennes onkel J.S. Welhaven og familievennen Bj\u00f8rnstjerne Bj\u00f8rnson. Til den s\u00e5kalte Lysakerkretsen, som gl\u00f8det for et selvstendig Norge og en ny standard for norsk kunst, h\u00f8rte ogs\u00e5 Hulda og Arne Garborg, selve frontfigurene for norsk spr\u00e5k og folketradisjon. Isa Gericke har gjort seg bemerket b\u00e5de i det store og lille format, p\u00e5 opera-scener og i konserthus, med str\u00e5lende kritikker. Med base i Berlin er hun etterspurt over hele Europa. Christian Ihle Hadland er en meget aktiv solist og kammermusiker, med en konsertkalender som fylles opp av prestisjetunge oppdrag verden over. Sammen har de hentet frem viktige deler av den norske sangskatten ved \u00e5 arbeide ut fra konsertprogrammene til kanskje den viktigste pioneren i norsk sangkunst.<\/p>\n<p>Tirsdag 28. april lanseres utgivelsen med en eksklusiv konsert p\u00e5 Polh\u00f8gda, i Eva og Fridtjofs egen stue.<\/p>\n<p><!--more--><\/p>\n<p>I Fridtjof Nansens hjem Polh\u00f8gda foregikk det mer enn planlegging av polferder og vitenskapelige unders\u00f8kelser. Sopranen Isa Katharina Gericke og pianisten Christian Ihle Hadland gjenskaper p\u00e5 denne platen og i sin konsertforestilling noe av repertoaret til den ledende norske sangerinne ved forrige \u00e5rhundreskifte \u2013 Eva Sars Nansen.<\/p>\n<h4>Eva Sars og den norske sangskatten<\/h4>\n<p>Under studier i Berlin ble hun sp\u00e5dd en stor operakarriere, men Eva var alt for sterkt knyttet til norsk natur, det hjemlige kulturlivet, familie og venner. Romanseformatet stod henne n\u00e6rmest, der lyrikk og musikk gjensidig beriker hverandre. Sentralt i hennes repertoar var sangene som er med p\u00e5 denne utgivelsen, bl.a til tekster av hennes onkel J.S. Welhaven og familievennen Bj\u00f8rnstjerne Bj\u00f8rnson. Til den s\u00e5kalte Lysakerkretsen, som gl\u00f8det for et selvstendig Norge og en ny standard for norsk kunst, h\u00f8rte ogs\u00e5 Hulda og Arne Garborg, selve frontfigurene for norsk spr\u00e5k og folketradisjon.<\/p>\n<h4>Eva og Fridtjof<\/h4>\n<p>Disse to m\u00f8tte hverandre mens Fridtjof var i Oslo for \u00e5 forsvare sin zoologiske avhandling. Da Fridtjof kom tilbake fra Gr\u00f8nlandsekspedisjonen utviklet forholdet seg videre, og de to giftet seg i 1889. Selv med sm\u00e5barn (de fikk fem!) og en mann som var travelt opptatt med skriving og ekspedisjoner \u2013 borte i \u00e5revis av gangen \u2013 fortsatte Eva sin sangkarriere. Fridtjof Nansens voksende ber\u00f8mmelse bidro da ogs\u00e5 til at konsertsalene i inn- og utland var fylt til siste plass hver gang Eva opptr\u00e5dte. I 1901 stod Polh\u00f8gda p\u00e5 Lysaker ferdig, og det var her Eva Nansen avholdt sine legendariske musikkaftener.<\/p>\n<h4>Historisk arbeid<\/h4>\n<p>Isa Gericke har gjort seg bemerket b\u00e5de i det store og lille format, p\u00e5 opera-scener og i konserthus, med str\u00e5lende kritikker. Med base i Berlin er hun etterspurt over hele Europa. Christian Ihle Hadland er en meget aktiv solist og kammermusiker, med en konsertkalender som fylles opp av prestisjetunge oppdrag verden over. Sammen har de hentet frem viktige deler av den norske sangskatten ved \u00e5 arbeide ut fra konsertprogrammene til kanskje den viktigste pioneren i norsk sangkunst.<\/p>\n<p>Tirsdag 28. April lanseres utgivelsen med en eksklusiv konsert p\u00e5 Polh\u00f8gda, i Eva og Fridtjofs egen stue.<\/p>\n<p><\/p>","protected":false},"excerpt":{"rendered":"<p>&#8211; Gerickes levende fortellertalent og Ihle Hadlands elegante pianisme er som skapt for dette repertoaret. [Kjell Hillveg \/ Dagsavisen]<\/p>\n","protected":false},"featured_media":27621,"comment_status":"closed","ping_status":"closed","template":"","meta":[],"product_brand":[],"product_cat":[180],"product_tag":[],"class_list":{"0":"post-439","1":"product","2":"type-product","3":"status-publish","4":"has-post-thumbnail","6":"product_cat-simax-classics","7":"product_shipping_class-cddvd-shipping","8":"uni_artist_tag-agathe-backer-grondahl","9":"uni_artist_tag-christian-ihle-hadland","10":"uni_artist_tag-halfdan-kjerulf","11":"uni_artist_tag-isa-gericke","12":"uni_artist_tag-jorn-pedersen","13":"uni_artist_tag-rikard-nordraak","14":"uni_main_artist_tag-isa-gericke","15":"uni_artist_genre-lieder","16":"uni_artist_genre-norwegian","17":"uni_artist_genre-world-premiere-recording","18":"uni_artist_genre-young-norwegian","20":"first","21":"outofstock","22":"taxable","23":"shipping-taxable","24":"purchasable","25":"product-type-simple"},"_links":{"self":[{"href":"https:\/\/grappa.no\/no\/wp-json\/wp\/v2\/product\/439","targetHints":{"allow":["GET"]}}],"collection":[{"href":"https:\/\/grappa.no\/no\/wp-json\/wp\/v2\/product"}],"about":[{"href":"https:\/\/grappa.no\/no\/wp-json\/wp\/v2\/types\/product"}],"replies":[{"embeddable":true,"href":"https:\/\/grappa.no\/no\/wp-json\/wp\/v2\/comments?post=439"}],"wp:featuredmedia":[{"embeddable":true,"href":"https:\/\/grappa.no\/no\/wp-json\/wp\/v2\/media\/27621"}],"wp:attachment":[{"href":"https:\/\/grappa.no\/no\/wp-json\/wp\/v2\/media?parent=439"}],"wp:term":[{"taxonomy":"product_brand","embeddable":true,"href":"https:\/\/grappa.no\/no\/wp-json\/wp\/v2\/product_brand?post=439"},{"taxonomy":"product_cat","embeddable":true,"href":"https:\/\/grappa.no\/no\/wp-json\/wp\/v2\/product_cat?post=439"},{"taxonomy":"product_tag","embeddable":true,"href":"https:\/\/grappa.no\/no\/wp-json\/wp\/v2\/product_tag?post=439"}],"curies":[{"name":"wp","href":"https:\/\/api.w.org\/{rel}","templated":true}]}}