{"id":438,"date":"2015-01-30T00:00:00","date_gmt":"2015-01-29T23:00:00","guid":{"rendered":"http:\/\/www.grappa.no\/albums\/uncategorized\/hjalmar-borgstrom-complete-works-for-violin-and-piano\/"},"modified":"2019-02-22T15:56:43","modified_gmt":"2019-02-22T14:56:43","slug":"hjalmar-borgstrom-complete-works-for-violin-and-piano","status":"publish","type":"product","link":"https:\/\/grappa.no\/no\/albums\/simax-classics\/hjalmar-borgstrom-complete-works-for-violin-and-piano\/","title":{"rendered":"Hjalmar Borgstr\u00f8m Complete Works for Violin and Piano"},"content":{"rendered":"<p><\/p>\n<p>Vakker romantisk fiolinmusikk fra Norge<\/p>\n<p>Hjalmar Borgstr\u00f8m er i ferd med \u00e5 bli gjenoppdaget for alvor. Jonas B\u00e5tstrand har allerede spilt inn hans fabelaktige fiolinkonsert til kritikernes begeistring, og n\u00e5 er det all kammermusikken for fiolin og klaver som st\u00e5r for tur. Borgstr\u00f8ms gave som melodiker kjenner vi godt fra b\u00e5de operaen &#8216;Thora p\u00e5 Rimol&#8217; og fiolinkonserten, og han fornekter seg ikke i kammermusikken heller. Sammen med Helge Kjekshus presenterer B\u00e5tstrand b\u00e5de en stor sonate og flere nydelige sm\u00e5stykker som s\u00e5 til de grader fortjener en plass i repertoaret hos norske fiolinister.<\/p>\n<p><!--more--><\/p>\n<p>Hjalmar Borgstr\u00f8m er i ferd med \u00e5 bli gjenoppdaget for alvor. Jonas B\u00e5tstrand har allerede spilt inn hans fabelaktige fiolinkonsert til kritikernes begeistring, og n\u00e5 er det den fullstendige kammermusikken for fiolin og klaver som st\u00e5r for tur.<\/p>\n<h4>Norsk romantisk fiolinmusikk<\/h4>\n<p>Borgstr\u00f8ms Fiolinsonate i G-dur opus 19 ble uroppf\u00f8rt i Kristiania 28. november 1906 med fiolinisten Gustav Lange og Amalie Borgstr\u00f8m ved klaveret. Romanse i E-dur opus 12 ble utgitt p\u00e5 forlaget Kistner i Leipzig i 1900, b\u00e5de i en utgave for orkester og en for klaver. Stykket er tilegnet den legendariske fiolinisten og komponisten Eug\u00e8ne Ysa\u00ffe, men det er usikkert om han noen gang fremf\u00f8rte den. De tre \u00f8vrige fiolinstykkene, Serenade, Elegie og Berceuce, er oppbevart i manuskript ved Nasjonalbiblioteket i Oslo. Det har ikke v\u00e6rt mulig \u00e5 finne ut n\u00e5r de ble skrevet, men mye tyder p\u00e5 at de stammer fra tiden Borgstr\u00f8m bodde i Tyskland.<\/p>\n<h4>Dominerende i norsk musikkliv<\/h4>\n<p>Tidlig i barndommen viste Hjalmar Borgstr\u00f8m anlegg for musikk, og var hele livet knyttet tett opp mot ord og litter\u00e6re tekster. Det var dermed naturlig at det var en litt konservativ kantate han vendte hjem til Norge med, etter studiene p\u00e5 Musikkonservatoriet i Leipzig 1887-89. Musikken hans fikk en litt blandet mottagelse hjemme, og Borgstr\u00f8m dro, kanskje litt skuffet, tilbake til Tyskland hvor han bodde til 1903. Da Borgstr\u00f8m igjen etablerte seg i Kristiania, ble hans nyeste orkesterverk Hamlet det f\u00f8rste han delte med publikum, og de lot seg begeistre. Han ble definitivt en dominerende skikkelse i norsk musikkliv b\u00e5de gjennom sine store verker og den autoritative skribent- og kritikergjerning han ut\u00f8vde i dagspressen i n\u00e6r 20 \u00e5r.<\/p>\n<h4>B\u00e5tstrand og Kjekshus<\/h4>\n<p>Jonas B\u00e5tstrands f\u00f8rste m\u00f8te med Borgstr\u00f8ms musikk var gjennom en anbefaling fra dirigenten Terje Boye Hansen. Et langsomt og m\u00f8ysommelig arbeid med utforskning av fiolinkonserten ga blod p\u00e5 tann, og arbeidet med fiolinsonaten sammen med pianist Helge Kjekshus begynte. Borgstr\u00f8ms oppfinnsomhet og personlige uttrykk overrasket dem begge. Vi h\u00f8rer inspirasjon fra Wagner og R. Strauss i Borgstr\u00f8ms musikk. Fiolinsonaten er stort anlagt og her kan man ogs\u00e5 h\u00f8re gjenklang av senromantiske tonedikt. I de sm\u00e5 fiolinstykkene er det nitide kontrapunktet tilstede, men Borgstr\u00f8ms alvor viker for en mer innsmigrende og sjarmerende atmosf\u00e6re. Dette er hjemmets intime musikk, ikke de h\u00f8ytflyvende tankene som krever de store rom og hvelvinger.<\/p>\n<p><\/p>","protected":false},"excerpt":{"rendered":"<p>Verkene til Borgstr\u00f8m \u00f8ker det norske repertoaret for fiolin og klaver, b\u00e5de i volum og kvalitet.<\/p>\n","protected":false},"featured_media":27618,"comment_status":"closed","ping_status":"open","template":"","meta":[],"product_brand":[],"product_cat":[180],"product_tag":[],"class_list":{"0":"post-438","1":"product","2":"type-product","3":"status-publish","4":"has-post-thumbnail","6":"product_cat-simax-classics","7":"product_shipping_class-cddvd-shipping","8":"uni_artist_tag-geoff-miles","9":"uni_artist_tag-helge-kjekshus","10":"uni_artist_tag-hjalmar-borgstrom","11":"uni_artist_tag-jonas-batstrand","12":"uni_main_artist_tag-jonas-batstrand","13":"uni_artist_genre-chamber-music","14":"uni_artist_genre-strings","15":"uni_artist_genre-world-premiere-recording","17":"first","18":"instock","19":"taxable","20":"shipping-taxable","21":"purchasable","22":"product-type-simple"},"_links":{"self":[{"href":"https:\/\/grappa.no\/no\/wp-json\/wp\/v2\/product\/438","targetHints":{"allow":["GET"]}}],"collection":[{"href":"https:\/\/grappa.no\/no\/wp-json\/wp\/v2\/product"}],"about":[{"href":"https:\/\/grappa.no\/no\/wp-json\/wp\/v2\/types\/product"}],"replies":[{"embeddable":true,"href":"https:\/\/grappa.no\/no\/wp-json\/wp\/v2\/comments?post=438"}],"wp:featuredmedia":[{"embeddable":true,"href":"https:\/\/grappa.no\/no\/wp-json\/wp\/v2\/media\/27618"}],"wp:attachment":[{"href":"https:\/\/grappa.no\/no\/wp-json\/wp\/v2\/media?parent=438"}],"wp:term":[{"taxonomy":"product_brand","embeddable":true,"href":"https:\/\/grappa.no\/no\/wp-json\/wp\/v2\/product_brand?post=438"},{"taxonomy":"product_cat","embeddable":true,"href":"https:\/\/grappa.no\/no\/wp-json\/wp\/v2\/product_cat?post=438"},{"taxonomy":"product_tag","embeddable":true,"href":"https:\/\/grappa.no\/no\/wp-json\/wp\/v2\/product_tag?post=438"}],"curies":[{"name":"wp","href":"https:\/\/api.w.org\/{rel}","templated":true}]}}