{"id":437,"date":"2009-09-14T00:00:00","date_gmt":"2009-09-13T23:00:00","guid":{"rendered":"http:\/\/www.grappa.no\/albums\/uncategorized\/haugtussa-and-german-lieder-by-catharinus-elling\/"},"modified":"2019-02-22T15:56:39","modified_gmt":"2019-02-22T14:56:39","slug":"haugtussa-and-german-lieder-by-catharinus-elling","status":"publish","type":"product","link":"https:\/\/grappa.no\/no\/albums\/simax-classics\/haugtussa-and-german-lieder-by-catharinus-elling\/","title":{"rendered":"Haugtussa and German Lieder by Catharinus Elling"},"content":{"rendered":"<p><\/p>\n<p>Haugtussa av Elling<\/p>\n<p>Fj\u00e6rlett, elegant og poetisk. Catharinus Ellings sanger er forel\u00f8pig ukjente for de fleste, men med denne topp inspirerte innspillingen av Ann-Helen Moen og Gunilla S\u00fcssmann v\u00e5ger vi p\u00e5standen at det vil forandre seg. At Elling var Griegs favoritt blant de unge komponister, er lett \u00e5 forst\u00e5.<\/p>\n<p>I 1885 fikk Elling sitt gjennombrudd som komponist, mye takket v\u00e6re en flott omtale skrevet av Edvard Grieg og publisert i Bergens Tidende. Med anbefalingsbrev fra Grieg i lommen fikk han plass i Herzogenbergs komposisjonsklasse ved Musikkh\u00f8gskolen i Berlin. Ellings kompositoriske stil er romantisk, med Mendelssohn, Schumann og Brahms som de store idealer. P\u00e5 denne utgivelsen h\u00f8rer vi de tidlige sangene fra Op. 12, skrevet til tekster av tyske romantiske diktere, og mye senere komposisjoner skrevet til norsk samtidslyrikk. Elling tonesatte Haugtussa-diktene rett etter at Garborgs dikt ble publisert i 1895. Verken han eller Grieg var klar over at de holdt p\u00e5 med det samme prosjektet helt parallelt. Elling synes mer \u00e5 strebe etter en poetisk og lyrisk kjerne i b\u00e5de sine tekstfortolkninger og i sitt tekstutvalg enn Grieg, noe som bringer frem andre kvaliteter ved Garborgs mesterverk.<\/p>\n<p><!--more--><\/p>\n<p>Fj\u00e6rlett, elegant og poetisk. Catharinus Ellings sanger er forel\u00f8pig ukjente for de fleste, men med denne topp inspirerte innspillingen av Ann-Helen Moen og Gunilla S\u00fcssmann v\u00e5ger vi p\u00e5standen at det vil forandre seg. At Elling var Griegs favoritt blant de unge komponister, er lett \u00e5 forst\u00e5.<\/p>\n<h4>Catharinus Elling (1858\u20131942)<\/h4>\n<p>Catharinus ble f\u00f8dt i Oslo i et familie der musikken hadde en viktig plass. Han startet filologistudier, men skrapte ogs\u00e5 sammen nok penger til et opphold ved musikkonservatoriet i Leipzig. I 1885 fikk Elling sitt gjennombrudd som komponist, mye takket v\u00e6re en flott omtale skrevet av Edvard Grieg og publisert i Bergens Tidende. Med anbefalingsbrev fra Grieg i lommen fikk han plass i Herzogenbergs komposisjonsklasse ved Musikkh\u00f8gskolen i Berlin. Han ble gift med sogndalingen Ulla Ramm, og de ble boende flere \u00e5r i Berlin. Ulla skaffet familien inntekter gjennom sitt massasjeinstitutt (et fag hun hadde tilegnet seg i USA) mens Elling kunne vie seg til komponeringen. Da de senere returnerte til Oslo ble Elling ogs\u00e5 knyttet til musikkonservatoriet der, hvor han blant annet underviste Fartein Valen, David Monrad Johansen og Pauline Hall.<\/p>\n<h4>Ellings musikk<\/h4>\n<p>Ellings kompositoriske stil er romantisk, med Mendelssohn, Schumann og Brahms som de store idealer. Han skrev to symfonier i tillegg til andre orkesterverk, kammermusikk, rundt 200 sanger, korverker, klaverstykker og en opera. P\u00e5 denne utgivelsen h\u00f8rer vi de tidlige sangene fra Op. 12, skrevet til tekster av tyske romantiske diktere, og mye senere komposisjoner skrevet til norsk samtidslyrikk. Elling tonesatte Haugtussa-diktene rett etter at Garborgs dikt ble publisert i 1895. Verken han eller Grieg var klar over at de holdt p\u00e5 med det samme prosjektet helt parallelt. Elling synes mer \u00e5 strebe etter en poetisk og lyrisk kjerne i b\u00e5de sine tekstfortolkninger og i sitt tekstutvalg enn Grieg, noe som bringer frem andre kvaliteter ved Garborgs mesterverk.<\/p>\n<h4>Fremragende ut\u00f8vere<\/h4>\n<p>Ann-Helen Moen og Gunilla S\u00fcssmann har begge gjort seg bemerket internasjonalt de senere \u00e5rene. Moen var fast ansatt solist ved operaen i Graz, og med stor suksess i en rekke roller \u2013 s\u00e6rlig fremhevet for sine str\u00e5lende Mozart-tolkninger \u2013  gjester hun n\u00e5 viktige operahus rundt om i Europa. S\u00fcssmann er ettertraktet b\u00e5de som solist og kammermusiker, og har gitt recitals i bl.a. Concertgebouw og Wigmore Hall. Tidligere i \u00e5r debuterte hun ogs\u00e5 i USA.<\/p>\n<p><\/p>","protected":false},"excerpt":{"rendered":"<p>&#8211; N\u00e5r romanser fremf\u00f8res slik, er det en ren nytelse. [Peter Larsen \/ Bergens Tidende]<\/p>\n","protected":false},"featured_media":27617,"comment_status":"closed","ping_status":"open","template":"","meta":[],"product_brand":[],"product_cat":[180],"product_tag":[],"class_list":{"0":"post-437","1":"product","2":"type-product","3":"status-publish","4":"has-post-thumbnail","6":"product_cat-simax-classics","7":"product_shipping_class-cddvd-shipping","8":"uni_artist_tag-ann-helen-moen","9":"uni_artist_tag-catharinus-elling","10":"uni_artist_tag-gunilla-sussmann","11":"uni_artist_tag-sean-lewis","12":"uni_main_artist_tag-gunilla-sussmann","13":"uni_artist_genre-lieder","14":"uni_artist_genre-world-premiere-recording","16":"first","17":"instock","18":"taxable","19":"shipping-taxable","20":"purchasable","21":"product-type-simple"},"_links":{"self":[{"href":"https:\/\/grappa.no\/no\/wp-json\/wp\/v2\/product\/437","targetHints":{"allow":["GET"]}}],"collection":[{"href":"https:\/\/grappa.no\/no\/wp-json\/wp\/v2\/product"}],"about":[{"href":"https:\/\/grappa.no\/no\/wp-json\/wp\/v2\/types\/product"}],"replies":[{"embeddable":true,"href":"https:\/\/grappa.no\/no\/wp-json\/wp\/v2\/comments?post=437"}],"wp:featuredmedia":[{"embeddable":true,"href":"https:\/\/grappa.no\/no\/wp-json\/wp\/v2\/media\/27617"}],"wp:attachment":[{"href":"https:\/\/grappa.no\/no\/wp-json\/wp\/v2\/media?parent=437"}],"wp:term":[{"taxonomy":"product_brand","embeddable":true,"href":"https:\/\/grappa.no\/no\/wp-json\/wp\/v2\/product_brand?post=437"},{"taxonomy":"product_cat","embeddable":true,"href":"https:\/\/grappa.no\/no\/wp-json\/wp\/v2\/product_cat?post=437"},{"taxonomy":"product_tag","embeddable":true,"href":"https:\/\/grappa.no\/no\/wp-json\/wp\/v2\/product_tag?post=437"}],"curies":[{"name":"wp","href":"https:\/\/api.w.org\/{rel}","templated":true}]}}