{"id":436,"date":"2008-09-22T00:00:00","date_gmt":"2008-09-21T23:00:00","guid":{"rendered":"http:\/\/www.grappa.no\/albums\/uncategorized\/david-monrad-johansen-piano-concerto-%c2%b7-pan-%c2%b7-johan-kvandal-piano-concerto\/"},"modified":"2019-02-22T15:56:36","modified_gmt":"2019-02-22T14:56:36","slug":"david-monrad-johansen-piano-concerto-%c2%b7-pan-%c2%b7-johan-kvandal-piano-concerto","status":"publish","type":"product","link":"https:\/\/grappa.no\/no\/albums\/simax-classics\/david-monrad-johansen-piano-concerto-%c2%b7-pan-%c2%b7-johan-kvandal-piano-concerto\/","title":{"rendered":"David Monrad Johansen: Piano Concerto \u00b7 Pan \u00b7 Johan Kvandal: Piano Concerto"},"content":{"rendered":"<p><\/p>\n<p>To store norske klaverkonserter av far og s\u00f8nn for f\u00f8rste gang p\u00e5 CD<\/p>\n<p>H\u00e5vard Gimse og Oslo-filharmonien presenterer her verdens f\u00f8rste innspilling av klaverkonsertene til David Monrad Johansen og Johan Kvandal. Det er musikken til den kanskje mest kjente far\/s\u00f8nn komponist-relasjonen i Norge som bringes sammen her \u2013 av de sterkeste krefter i landets musikkliv i dag. David Monrad Johansen (1888-1974) hadde en sentral stilling i norsk musikkliv i mellomkrigstiden. Musikalsk nasjonalisme sto sterkt og han var uten tvil en av de ledende komponistene innenfor denne stilretningen. Johan Kvandal (1919-99) hadde som sin far et n\u00e6rmest naturgitt forhold til norsk kultur og kunst, men hans uttrykksform var enda mer preget av allmenn-europeiske impulser enn farens. Klaverkonserten ble hans siste verk, ferdigstilt i 1998.<\/p>\n<p>H\u00e5vard Gimse, som er en av Norges mest aktive og kritikerroste pianister, imponerer igjen med tolkningene av Monrad Johansen og Kvandal. Spillet hans er variert, n\u00f8yaktig og energisk, og resultatet er en viktig innspilling av to av de mest betydningsfulle norske komponister fra det forrige \u00e5rhundre.<\/p>\n<p><!--more--><\/p>\n<p>To store norske klaverkonserter av far og s\u00f8nn for f\u00f8rste gang p\u00e5 CD<\/p>\n<h4>Musikalske r\u00f8tter og nye str\u00f8mninger<\/h4>\n<p>David Monrad Johansen (1888-1974) hadde en sentral stilling i norsk musikkliv i mellomkrigstiden. Musikalsk nasjonalisme sto sterkt og han var uten tvil en av de ledende komponistene innenfor denne stilretningen. Musikalsk sett var han i stand til \u00e5 flette det rotekte norske med tidens nye str\u00f8mninger, men ideologisk sett stagnerte han i det nasjonalistiske. Pan er utvilsomt Monrad Johansens mest kjente verk; en hyllest til Knut Hamsuns geni og trolig det orkesterverket av en norsk komponist som har hatt st\u00f8rst gjennomslagskraft internasjonalt. Verket er if\u00f8lge komponisten selv et uttrykk for naturkreftene som lever i Hamsuns verk. Klaverkonserten hans er klar og formmessig beundringsverdig, og burde v\u00e6re blant alle norske pianisters standardrepertoar.<\/p>\n<h4>Kvandals siste verk<\/h4>\n<p>Johan Kvandal (1919-99) hadde som sin far et n\u00e6rmest naturgitt forhold til norsk kultur og kunst, men hans uttrykksform var enda mer preget av allmenn-europeiske impulser enn farens. Klaverkonserten ble hans siste verk, ferdigstilt i 1998. H\u00e5vard Gimse var b\u00e5de p\u00e5driver og \u2018utpr\u00f8ver\u2019 for konserten, etter som partitursidene forel\u00e5 fra komponistens h\u00e5nd. Andresatsen er unik i konsertlitteraturen, da den \u00e5pner med en 19 takters solistisk frase \u2013 tildelt tubaen!<\/p>\n<h4>Sterke krefter sikrer h\u00f8yt niv\u00e5<\/h4>\n<p>Oslo Filharmoniske Orkester spiller med stort overskudd under ledelse av Christian Eggen og Ole Kristian Ruud. H\u00e5vard Gimse, som er en av Norges mest aktive og kritikerroste pianister, imponerer igjen med tolkningene av Monrad Johansen og Kvandal. Spillet hans er variert, n\u00f8yaktig og energisk, og resultatet er en viktig innspilling av to av de mest betydningsfulle norske komponister fra det forrige \u00e5rhundre.<\/p>\n<p><\/p>","protected":false},"excerpt":{"rendered":"<p>\u2013 Med denne innspillingen har Gimse dokumentert at han er en ut\u00f8ver p\u00e5 toppniv\u00e5, og endatil en fremragende eksekut\u00f8r av norsk musikk. [6\/6 Idar Karevold \/ Aftenposten]<\/p>\n","protected":false},"featured_media":27612,"comment_status":"closed","ping_status":"open","template":"","meta":[],"product_brand":[],"product_cat":[180],"product_tag":[],"class_list":{"0":"post-436","1":"product","2":"type-product","3":"status-publish","4":"has-post-thumbnail","6":"product_cat-simax-classics","7":"product_shipping_class-cddvd-shipping","8":"uni_artist_tag-christian-eggen","9":"uni_artist_tag-david-monrad-johansen","10":"uni_artist_tag-havard-gimse","11":"uni_artist_tag-johan-kvandal","12":"uni_artist_tag-jorn-pedersen","13":"uni_artist_tag-ole-kristian-ruud","14":"uni_artist_tag-oslo-philharmonic-orchestra","15":"uni_main_artist_tag-havard-gimse","16":"uni_artist_genre-concerto","17":"uni_artist_genre-orchestral","18":"uni_artist_genre-world-premiere-recording","20":"first","21":"instock","22":"taxable","23":"shipping-taxable","24":"purchasable","25":"product-type-simple"},"_links":{"self":[{"href":"https:\/\/grappa.no\/no\/wp-json\/wp\/v2\/product\/436","targetHints":{"allow":["GET"]}}],"collection":[{"href":"https:\/\/grappa.no\/no\/wp-json\/wp\/v2\/product"}],"about":[{"href":"https:\/\/grappa.no\/no\/wp-json\/wp\/v2\/types\/product"}],"replies":[{"embeddable":true,"href":"https:\/\/grappa.no\/no\/wp-json\/wp\/v2\/comments?post=436"}],"wp:featuredmedia":[{"embeddable":true,"href":"https:\/\/grappa.no\/no\/wp-json\/wp\/v2\/media\/27612"}],"wp:attachment":[{"href":"https:\/\/grappa.no\/no\/wp-json\/wp\/v2\/media?parent=436"}],"wp:term":[{"taxonomy":"product_brand","embeddable":true,"href":"https:\/\/grappa.no\/no\/wp-json\/wp\/v2\/product_brand?post=436"},{"taxonomy":"product_cat","embeddable":true,"href":"https:\/\/grappa.no\/no\/wp-json\/wp\/v2\/product_cat?post=436"},{"taxonomy":"product_tag","embeddable":true,"href":"https:\/\/grappa.no\/no\/wp-json\/wp\/v2\/product_tag?post=436"}],"curies":[{"name":"wp","href":"https:\/\/api.w.org\/{rel}","templated":true}]}}