{"id":435,"date":"2006-08-28T00:00:00","date_gmt":"2006-08-27T23:00:00","guid":{"rendered":"http:\/\/www.grappa.no\/albums\/uncategorized\/symphonic-poems-by-selmer-and-svendsen-world-premiere-recording\/"},"modified":"2019-02-22T15:56:33","modified_gmt":"2019-02-22T14:56:33","slug":"symphonic-poems-by-selmer-and-svendsen-world-premiere-recording","status":"publish","type":"product","link":"https:\/\/grappa.no\/no\/albums\/simax-classics\/symphonic-poems-by-selmer-and-svendsen-world-premiere-recording\/","title":{"rendered":"Symphonic Poems by Selmer and Svendsen. World Premiere Recording"},"content":{"rendered":"<p><\/p>\n<p>Norske symfoniske dikt for f\u00f8rste gang p\u00e5 CD!<\/p>\n<p>Det er en begivenhet \u00e5 presentere ukjent norsk symfonisk musikk. N\u00e5r Oslo Filharmoniske Orkester st\u00e5r som leverand\u00f8r \u2013 ja da blir det ekstra spennende. De senere \u00e5rene har man sett en vilje til \u00e5 utvide det allerede eksisterende repertoaret, og OFO gj\u00f8r her en kraftig innsats p\u00e5 vegne av s\u00e5 godt som uh\u00f8rt norsk musikk for orkester.<\/p>\n<p>Etter \u00e5 ha sett den norske maleren Ole Peder Hansen Ballings maleri \u00abSlaget ved Hafrsfjord\u00bb ble Johan Svendsen (1840-1911) inspirert til \u00e5 komponere musikk til Bj\u00f8rnstjerne Bj\u00f8rnsons drama Sigurd Slembe. Verket avsluttes med en slagscene, og ved de f\u00f8rste fremf\u00f8relsene i Tyskland fremhevet samtlige anmeldere den virtuose orkesterbehandlingen og den eiendommelige harmoniske fargen som Svendsen hadde skapt.<\/p>\n<p>Johan Selmer (1844-1910) var en oppr\u00f8rer og revolusjon\u00e6r, en annerledes, unorsk og eksotisk figur i norsk musikkliv. Inspirert av Berlioz ble karnevalsouverturer en egen musikalsk sjanger utover p\u00e5 1800-tallet, og Karnival i Flanderen skildrer denne spesielle karnevalsgalskapen.<\/p>\n<p><!--more--><\/p>\n<p>Selveste Oslo Filharmoniske Orkester er klare med world premiere recordings av verker skrevet av Johan Selmer og Johan Svendsen \u2013 en begivenhet som vekker internasjonal oppsikt.<\/p>\n<h4>Norges st\u00f8rste symfoniker<\/h4>\n<p>Etter \u00e5 ha sett den norske maleren Ole Peder Hansen Ballings maleri \u00abSlaget ved Hafrsfjord\u00bb ble Johan Svendsen (1840-1911) inspirert til \u00e5 komponere musikk til Bj\u00f8rnstjerne Bj\u00f8rnsons drama Sigurd Slembe. Verket avsluttes med en slagscene, og ved de f\u00f8rste fremf\u00f8relsene i Tyskland fremhevet samtlige anmeldere den virtuose orkesterbehandlingen og den eiendommelige harmoniske fargen som Svendsen hadde skapt. I 1872 blir Svendsen og hans j\u00f8diske kone Sally kjent med Cosima og Richard Wagner og under sterk p\u00e5virkning fra disse konverterer Sally til kristendommen \u2013 med Wagner som fadder. Denne d\u00e5pscenen henter Svendsen frem igjen n\u00e5r han bruker en gjendiktning av et maurisk sagn som grunnlag for sitt absolutt mest ber\u00f8mte symfoniske dikt Zorahayda. Her legger komponisten ved et detaljert program for historien \u2013 og han leverer tonemaleri og orkesterbehandling i verdensklasse.<\/p>\n<h4>Unorsk nordmann<\/h4>\n<p>Johan Selmer (1844-1910) var en oppr\u00f8rer og revolusjon\u00e6r, en annerledes, unorsk og eksotisk figur i norsk musikkliv. Inspirert av Berlioz ble karnevalsouverturer en egen musikalsk sjanger utover p\u00e5 1800-tallet, og Karnival i Flanderen skildrer denne spesielle karnevalsgalskapen. Selmer benytter de mest originale instrumentsammensetninger, som for eksempel en trio best\u00e5ende av piccolofl\u00f8yte, fagott og blikkspann&#8230; Det symfoniske diktet Prometheus er Selmers hovedverk og ble komponert under inntrykkene av Max Klingers billedsyklus med samme navn. Verket har mange i\u00f8refallende motiver, som gj\u00f8r det lett \u00e5 gjenkjenne personene i handlingen, i tillegg til naturstemninger og f\u00f8lelsesuttrykk.<\/p>\n<h4>V\u00e5rt fremste orkester utvider den levende norske symfonisk tradisjon<\/h4>\n<p>Det er en begivenhet \u00e5 presentere ukjent norsk symfonisk musikk. N\u00e5r Oslo Filharmoniske Orkester st\u00e5r som leverand\u00f8r \u2013 ja da blir det ekstra spennende. De senere \u00e5rene har man sett en vilje til \u00e5 utvide det allerede eksisterende repertoaret, og OFO gj\u00f8r her en kraftig innsats p\u00e5 vegne av s\u00e5 godt som uh\u00f8rt norsk musikk for orkester.<\/p>\n<p><\/p>","protected":false},"excerpt":{"rendered":"<p>Norske symfoniske dikt for f\u00f8rste gang p\u00e5 CD!<\/p>\n","protected":false},"featured_media":27611,"comment_status":"closed","ping_status":"open","template":"","meta":[],"product_brand":[],"product_cat":[180],"product_tag":[],"class_list":{"0":"post-435","1":"product","2":"type-product","3":"status-publish","4":"has-post-thumbnail","6":"product_cat-simax-classics","7":"product_shipping_class-cddvd-shipping","8":"uni_artist_tag-johan-selmer","9":"uni_artist_tag-johan-svendsen","10":"uni_artist_tag-michail-jurowski","11":"uni_artist_tag-oslo-philharmonic-orchestra","12":"uni_main_artist_tag-oslo-philharmonic-orchestra","13":"uni_artist_genre-norwegian","14":"uni_artist_genre-orchestral","15":"uni_artist_genre-world-premiere-recording","17":"first","18":"instock","19":"taxable","20":"shipping-taxable","21":"purchasable","22":"product-type-simple"},"_links":{"self":[{"href":"https:\/\/grappa.no\/no\/wp-json\/wp\/v2\/product\/435","targetHints":{"allow":["GET"]}}],"collection":[{"href":"https:\/\/grappa.no\/no\/wp-json\/wp\/v2\/product"}],"about":[{"href":"https:\/\/grappa.no\/no\/wp-json\/wp\/v2\/types\/product"}],"replies":[{"embeddable":true,"href":"https:\/\/grappa.no\/no\/wp-json\/wp\/v2\/comments?post=435"}],"wp:featuredmedia":[{"embeddable":true,"href":"https:\/\/grappa.no\/no\/wp-json\/wp\/v2\/media\/27611"}],"wp:attachment":[{"href":"https:\/\/grappa.no\/no\/wp-json\/wp\/v2\/media?parent=435"}],"wp:term":[{"taxonomy":"product_brand","embeddable":true,"href":"https:\/\/grappa.no\/no\/wp-json\/wp\/v2\/product_brand?post=435"},{"taxonomy":"product_cat","embeddable":true,"href":"https:\/\/grappa.no\/no\/wp-json\/wp\/v2\/product_cat?post=435"},{"taxonomy":"product_tag","embeddable":true,"href":"https:\/\/grappa.no\/no\/wp-json\/wp\/v2\/product_tag?post=435"}],"curies":[{"name":"wp","href":"https:\/\/api.w.org\/{rel}","templated":true}]}}