{"id":432,"date":"2003-01-20T00:00:00","date_gmt":"2003-01-19T23:00:00","guid":{"rendered":"http:\/\/www.grappa.no\/albums\/uncategorized\/hjalmar-borgstrom-thora-paa-rimol\/"},"modified":"2024-02-12T14:34:13","modified_gmt":"2024-02-12T13:34:13","slug":"hjalmar-borgstrom-thora-paa-rimol","status":"publish","type":"product","link":"https:\/\/grappa.no\/no\/albums\/simax-classics\/hjalmar-borgstrom-thora-paa-rimol\/","title":{"rendered":"Hjalmar Borgstr\u00f8m: Thora paa Rimol"},"content":{"rendered":"<p><\/p>\n<p>Stor norsk romantisk opera<\/p>\n<p>Hjalmar Borgstr\u00f8m (1864-1925) skrev b\u00e5de musikken og librettoen (tekst b\u00e5de p\u00e5 norsk og tysk) som danner dette blodige drama. Han setter den mektige (men av Haakon forsm\u00e5dde) Thora i sentrum av historien og omformer det hele til et kj\u00e6rlighetsdrama. Dermed er de fleste av ingrediensene som m\u00e5 til for \u00e5 skape en vaskekte opera tilstede: svik, hat, kj\u00e6rlighet og begj\u00e6r. I tillegg m\u00e5 selvf\u00f8lgelig gudene inn i bildet, og kampen mellom Haakon og Olav er ogs\u00e5 kampen mellom de hedenske guder og kristendommen.<\/p>\n<p>Det ypperste av norske solister har kommet sammen for \u00e5 realisere denne verdenspremieren. V\u00e5r internasjonale stjerne Randi Stene tolker Thora, en sv\u00e6rt krevende rollefigur som rommer en voldsom kraft og styrke, samtidig som hun er hjelpel\u00f8st s\u00e5rbar. Haakon jarl fremf\u00f8res av Trond Halstein Moe, flankert av svikefulle Kark i Oddbj\u00f8rn Tennfjords skikkelse. Den klarsynte og rettvise Olav levendegj\u00f8res av Harald Bj\u00f8rk\u00f8y.<\/p>\n<p><!--more--><\/p>\n<p>Thora paa Rimol er en dramatisk opera i to akter, basert p\u00e5 Olav Tryggvasons saga hos Snorre. Hendelsesforl\u00f8pet t\u00f8r v\u00e6re godt kjent; Haakon jarl og hans trell Kark er p\u00e5 flukt fra Olav Tryggvason. De to s\u00f8ker tilflukt hos Thora p\u00e5 Rimol, og i skjul der tar Kark livet av sin herre.<\/p>\n<h4><\/h4>\n<p>Hjalmar Borgstr\u00f8m (1864-1925) skrev b\u00e5de musikken og librettoen (tekst b\u00e5de p\u00e5 norsk og tysk) som danner dette blodige drama. Han setter den mektige (men av Haakon forsm\u00e5dde) Thora i sentrum av historien og omformer det hele til et kj\u00e6rlighetsdrama. Dermed er de fleste av ingrediensene som m\u00e5 til for \u00e5 skape en vaskekte opera tilstede: svik, hat, kj\u00e6rlighet og begj\u00e6r. I tillegg m\u00e5 selvf\u00f8lgelig gudene inn i bildet, og kampen mellom Haakon og Olav er ogs\u00e5 kampen mellom de hedenske guder og kristendommen. N\u00e5r spenningen er p\u00e5 sitt h\u00f8yeste gj\u00f8r da ogs\u00e5 selveste Odin en \u2019off stage appearance\u2019!<\/p>\n<h4><\/h4>\n<p>Men den viktigste delen av en opera er musikken, og her har Borgstr\u00f8m gjort et arbeid som virkelig ikke st\u00e5r tilbake for mye annet. At han h\u00f8rer til blant de fremste i Norge som dramatisk komponist er hevet over enhver tvil. Karakterene tegnes med sikker h\u00e5nd gjennom en bevisst bruk av orkesterets instrumenter og utformingen av de forskjellige sangpartiene. Skal man gj\u00f8re sammenligninger m\u00e5 selvf\u00f8lgelig Wagner nevnes, men ogs\u00e5 Puccini. Og mon tro om ikke Lloyd Webber hadde v\u00e6rt ganske s\u00e5 forn\u00f8yd med den vakre tersetten i slutten av f\u00f8rste akt?<\/p>\n<h4><\/h4>\n<p>Det ypperste av norske solister har kommet sammen for \u00e5 realisere denne verdenspremieren. V\u00e5r internasjonale stjerne Randi Stene tolker Thora, en sv\u00e6rt krevende rollefigur som rommer en voldsom kraft og styrke, samtidig som hun er hjelpel\u00f8st s\u00e5rbar. Haakon jarl fremf\u00f8res av Trond Halstein Moe, flankert av svikefulle Kark i Oddbj\u00f8rn Tennfjords skikkelse. Den klarsynte og rettvise Olav levendegj\u00f8res av Harald Bj\u00f8rk\u00f8y. <\/p>\n<p>F\u00f8rst 108 \u00e5r etter sin tilblivelse kommer denne musikken publikum for \u00f8ret for aller f\u00f8rste gang, b\u00e5de p\u00e5 scene og CD. Tr\u00f8nderOperaen og Melhus Kommune er drivkreftene bak scenisk produksjon og CD-produksjon.<\/p>\n<p><\/p>","protected":false},"excerpt":{"rendered":"<p>V\u00e5r internasjonale stjerne Randi Stene tolker Thora, en sv\u00e6rt krevende rollefigur som rommer en voldsom kraft og styrke, samtidig som hun er hjelpel\u00f8st s\u00e5rbar. Haakon jarl fremf\u00f8res av Trond Halstein Moe, flankert av svikefulle Kark i Oddbj\u00f8rn Tennfjords skikkelse. Den klarsynte og rettvise Olav levendegj\u00f8res av Harald Bj\u00f8rk\u00f8y.<\/p>\n","protected":false},"featured_media":27607,"comment_status":"closed","ping_status":"closed","template":"","meta":[],"product_brand":[],"product_cat":[180],"product_tag":[],"class_list":{"0":"post-432","1":"product","2":"type-product","3":"status-publish","4":"has-post-thumbnail","6":"product_cat-simax-classics","7":"product_shipping_class-cddvd-shipping","8":"uni_artist_tag-hjalmar-borgstrom","9":"uni_artist_tag-jorn-pedersen","10":"uni_artist_tag-randi-stene","11":"uni_artist_tag-terje-boye-hansen","12":"uni_artist_tag-trondheim-symphony-orchestra","13":"uni_main_artist_tag-trondheim-symphony-orchestra","14":"uni_artist_genre-norwegian","15":"uni_artist_genre-opera","16":"uni_artist_genre-world-premiere-recording","18":"first","19":"outofstock","20":"taxable","21":"shipping-taxable","22":"purchasable","23":"product-type-simple"},"_links":{"self":[{"href":"https:\/\/grappa.no\/no\/wp-json\/wp\/v2\/product\/432","targetHints":{"allow":["GET"]}}],"collection":[{"href":"https:\/\/grappa.no\/no\/wp-json\/wp\/v2\/product"}],"about":[{"href":"https:\/\/grappa.no\/no\/wp-json\/wp\/v2\/types\/product"}],"replies":[{"embeddable":true,"href":"https:\/\/grappa.no\/no\/wp-json\/wp\/v2\/comments?post=432"}],"wp:featuredmedia":[{"embeddable":true,"href":"https:\/\/grappa.no\/no\/wp-json\/wp\/v2\/media\/27607"}],"wp:attachment":[{"href":"https:\/\/grappa.no\/no\/wp-json\/wp\/v2\/media?parent=432"}],"wp:term":[{"taxonomy":"product_brand","embeddable":true,"href":"https:\/\/grappa.no\/no\/wp-json\/wp\/v2\/product_brand?post=432"},{"taxonomy":"product_cat","embeddable":true,"href":"https:\/\/grappa.no\/no\/wp-json\/wp\/v2\/product_cat?post=432"},{"taxonomy":"product_tag","embeddable":true,"href":"https:\/\/grappa.no\/no\/wp-json\/wp\/v2\/product_tag?post=432"}],"curies":[{"name":"wp","href":"https:\/\/api.w.org\/{rel}","templated":true}]}}