{"id":431,"date":"2004-10-11T00:00:00","date_gmt":"2004-10-10T23:00:00","guid":{"rendered":"http:\/\/www.grappa.no\/albums\/uncategorized\/jean-sibelius-songs\/"},"modified":"2019-02-22T15:56:20","modified_gmt":"2019-02-22T14:56:20","slug":"jean-sibelius-songs","status":"publish","type":"product","link":"https:\/\/grappa.no\/no\/albums\/simax-classics\/jean-sibelius-songs\/","title":{"rendered":"Jean Sibelius Songs"},"content":{"rendered":"<p><\/p>\n<p>Randi Stene gj\u00f8r Sibelius<\/p>\n<p>Randi Stene har hentet sanger fra hele Sibelius\u2019 produksjon til denne utgivelsen, fra de helt tidlige og frem til det siste komponisten skrev. Den store symfonikeren utarbeidet mange kompositoriske grep i sine sanger, og hos sine favoritt-lyrikere Runeberg og Wecksell fant Sibelius en tematikk som han utviklet videre i sin musikk. Denne kombinasjonen foredles av Stene og Gimse.<\/p>\n<p>N\u00e5r Randi Stene og H\u00e5vard Gimse tar for seg Sibelius, h\u00f8rer man hvordan det store potensialet som ligger i hans sanger faktisk forl\u00f8ses ved musikernes interpretasjon. Som symfoniene er Sibelius\u2019 sanger musikk som stiller de aller strengeste krav til ut\u00f8verens formforst\u00e5else. Rent teknisk fordres det absolutt alt \u2013 alle tenkelige fasetter av den menneskelige stemme h\u00f8rer med i disse sangene. Stenes utrolige evne til \u00e5 veksle mellom det helt hviskende svake og de kraftigste utbrudd \u2013 hele tiden med et gripende n\u00e6rv\u00e6r i klangen \u2013 er noe av det som gj\u00f8r musiseringen s\u00e5 enest\u00e5ende.<\/p>\n<p><!--more--><\/p>\n<p>Randi Stene har hentet sanger fra hele Sibelius\u2019 produksjon til denne utgivelsen, fra de helt tidlige og frem til det siste komponisten skrev. Den store symfonikeren utarbeidet mange kompositoriske grep i sine sanger, og hos sine favoritt-lyrikere Runeberg og Wecksell fant Sibelius en tematikk som han utviklet videre i sin musikk. Denne kombinasjonen foredles av Stene og Gimse.<\/p>\n<h4>Hele spennet hos Sibelius<\/h4>\n<p>N\u00e5r Randi Stene og H\u00e5vard Gimse tar for seg Sibelius, h\u00f8rer man hvordan det store potensialet som ligger i hans sanger faktisk forl\u00f8ses ved musikernes interpretasjon. Som symfoniene er Sibelius\u2019 sanger musikk som stiller de aller strengeste krav til ut\u00f8verens formforst\u00e5else. Rent teknisk fordres det absolutt alt \u2013 alle tenkelige fasetter av den menneskelige stemme h\u00f8rer med i disse sangene. Stenes utrolige evne til \u00e5 veksle mellom det helt hviskende svake og de kraftigste utbrudd \u2013 hele tiden med et gripende n\u00e6rv\u00e6r i klangen \u2013 er noe av det som gj\u00f8r musiseringen s\u00e5 enest\u00e5ende.<\/p>\n<h4>En sjelden kunstner<\/h4>\n<p>Men kanskje enda viktigere er den s\u00e5rbarheten Randi Stene t\u00f8r fremvise i sin kunst, et virkelig sjeldent trekk hos artister i dag, og noe som gir oss sider ved Sibelius som vi kanskje ikke har v\u00e6rt oppmerksomme p\u00e5 f\u00f8r. Selv sier hun: \u00abOpera gir meg lov til \u00e5 f\u00f8le stort \u2013 og har l\u00e6rt meg at store f\u00f8lelser ikke er farlige\u00bb. Er det denne erkjennelsen hun v\u00e5ger \u00e5 ta med seg inn i lieder-kunsten? Uansett gir Randi Stene og H\u00e5vard Gimse Sibelius-fortolkninger som du ikke kan unng\u00e5 \u00e5 bli grepet av.<\/p>\n<h4><\/h4>\n<\/p>\n<p><\/p>","protected":false},"excerpt":{"rendered":"<p>Randi Stene og H\u00e5vard Gimse gj\u00f8r Sibelius-fortolkninger som du ikke kan unng\u00e5 \u00e5 bli grepet av.<\/p>\n","protected":false},"featured_media":27625,"comment_status":"closed","ping_status":"open","template":"","meta":[],"product_brand":[],"product_cat":[180],"product_tag":[],"class_list":{"0":"post-431","1":"product","2":"type-product","3":"status-publish","4":"has-post-thumbnail","6":"product_cat-simax-classics","7":"product_shipping_class-cddvd-shipping","8":"uni_artist_tag-havard-gimse","9":"uni_artist_tag-jean-sibelius","10":"uni_artist_tag-randi-stene","11":"uni_artist_tag-tony-harrison","12":"uni_main_artist_tag-randi-stene","13":"uni_artist_genre-lieder","14":"uni_artist_genre-scandinavian","16":"first","17":"instock","18":"taxable","19":"shipping-taxable","20":"purchasable","21":"product-type-simple"},"_links":{"self":[{"href":"https:\/\/grappa.no\/no\/wp-json\/wp\/v2\/product\/431","targetHints":{"allow":["GET"]}}],"collection":[{"href":"https:\/\/grappa.no\/no\/wp-json\/wp\/v2\/product"}],"about":[{"href":"https:\/\/grappa.no\/no\/wp-json\/wp\/v2\/types\/product"}],"replies":[{"embeddable":true,"href":"https:\/\/grappa.no\/no\/wp-json\/wp\/v2\/comments?post=431"}],"wp:featuredmedia":[{"embeddable":true,"href":"https:\/\/grappa.no\/no\/wp-json\/wp\/v2\/media\/27625"}],"wp:attachment":[{"href":"https:\/\/grappa.no\/no\/wp-json\/wp\/v2\/media?parent=431"}],"wp:term":[{"taxonomy":"product_brand","embeddable":true,"href":"https:\/\/grappa.no\/no\/wp-json\/wp\/v2\/product_brand?post=431"},{"taxonomy":"product_cat","embeddable":true,"href":"https:\/\/grappa.no\/no\/wp-json\/wp\/v2\/product_cat?post=431"},{"taxonomy":"product_tag","embeddable":true,"href":"https:\/\/grappa.no\/no\/wp-json\/wp\/v2\/product_tag?post=431"}],"curies":[{"name":"wp","href":"https:\/\/api.w.org\/{rel}","templated":true}]}}