{"id":430,"date":"2003-09-22T00:00:00","date_gmt":"2003-09-21T23:00:00","guid":{"rendered":"http:\/\/www.grappa.no\/albums\/uncategorized\/knut-nystedt-apocalypsis-joannis\/"},"modified":"2019-02-22T15:56:17","modified_gmt":"2019-02-22T14:56:17","slug":"knut-nystedt-apocalypsis-joannis","status":"publish","type":"product","link":"https:\/\/grappa.no\/no\/albums\/simax-classics\/knut-nystedt-apocalypsis-joannis\/","title":{"rendered":"Knut Nystedt: Apocalypsis Joannis"},"content":{"rendered":"<p><\/p>\n<p>Helaftens verk for solister, kor og orkester av Nystedt<\/p>\n<p>Sentral b\u00e5de som komponist og dirigent gjennom hele det forrige \u00e5rhundre; intet mindre enn en institusjon i seg selv. Til sin 85-\u00e5rs dag i 2000 fikk Knut Nystedt (1915-2014) en bestilling fra Oslo-filharmonien for den virkelig store symfoniske besetning: sangsolister, stort kor og orkester. Resultatet var Apocalypis Joannis, et helaftens verk inspirert av tekstene i Johannes \u00c5penbaring. Opptaket er fra selve urfremf\u00f8ringen i Trefoldighetskirken i Oslo (august 2000), med den meget anerkjente engelske tenoren James Gilchrist og v\u00e5r egen Mona Julsrud som solister. Atmosf\u00e6ren under premieren var elektrisk, og Nystedt beviser her at skaperkraften er like sterk som noen sinne. Oslo Filharmoniske Kor og Orkester under ledelse av Arild Remmereit har h\u00f8rbar glede av \u00e5 spille verket, og st\u00f8rre \u00e6re kan man knapt vise en komponist.<\/p>\n<p><!--more--><\/p>\n<p>Sentral b\u00e5de som komponist og dirigent gjennom hele det forrige \u00e5rhundre; intet mindre enn en institusjon i seg selv. Til sin 85-\u00e5rs dag i 2000 fikk Knut Nystedt (1915-2014) en bestilling fra Oslo-filharmonien for den virkelig store symfoniske besetning: sangsolister, stort kor og orkester. Resultatet var Apocalypis Joannis, et helaftens verk inspirert av tekstene i Johannes \u00c5penbaring.<\/p>\n<h4>Verket er delt inn i 4 hoveddeler:<\/h4>\n<p>F\u00f8rste sats er skrevet over kapittel 22, vers 13: \u00abJeg er Alpha og Omega, den f\u00f8rste og den siste, begynnelsen og enden.\u00bb<br \/>\nAndre sats er fra kapittel 11, vers 19: \u00abOg Guds tempel i himmelen ble \u00e5pnet&#8230;\u00bb.<br \/>\nTredje sats er inspirert av et utsnitt av martyr Ignatius i et brev om Kristus fra \u00e5r 107: \u00abHan er Ordet som utgikk fra stillheten!\u00bb<br \/>\nSiste sats \u00e5pner med ordene: \u00abOg den 7. engel bl\u00e5ste, og det hevet seg sv\u00e6re r\u00f8ster i himmelen: Verdenskonged\u00f8mme er tilfalt v\u00e5r Herre og hans salvede, og han skal r\u00e5de i tid og evighet.\u00bb<\/p>\n<h4><\/h4>\n<p><h4><\/h4>\n<\/p>\n<p><\/p>","protected":false},"excerpt":{"rendered":"<p>Knut Nystedt: Sentral b\u00e5de som komponist og dirigent gjennom hele det forrige \u00e5rhundre; intet mindre enn en institusjon i seg selv.<\/p>\n","protected":false},"featured_media":27627,"comment_status":"closed","ping_status":"open","template":"","meta":[],"product_brand":[],"product_cat":[180],"product_tag":[],"class_list":{"0":"post-430","1":"product","2":"type-product","3":"status-publish","4":"has-post-thumbnail","6":"product_cat-simax-classics","7":"product_shipping_class-cddvd-shipping","8":"uni_artist_tag-arild-remmereit","9":"uni_artist_tag-knut-nystedt","10":"uni_artist_tag-mona-julsrud","11":"uni_artist_tag-oslo-philharmonic-choir","12":"uni_artist_tag-oslo-philharmonic-orchestra","13":"uni_main_artist_tag-oslo-philharmonic-orchestra","14":"uni_artist_genre-choir","15":"uni_artist_genre-orchestral","16":"uni_artist_genre-song-with-orchestra","18":"first","19":"instock","20":"taxable","21":"shipping-taxable","22":"purchasable","23":"product-type-simple"},"_links":{"self":[{"href":"https:\/\/grappa.no\/no\/wp-json\/wp\/v2\/product\/430","targetHints":{"allow":["GET"]}}],"collection":[{"href":"https:\/\/grappa.no\/no\/wp-json\/wp\/v2\/product"}],"about":[{"href":"https:\/\/grappa.no\/no\/wp-json\/wp\/v2\/types\/product"}],"replies":[{"embeddable":true,"href":"https:\/\/grappa.no\/no\/wp-json\/wp\/v2\/comments?post=430"}],"wp:featuredmedia":[{"embeddable":true,"href":"https:\/\/grappa.no\/no\/wp-json\/wp\/v2\/media\/27627"}],"wp:attachment":[{"href":"https:\/\/grappa.no\/no\/wp-json\/wp\/v2\/media?parent=430"}],"wp:term":[{"taxonomy":"product_brand","embeddable":true,"href":"https:\/\/grappa.no\/no\/wp-json\/wp\/v2\/product_brand?post=430"},{"taxonomy":"product_cat","embeddable":true,"href":"https:\/\/grappa.no\/no\/wp-json\/wp\/v2\/product_cat?post=430"},{"taxonomy":"product_tag","embeddable":true,"href":"https:\/\/grappa.no\/no\/wp-json\/wp\/v2\/product_tag?post=430"}],"curies":[{"name":"wp","href":"https:\/\/api.w.org\/{rel}","templated":true}]}}