{"id":429,"date":"2009-01-19T00:00:00","date_gmt":"2009-01-18T23:00:00","guid":{"rendered":"http:\/\/www.grappa.no\/albums\/uncategorized\/tchaikovsky-%c2%b7-smetana-%c2%b7-grieg\/"},"modified":"2019-02-22T15:56:10","modified_gmt":"2019-02-22T14:56:10","slug":"tchaikovsky-%c2%b7-smetana-%c2%b7-grieg","status":"publish","type":"product","link":"https:\/\/grappa.no\/no\/albums\/simax-classics\/tchaikovsky-%c2%b7-smetana-%c2%b7-grieg\/","title":{"rendered":"Tchaikovsky \u00b7 Smetana \u00b7 Grieg"},"content":{"rendered":"<p><\/p>\n<p>Grieg Trio med romantiske mesterverk<\/p>\n<p>I starten av sitt 21. \u00e5r som ensemble befester Grieg Trio sin posisjon med denne doble SACD-utgivelsen. Vebj\u00f8rn Anvik (klaver), S\u00f8lve Sigerland (fiolin) og Ellen Margrete Flesj\u00f8 (cello) musiserer presist men samtidig uendelig fritt og utvungent \u2013 med genuin forst\u00e5else for musikken. Innspillingen er gjort i den praktfulle akustikken i \u00d8stsiden kirke i Fredrikstad, og surround-lyden er mikset i Abbey Road Studios i London.<\/p>\n<p>Det er romantiske storverk som st\u00e5r p\u00e5 programmet denne gangen; selvf\u00f8lgelig med Tchaikovskys episke trio op. 50 som midtpunkt. Grieg Trio har mottatt Kritikerprisen for sin fremf\u00f8ring av dette verket. Smetanas tidlige trio er en mer ukjent perle, melodi\u00f8s og f\u00f8lelsesladet. Sist men ikke minst gj\u00f8r Grieg Trio endelig en innspilling av Griegs eneste trio: Andante con moto.<\/p>\n<p><!--more--><\/p>\n<p>Siden platedebuten i 1991 har Grieg Trio etablert seg i verdenstoppen med en lang rekke kritikerroste utgivelser. N\u00e5 er trioen klar med en dobbel SACD med de store romantiske mesterverkene til Tchaikovsky og Smetana. Og endelig kommer faktisk Griegs trio!<\/p>\n<h4>Griegs trio<\/h4>\n<p>Edvard Griegs eneste bidrag til klavertrio-litteraturen forble upublisert i hans levetid. Andante con moto i C-moll ble med stor sannsynlighet komponert for \u00e5 v\u00e6re den langsomme satsen i en flersatsig klavertrio. Omstendighetene gjorde at verket ikke ble utviklet videre, men ogs\u00e5 som et enkeltst\u00e5ende verk holder musikken en kvalitet p\u00e5 h\u00f8yde med Griegs \u00f8vrige kammermusikk. <\/p>\n<p>Bed\u0159ich Smetana markerte seg sammen med Anton\u00edn Dvo\u0159\u00e1k som fremst av de Tsjekkiske nasjonalkomponistene, inspirert av Pragrevolusjonen og voksende patriotisme. Klavertrioen fra 1855 er Smetanas f\u00f8rste store kammermusikalske verk \u2013 skrevet til minne om datteren \u2018Frizi\u2019 som samme \u00e5r d\u00f8de i skarlagensfeber. Verket er spontant og rapsodisk i karakter, den dypt personlige musikken har blitt sammenlignet med dagboken til en plaget sjel.<\/p>\n<h4>Den st\u00f8rste romantiske klavertrioen<\/h4>\n<p>Tchaikovskys trio Op. 50 st\u00e5r i en s\u00e6rstilling. Det var bortgangen til pianisten og pedagogen Nicolai Rubinstein som var katalysatoren for verket; \u00aben ny form for musikk som jeg aldri har skrevet f\u00f8r\u00bb i f\u00f8lge komponisten. Op. 50 er et h\u00f8ydepunkt i den romantiske litteraturen, b\u00e5de i ren musikalsk forstand og ved det faktum at det i sin helhet varer i over 46 minutter. Det var for fremf\u00f8ringen av Tchaikovskys episke klavertrio Grieg Trio mottok Kritikerprisen i -93\/94.<\/p>\n<h4>Grieg Trio<\/h4>\n<p>Grieg Trio gj\u00f8r konserter i de store musikkmetropolene i verden inklusive  Chatelet, Concertgebouw, Schauspielhaus, Salle Verdi and Weill Hall, Carnegie Hall og Lincoln Center. 23. februar spiller de igjen i Wigmore Hall, London. Grieg Trio er kunstneriske ledere for Stavanger Internasjonale kammermusikkfestival, som i \u00e5r starter 10. august.<\/p>\n<p><\/p>","protected":false},"excerpt":{"rendered":"<p>\u2026selvf\u00f8lgelig med Tchaikovskys episke trio op. 50 som midtpunkt. Grieg Trio har mottatt Kritikerprisen for sin fremf\u00f8ring av dette verket.<\/p>\n","protected":false},"featured_media":27677,"comment_status":"closed","ping_status":"open","template":"","meta":[],"product_brand":[],"product_cat":[180],"product_tag":[],"class_list":{"0":"post-429","1":"product","2":"type-product","3":"status-publish","4":"has-post-thumbnail","6":"product_cat-simax-classics","7":"product_shipping_class-cddvd-shipping","8":"uni_artist_tag-bedrich-smetana","9":"uni_artist_tag-edvard-grieg","10":"uni_artist_tag-grieg-trio","11":"uni_artist_tag-krzysztof-drab","12":"uni_artist_tag-peter-tchaikovsky","13":"uni_main_artist_tag-grieg-trio","14":"uni_artist_genre-chamber-music","15":"uni_artist_genre-strings","17":"first","18":"instock","19":"taxable","20":"shipping-taxable","21":"purchasable","22":"product-type-simple"},"_links":{"self":[{"href":"https:\/\/grappa.no\/no\/wp-json\/wp\/v2\/product\/429","targetHints":{"allow":["GET"]}}],"collection":[{"href":"https:\/\/grappa.no\/no\/wp-json\/wp\/v2\/product"}],"about":[{"href":"https:\/\/grappa.no\/no\/wp-json\/wp\/v2\/types\/product"}],"replies":[{"embeddable":true,"href":"https:\/\/grappa.no\/no\/wp-json\/wp\/v2\/comments?post=429"}],"wp:featuredmedia":[{"embeddable":true,"href":"https:\/\/grappa.no\/no\/wp-json\/wp\/v2\/media\/27677"}],"wp:attachment":[{"href":"https:\/\/grappa.no\/no\/wp-json\/wp\/v2\/media?parent=429"}],"wp:term":[{"taxonomy":"product_brand","embeddable":true,"href":"https:\/\/grappa.no\/no\/wp-json\/wp\/v2\/product_brand?post=429"},{"taxonomy":"product_cat","embeddable":true,"href":"https:\/\/grappa.no\/no\/wp-json\/wp\/v2\/product_cat?post=429"},{"taxonomy":"product_tag","embeddable":true,"href":"https:\/\/grappa.no\/no\/wp-json\/wp\/v2\/product_tag?post=429"}],"curies":[{"name":"wp","href":"https:\/\/api.w.org\/{rel}","templated":true}]}}