{"id":428,"date":"2008-03-10T00:00:00","date_gmt":"2008-03-09T23:00:00","guid":{"rendered":"http:\/\/www.grappa.no\/albums\/uncategorized\/virgin-whore-bach-piazzolla-on-bandoneon\/"},"modified":"2019-02-22T15:56:05","modified_gmt":"2019-02-22T14:56:05","slug":"virgin-whore-bach-piazzolla-on-bandoneon","status":"publish","type":"product","link":"https:\/\/grappa.no\/no\/albums\/simax-classics\/virgin-whore-bach-piazzolla-on-bandoneon\/","title":{"rendered":"Virgin &amp; Whore \u2013 Bach &amp; Piazzolla on bandoneon"},"content":{"rendered":"<p><\/p>\n<p>En sjokkerende reise fra kirkene i Tyskland til horehusene i Argentina. Legenden om bandoneonet favner b\u00e5de J.S. Bach og Astor Piazzolla. Den uforlignelige Per Arne Glorvigen mestrer begge deler \u2013 og tangofraserer over Bach for egen regning<\/p>\n<p>Kanskje p\u00e5 grunn av den orgellignende klangen i instrumentet mente noen at man kunne bruke bandoneonet som et portabelt orgel i sm\u00e5 orgel-l\u00f8se kapeller. Instrumentet ble imidlertid utviklet slik at det ble vanskeligere og vanskeligere \u00e5 spille p\u00e5 \u2013 noen kaller det den \u2018eneste ulogiske tyske oppfinnelse\u2019\u2013 kort sagt ble det snart fire ganger s\u00e5 vanskelig \u00e5 spille som et akkordion. \u00c5 spille Bach p\u00e5 bandoneon d\u00f8de raskt ut \u2013 hvis instrumentet i det hele tatt skulle overleve m\u00e5tte det v\u00e6re med en ny musikk. Tangoen vokste etterhvert i aktelse og kom seg inn i dansesalongene og barene i Buenos Aires. Til dette milj\u00f8et returnerte den 17 \u00e5r gamle Astor Piazzolla fra New York. Influert av jazzmusikk begynte han \u00e5 spille bandoneon i nattklubber, og utviklet tangoen videre i form og innhold.<\/p>\n<p>Per Arne Glorvigen (1963) er bosatt i Paris og har etablert seg blant verdens fremste bandoneon-solister, med en lang rekke konserter og plateutgivelser med Gidon Kremer og senere ogs\u00e5 med Alban Berg kvartetten.<\/p>\n<p>Fabelaktig samarbeid [Dagbladet 17.03.2008]<\/p>\n<p>Norwegian Wizard of the Buttons &#8230;The performances precision was breathtaking. With a glance and a nod Glorvigen locked his partners (The Alban Berg Quartet) to the dancefloor, up and down those sad, lurching tango phrases that never want to end. [The Times 20.05.2003]<\/p>\n<p><!--more--><\/p>\n<p>En sjokkerende reise fra kirkene i Tyskland til horehusene i Argentina. Legenden om bandoneonet favner b\u00e5de J.S. Bach og Astor Piazzolla. Den uforlignelige Per Arne Glorvigen mestrer begge deler \u2013 og tangofraserer over Bach for egen regning.<\/p>\n<h4>Kirker i Tyskland<\/h4>\n<p>Kanskje p\u00e5 grunn av den orgellignende klangen i instrumentet mente noen at man kunne bruke bandoneonet som et portabelt orgel i sm\u00e5 orgel-l\u00f8se kapeller. Instrumentet ble imidlertid utviklet slik at det ble vanskeligere og vanskeligere \u00e5 spille p\u00e5 \u2013 noen kaller det den \u2018eneste ulogiske tyske oppfinnelse\u2019\u2013 kort sagt ble det snart fire ganger s\u00e5 vanskelig \u00e5 spille som et akkordion. \u00c5 spille Bach p\u00e5 bandoneon d\u00f8de raskt ut \u2013 hvis instrumentet i det hele tatt skulle overleve m\u00e5tte det v\u00e6re med en ny musikk<\/p>\n<h4>Den nye verden \u2013 den nye musikken<\/h4>\n<p>Harde tider i Europa gjorde at mange emigrerte, og bandoneonet ble med de tyske sj\u00f8folkene til Rio de la Plata rundt 1880. Med sitt melankolske uttrykk etablerte bandoneonet seg som det sentrale instrumentet i den nye musikkformen som vokste frem: Tango.<\/p>\n<h4>Tango, bordeller og bandoneon<\/h4>\n<p>En enorm overvekt av menn i de Europeiske milj\u00f8ene i Syd-Amerika ved \u00e5rhundreskiftet gjorde prostitusjon til en meget lukrativ geskjeft, og det var i bordellene i Buenos Aires at bandoneonet omsider fant sitt hjem. Tangoen vokste etterhvert i aktelse og kom seg inn i dansesalongene og barene i Buenos Aires. Til dette milj\u00f8et returnerte den 17 \u00e5r gamle Astor Piazzolla fra New York. Influert av jazzmusikk begynte han \u00e5 spille bandoneon i nattklubber, og utviklet tangoen videre i form og innhold. Piazzolla studerte senere komposisjon i Paris med Nadia Boulanger, men hadde J.S Bach som en av sine viktigste musikalske referanser.<\/p>\n<p><\/p>","protected":false},"excerpt":{"rendered":"<p>En sjokkerende reise fra kirkene i Tyskland til horehusene i Argentina. Legenden om bandoneonet favner b\u00e5de J.S. Bach og Astor Piazzolla.<\/p>\n","protected":false},"featured_media":27672,"comment_status":"closed","ping_status":"open","template":"","meta":[],"product_brand":[],"product_cat":[180],"product_tag":[],"class_list":{"0":"post-428","1":"product","2":"type-product","3":"status-publish","4":"has-post-thumbnail","6":"product_cat-simax-classics","7":"product_shipping_class-cddvd-shipping","8":"uni_artist_tag-arnulf-ballhorn","9":"uni_artist_tag-astor-piazzolla","10":"uni_artist_tag-johann-sebastian-bach","11":"uni_artist_tag-per-arne-glorvigen","12":"uni_artist_tag-rolf-gupta","13":"uni_artist_tag-sveinung-lillebjerka","14":"uni_artist_tag-sverre-indris-joner","15":"uni_main_artist_tag-per-arne-glorvigen","16":"uni_artist_genre-classical","17":"uni_artist_genre-folk-music","18":"uni_artist_genre-jazz","20":"first","21":"instock","22":"taxable","23":"shipping-taxable","24":"purchasable","25":"product-type-simple"},"_links":{"self":[{"href":"https:\/\/grappa.no\/no\/wp-json\/wp\/v2\/product\/428","targetHints":{"allow":["GET"]}}],"collection":[{"href":"https:\/\/grappa.no\/no\/wp-json\/wp\/v2\/product"}],"about":[{"href":"https:\/\/grappa.no\/no\/wp-json\/wp\/v2\/types\/product"}],"replies":[{"embeddable":true,"href":"https:\/\/grappa.no\/no\/wp-json\/wp\/v2\/comments?post=428"}],"wp:featuredmedia":[{"embeddable":true,"href":"https:\/\/grappa.no\/no\/wp-json\/wp\/v2\/media\/27672"}],"wp:attachment":[{"href":"https:\/\/grappa.no\/no\/wp-json\/wp\/v2\/media?parent=428"}],"wp:term":[{"taxonomy":"product_brand","embeddable":true,"href":"https:\/\/grappa.no\/no\/wp-json\/wp\/v2\/product_brand?post=428"},{"taxonomy":"product_cat","embeddable":true,"href":"https:\/\/grappa.no\/no\/wp-json\/wp\/v2\/product_cat?post=428"},{"taxonomy":"product_tag","embeddable":true,"href":"https:\/\/grappa.no\/no\/wp-json\/wp\/v2\/product_tag?post=428"}],"curies":[{"name":"wp","href":"https:\/\/api.w.org\/{rel}","templated":true}]}}